{"id":3401,"date":"2024-06-24T17:30:27","date_gmt":"2024-06-24T17:30:27","guid":{"rendered":"https:\/\/ifsd.ca\/?page_id=3401"},"modified":"2024-09-25T20:22:51","modified_gmt":"2024-09-25T20:22:51","slug":"services","status":"publish","type":"page","link":"https:\/\/ifsd.ca\/fr\/services\/","title":{"rendered":"Services"},"content":{"rendered":"\n<div class=\"wp-block-cover alignfull ifsd-background is-style-ifsd-background has-ifsd-blue-color has-text-color has-link-color wp-elements-3eac6c7ce645f1b5fef0700e21dd78ec\" style=\"min-height:100vh;aspect-ratio:unset;\"><span aria-hidden=\"true\" class=\"wp-block-cover__background has-transparent-background-color has-background-dim-100 has-background-dim\"><\/span><div class=\"wp-block-cover__inner-container has-global-padding is-layout-constrained wp-block-cover-is-layout-constrained\">\n<h2 class=\"wp-block-heading has-text-align-center ifsd-fit-text is-style-ifsd-stretch-heading\">l\u2019Institut des finances publiques et de la d\u00e9mocratie<\/h2>\n<\/div><\/div>\n\n\n\n<div class=\"wp-block-group alignfull has-global-padding is-layout-constrained wp-block-group-is-layout-constrained\">\n<div style=\"height:100px\" aria-hidden=\"true\" class=\"wp-block-spacer\"><\/div>\n\n\n\n<div style=\"height:10px\" aria-hidden=\"true\" id=\"recherche-conseil-et-analyse\" class=\"wp-block-spacer\"><\/div>\n\n\n\n<div style=\"height:90px\" aria-hidden=\"true\" class=\"wp-block-spacer\"><\/div>\n\n\n\n<div class=\"wp-block-columns is-layout-flex wp-container-core-columns-is-layout-595a5fd5 wp-block-columns-is-layout-flex\">\n<div class=\"wp-block-column is-style-ifsd-center-mobile-stack is-layout-flow wp-container-core-column-is-layout-8a368f38 wp-block-column-is-layout-flow\">\n<div class=\"wp-block-cover has-custom-content-position is-position-bottom-right is-style-ifsd-max-height-viewport\" style=\"min-height:100%;aspect-ratio:unset;\"><span aria-hidden=\"true\" class=\"wp-block-cover__background has-black-background-color has-background-dim-20 has-background-dim\"><\/span><img loading=\"lazy\" decoding=\"async\" width=\"1709\" height=\"2560\" class=\"wp-block-cover__image-background wp-image-3234\" alt=\"\" src=\"https:\/\/ifsd.ca\/wp-content\/uploads\/2024\/08\/pexels-leeloothefirst-7887821-scaled.jpg\" data-object-fit=\"cover\" srcset=\"https:\/\/ifsd.ca\/wp-content\/uploads\/2024\/08\/pexels-leeloothefirst-7887821-scaled.jpg 1709w, https:\/\/ifsd.ca\/wp-content\/uploads\/2024\/08\/pexels-leeloothefirst-7887821-200x300.jpg 200w, https:\/\/ifsd.ca\/wp-content\/uploads\/2024\/08\/pexels-leeloothefirst-7887821-684x1024.jpg 684w, https:\/\/ifsd.ca\/wp-content\/uploads\/2024\/08\/pexels-leeloothefirst-7887821-768x1150.jpg 768w, https:\/\/ifsd.ca\/wp-content\/uploads\/2024\/08\/pexels-leeloothefirst-7887821-1025x1536.jpg 1025w, https:\/\/ifsd.ca\/wp-content\/uploads\/2024\/08\/pexels-leeloothefirst-7887821-1367x2048.jpg 1367w\" sizes=\"auto, (max-width: 1709px) 100vw, 1709px\" \/><div class=\"wp-block-cover__inner-container has-global-padding is-layout-constrained wp-block-cover-is-layout-constrained\">\n<h2 class=\"wp-block-heading has-text-align-right is-style-ifsd-cover-heading has-xxx-large-font-size\"><em>Recherche-conseil<\/em><br><em> et analyse<\/em><\/h2>\n<\/div><\/div>\n<\/div>\n\n\n\n<div class=\"wp-block-column is-layout-flow wp-block-column-is-layout-flow\">\n<p class=\"has-x-large-font-size\" style=\"font-style:normal;font-weight:300\">Les services-conseils de l\u2019IFPD mettent \u00e0 profit la recherche pour favoriser la prise de d\u00e9cisions dans le monde r\u00e9el. L\u2019IFPD applique des recherches rigoureuses pour concevoir des solutions sous forme de politiques et de programmes, pour concevoir et \u00e9valuer des organisations, pour \u00e9tablir des institutions et pour r\u00e9pondre \u00e0 diverses questions de recherche.<\/p>\n\n\n\n<p class=\"has-x-large-font-size\" style=\"font-style:normal;font-weight:300\">Pour servir sa client\u00e8le, l\u2019IFPD \u00e9labore des ensembles de donn\u00e9es, m\u00e8ne des analyses de co\u00fbts et des analyses \u00e9conomiques et budg\u00e9taires et se fonde sur sa profonde compr\u00e9hension de la fa\u00e7on dont les gouvernements prennent des d\u00e9cisions, allouent des fonds et rendent compte des r\u00e9sultats.<\/p>\n\n\n\n<p class=\"has-x-large-font-size\" style=\"font-style:normal;font-weight:300\">Prenez contact avec nous pour discuter de vos besoins de recherche et d\u2019analyse.<\/p>\n\n\n\n<div style=\"height:100px\" aria-hidden=\"true\" class=\"wp-block-spacer\"><\/div>\n\n\n<div id=\"ifsd-learn-more-button-link-block_f5ad96f0c0ce783c99919719f1c52220\" class=\"ifsd-learn-more-button\">\n\t<a class=\"ifsd-learn-more-button__link\" href=\"https:\/\/ifsd.ca\/fr\/contactez-nous\/#coordonn\u00e9es\" target=\"_self\">\n\t\t<span id=\"ifsd-learn-more-button-link-text-block_f5ad96f0c0ce783c99919719f1c52220\" class=\"ifsd-learn-more-button-link-text\">\n\t\t\tContactez-nous\t\t<\/span>\n\t\t<span id=\"ifsd-learn-more-button-link-marker-block_f5ad96f0c0ce783c99919719f1c52220\" class=\"ifsd-learn-more-button-link-marker\">\n\t\t\t<svg class=\"ifsd-learn-more-button-link-marker-svg\" xmlns=\"http:\/\/www.w3.org\/2000\/svg\" xml:space=\"preserve\" viewBox=\"0 0 24 24\">\n\t\t\t\t<path class=\"ifsd-learn-more-button-link-marker-svg-bullet\" fill=\"currentColor\" d=\"M12 1a11 11 0 0 1 11 11 11 11 0 0 1-11 11A11 11 0 0 1 1 12 11 11 0 0 1 12 1zM9.7 18.7l6.7-6.7-6.7-6.7-1.4 1.4 5.3 5.3-5.3 5.3 1.4 1.4z\"\/>\n\t\t\t\t<path class=\"ifsd-learn-more-button-link-marker-svg-arrow\" stroke=\"none\" stroke-width=\"2\" d=\"m9 18 6-6-6-6\"\/>\n\t\t\t<\/svg>\n\t\t<\/span>\n\t<\/a>\n<\/div>\n<\/div>\n<\/div>\n\n\n\n<div style=\"height:90px\" aria-hidden=\"true\" class=\"wp-block-spacer\"><\/div>\n\n\n\n<div class=\"wp-block-group alignfull has-bg-grey-background-color has-background has-global-padding is-layout-constrained wp-block-group-is-layout-constrained\">\n<div style=\"height:100px\" aria-hidden=\"true\" class=\"wp-block-spacer\"><\/div>\n\n\n\n<div style=\"height:10px\" aria-hidden=\"true\" id=\"\u00e9tudes-de-cas\" class=\"wp-block-spacer\"><\/div>\n\n\n\n<div style=\"height:40px\" aria-hidden=\"true\" class=\"wp-block-spacer\"><\/div>\n\n\n<input id=\"ifsd-case-studies-e317ca12d965853c224002e639b31a43\" class=\"ifsd-case-studies-toggle spatially-hidden\" type=\"checkbox\" value=\"1\" checked disabled>\n<div id=\"ifsd-case-studies-e317ca12d965853c224002e639b31a43\" class=\"ifsd-case-studies\">\n<div class=\"wp-block-columns ifsd-case-studies-columns is-layout-flex wp-block-columns-is-layout-flex\">\n<div class=\"wp-block-column is-vertically-aligned-center is-layout-flow wp-block-column-is-layout-flow\" style=\"flex-basis:40%\">\n<h2 class=\"wp-block-heading is-style-ifsd-section-heading\">\u00c9tudes de cas&nbsp;: nos services en concret<\/h2>\n<\/div>\n<div class=\"wp-block-column is-layout-flow wp-block-column-is-layout-flow\" style=\"flex-basis:60%\"><\/div>\n<\/div>\n\t\t\n<div class=\"wp-block-columns ifsd-case-studies-columns is-style-ifsd-reverse-mobile-stack is-layout-flex wp-block-columns-is-layout-flex\">\n<div class=\"wp-block-column is-vertically-aligned-center is-layout-flow wp-block-column-is-layout-flow\" style=\"flex-basis:40%\">\n<div style=\"height:20px\" aria-hidden=\"true\" class=\"wp-block-spacer\"><\/div>\n<\/div>\n<div class=\"wp-block-column ifsd-top-case-study-column is-layout-flow wp-block-column-is-layout-flow\" style=\"flex-basis:60%\">\n\t\t\t<div id=\"case-study-3405-item\" class=\"ifsd-case-study\">\n\t<a href=\"https:\/\/ifsd.ca\/fr\/case-study\/services-a-lenfance-et-a-la-famille-des-premieres-nations-sefpn\/#popopen-side\" class=\"ifsd-case-study-link\" aria-labelledby=\"case-study-title-3405\">\n\t\t<span aria-hidden=\"true\" class=\"case-study-background-dim\"><\/span>\n\t\t<div id=\"case-study-3405\" class=\"post-3405 case-study type-case-study status-publish has-post-thumbnail hentry\">\n\t\t\t<img loading=\"lazy\" decoding=\"async\" width=\"1024\" height=\"683\" src=\"https:\/\/ifsd.ca\/wp-content\/uploads\/2024\/06\/shutterstock_1454533961-1024x683.jpg\" class=\"attachment-large size-large wp-post-image\" alt=\"\" style=\"--thumbnail-focal-point-x: 50%; --thumbnail-focal-point-y: 50%;\" srcset=\"https:\/\/ifsd.ca\/wp-content\/uploads\/2024\/06\/shutterstock_1454533961-1024x683.jpg 1024w, https:\/\/ifsd.ca\/wp-content\/uploads\/2024\/06\/shutterstock_1454533961-300x200.jpg 300w, https:\/\/ifsd.ca\/wp-content\/uploads\/2024\/06\/shutterstock_1454533961-768x512.jpg 768w, https:\/\/ifsd.ca\/wp-content\/uploads\/2024\/06\/shutterstock_1454533961-1536x1024.jpg 1536w, https:\/\/ifsd.ca\/wp-content\/uploads\/2024\/06\/shutterstock_1454533961-2048x1365.jpg 2048w\" sizes=\"auto, (max-width: 1024px) 100vw, 1024px\" \/>\t\t\t<h3 id=\"case-study-title-3405\" class=\"entry-title case-study-title ifsd-uppercase-text\"><span>Services \u00e0 l\u2019enfance et \u00e0 la famille des Premi\u00e8res Nations (SEFPN)<\/span><\/h3>\n\t\t<\/div>\n\t<\/a>\n<\/div>\n\t\t\t<\/div>\n<\/div>\n<div class=\"ifsd-more-case-studies-wrapper\">\n<div class=\"ifsd-more-case-studies\">\n\t\t\t<div id=\"case-study-3404-item\" class=\"ifsd-case-study\">\n\t<a href=\"https:\/\/ifsd.ca\/fr\/case-study\/etablissement-de-lindependent-fiscal-commission-de-la-jamaique\/#popopen-side\" class=\"ifsd-case-study-link\" aria-labelledby=\"case-study-title-3404\">\n\t\t<span aria-hidden=\"true\" class=\"case-study-background-dim\"><\/span>\n\t\t<div id=\"case-study-3404\" class=\"post-3404 case-study type-case-study status-publish has-post-thumbnail hentry\">\n\t\t\t<img loading=\"lazy\" decoding=\"async\" width=\"1024\" height=\"876\" src=\"https:\/\/ifsd.ca\/wp-content\/uploads\/2024\/06\/GettyImages-10041750546-1024x876.jpg\" class=\"attachment-large size-large wp-post-image\" alt=\"\" style=\"--thumbnail-focal-point-x: 50%; --thumbnail-focal-point-y: 50%;\" srcset=\"https:\/\/ifsd.ca\/wp-content\/uploads\/2024\/06\/GettyImages-10041750546-1024x876.jpg 1024w, https:\/\/ifsd.ca\/wp-content\/uploads\/2024\/06\/GettyImages-10041750546-300x257.jpg 300w, https:\/\/ifsd.ca\/wp-content\/uploads\/2024\/06\/GettyImages-10041750546-768x657.jpg 768w, https:\/\/ifsd.ca\/wp-content\/uploads\/2024\/06\/GettyImages-10041750546-1536x1314.jpg 1536w, https:\/\/ifsd.ca\/wp-content\/uploads\/2024\/06\/GettyImages-10041750546.jpg 1872w\" sizes=\"auto, (max-width: 1024px) 100vw, 1024px\" \/>\t\t\t<h3 id=\"case-study-title-3404\" class=\"entry-title case-study-title ifsd-uppercase-text\"><span>\u00c9tablissement de l\u2019Independent Fiscal Commission de la Jama\u00efque<\/span><\/h3>\n\t\t<\/div>\n\t<\/a>\n<\/div>\n\t\t\t<div id=\"case-study-3402-item\" class=\"ifsd-case-study\">\n\t<a href=\"https:\/\/ifsd.ca\/fr\/case-study\/projet-ivote-jevote\/#popopen-side\" class=\"ifsd-case-study-link\" aria-labelledby=\"case-study-title-3402\">\n\t\t<span aria-hidden=\"true\" class=\"case-study-background-dim\"><\/span>\n\t\t<div id=\"case-study-3402\" class=\"post-3402 case-study type-case-study status-publish has-post-thumbnail hentry\">\n\t\t\t<img loading=\"lazy\" decoding=\"async\" width=\"1024\" height=\"917\" src=\"https:\/\/ifsd.ca\/wp-content\/uploads\/2024\/06\/iVote_Logo_RGB-1024x917.png\" class=\"thumbnail-contained wp-post-image\" alt=\"\" style=\"background-color: #ffffff; padding: 10px\" srcset=\"https:\/\/ifsd.ca\/wp-content\/uploads\/2024\/06\/iVote_Logo_RGB-1024x917.png 1024w, https:\/\/ifsd.ca\/wp-content\/uploads\/2024\/06\/iVote_Logo_RGB-300x269.png 300w, https:\/\/ifsd.ca\/wp-content\/uploads\/2024\/06\/iVote_Logo_RGB-768x687.png 768w, https:\/\/ifsd.ca\/wp-content\/uploads\/2024\/06\/iVote_Logo_RGB-1536x1375.png 1536w, https:\/\/ifsd.ca\/wp-content\/uploads\/2024\/06\/iVote_Logo_RGB-2048x1833.png 2048w\" sizes=\"auto, (max-width: 1024px) 100vw, 1024px\" \/>\t\t\t<h3 id=\"case-study-title-3402\" class=\"entry-title case-study-title ifsd-normalcase-text\"><span> <span class=\"ifsd-uppercase-text\">Projet<\/span> iVote-jeVote<\/span><\/h3>\n\t\t<\/div>\n\t<\/a>\n<\/div>\n\t\t\t<\/div><!-- .ifsd-more-case-studies -->\n\t<\/div><!-- .ifsd-more-case-studies-wrapper -->\n<\/div><!-- .ifsd-case-studies -->\n\n\n\n\n<div style=\"height:150px\" aria-hidden=\"true\" class=\"wp-block-spacer\"><\/div>\n<\/div>\n\n\n\n<div class=\"wp-block-cover alignfull is-light has-parallax is-repeated is-style-ifsd-fixed-tile\" style=\"min-height:20vw;aspect-ratio:unset;\"><span aria-hidden=\"true\" class=\"wp-block-cover__background has-background-dim-0 has-background-dim\" style=\"background-color:#826c6a\"><\/span><div class=\"wp-block-cover__image-background wp-image-3376 has-parallax is-repeated\" style=\"background-position:50% 50%;background-image:url(https:\/\/ifsd.ca\/wp-content\/uploads\/2024\/08\/repeating-logo-tile-gold.jpg)\"><\/div><div class=\"wp-block-cover__inner-container has-global-padding is-layout-constrained wp-block-cover-is-layout-constrained\">\n<p class=\"has-text-align-center has-large-font-size\"><\/p>\n<\/div><\/div>\n\n\n\n<div style=\"height:100px\" aria-hidden=\"true\" class=\"wp-block-spacer\"><\/div>\n\n\n\n<div style=\"height:10px\" aria-hidden=\"true\" id=\"enseignement-et-formation\" class=\"wp-block-spacer\"><\/div>\n\n\n\n<div style=\"height:40px\" aria-hidden=\"true\" class=\"wp-block-spacer\"><\/div>\n\n\n\n<div class=\"wp-block-columns is-layout-flex wp-container-core-columns-is-layout-595a5fd5 wp-block-columns-is-layout-flex\">\n<div class=\"wp-block-column is-style-ifsd-center-mobile-stack is-layout-flow wp-container-core-column-is-layout-8a368f38 wp-block-column-is-layout-flow\">\n<div class=\"wp-block-cover has-custom-content-position is-position-bottom-right is-style-ifsd-max-height-viewport\" style=\"min-height:100%;aspect-ratio:unset;\"><span aria-hidden=\"true\" class=\"wp-block-cover__background has-black-background-color has-background-dim-20 has-background-dim\"><\/span><img loading=\"lazy\" decoding=\"async\" width=\"1152\" height=\"2560\" class=\"wp-block-cover__image-background wp-image-3228\" alt=\"\" src=\"https:\/\/ifsd.ca\/wp-content\/uploads\/2024\/08\/shawn-celavie-KLirDzwKVhQ-unsplash-scaled.jpg\" style=\"object-position:50% 73%\" data-object-fit=\"cover\" data-object-position=\"50% 73%\" srcset=\"https:\/\/ifsd.ca\/wp-content\/uploads\/2024\/08\/shawn-celavie-KLirDzwKVhQ-unsplash-scaled.jpg 1152w, https:\/\/ifsd.ca\/wp-content\/uploads\/2024\/08\/shawn-celavie-KLirDzwKVhQ-unsplash-135x300.jpg 135w, https:\/\/ifsd.ca\/wp-content\/uploads\/2024\/08\/shawn-celavie-KLirDzwKVhQ-unsplash-461x1024.jpg 461w, https:\/\/ifsd.ca\/wp-content\/uploads\/2024\/08\/shawn-celavie-KLirDzwKVhQ-unsplash-768x1707.jpg 768w, https:\/\/ifsd.ca\/wp-content\/uploads\/2024\/08\/shawn-celavie-KLirDzwKVhQ-unsplash-691x1536.jpg 691w, https:\/\/ifsd.ca\/wp-content\/uploads\/2024\/08\/shawn-celavie-KLirDzwKVhQ-unsplash-922x2048.jpg 922w, https:\/\/ifsd.ca\/wp-content\/uploads\/2024\/08\/shawn-celavie-KLirDzwKVhQ-unsplash-1728x3840.jpg 1728w\" sizes=\"auto, (max-width: 1152px) 100vw, 1152px\" \/><div class=\"wp-block-cover__inner-container has-global-padding is-layout-constrained wp-block-cover-is-layout-constrained\">\n<h2 class=\"wp-block-heading has-text-align-right is-style-ifsd-cover-heading has-xxx-large-font-size\">Enseignement et formation<\/h2>\n<\/div><\/div>\n<\/div>\n\n\n\n<div class=\"wp-block-column is-vertically-aligned-stretch is-layout-flow wp-block-column-is-layout-flow\">\n<div class=\"wp-block-group is-vertical is-layout-flex wp-container-core-group-is-layout-0bc941e6 wp-block-group-is-layout-flex\" style=\"min-height:100%\">\n<div class=\"wp-block-group is-layout-flow wp-block-group-is-layout-flow\">\n<p class=\"has-x-large-font-size\" style=\"font-style:normal;font-weight:300\">L\u2019IFPD a mis sur pied des cours portant sur l\u2019aide \u00e0 la d\u00e9cision et le cycle financier f\u00e9d\u00e9ral.<\/p>\n\n\n\n<p class=\"has-x-large-font-size\">Ces cours s\u2019adressent aux organisations qui sont dispos\u00e9es \u00e0 r\u00e9server un minimum de 20 places par cours.<\/p>\n\n\n\n<p class=\"has-x-large-font-size\" style=\"font-style:normal;font-weight:300\"><a href=\"https:\/\/ifsd.ca\/fr\/contactez-nous\/#coordonn\u00e9es\">Contactez-nous<\/a> pour conna\u00eetre le calendrier des cours ou pour discuter d\u2019options de formation personnalis\u00e9es.<\/p>\n\n\n\n<div style=\"height:100px\" aria-hidden=\"true\" class=\"wp-block-spacer\"><\/div>\n<\/div>\n\n\n<div id=\"ifsd-learn-more-button-link-block_eeee50e339eebe9c0422a87c2fad1c6b\" class=\"ifsd-learn-more-button is-style-ifsd-short-arrow\">\n\t<a class=\"ifsd-learn-more-button__link\" href=\"https:\/\/ifsd.ca\/fr\/services\/cours\/\" target=\"_self\">\n\t\t<span id=\"ifsd-learn-more-button-link-text-block_eeee50e339eebe9c0422a87c2fad1c6b\" class=\"ifsd-learn-more-button-link-text\">\n\t\t\tPour en savoir <br \/>\r\nplus sur nos cours\t\t<\/span>\n\t\t<span id=\"ifsd-learn-more-button-link-marker-block_eeee50e339eebe9c0422a87c2fad1c6b\" class=\"ifsd-learn-more-button-link-marker\">\n\t\t\t<svg class=\"ifsd-learn-more-button-link-marker-svg\" xmlns=\"http:\/\/www.w3.org\/2000\/svg\" xml:space=\"preserve\" viewBox=\"0 0 24 24\">\n\t\t\t\t<path class=\"ifsd-learn-more-button-link-marker-svg-bullet\" fill=\"currentColor\" d=\"M12 1a11 11 0 0 1 11 11 11 11 0 0 1-11 11A11 11 0 0 1 1 12 11 11 0 0 1 12 1zM9.7 18.7l6.7-6.7-6.7-6.7-1.4 1.4 5.3 5.3-5.3 5.3 1.4 1.4z\"\/>\n\t\t\t\t<path class=\"ifsd-learn-more-button-link-marker-svg-arrow\" stroke=\"none\" stroke-width=\"2\" d=\"m9 18 6-6-6-6\"\/>\n\t\t\t<\/svg>\n\t\t<\/span>\n\t<\/a>\n<\/div>\n<\/div>\n<\/div>\n<\/div>\n\n\n\n<div style=\"height:250px\" aria-hidden=\"true\" class=\"wp-block-spacer\"><\/div>\n<\/div>\n","protected":false},"excerpt":{"rendered":"<p>Les services-conseils de l\u2019IFPD mettent \u00e0 profit la recherche pour favoriser la prise de d\u00e9cisions dans le monde r\u00e9el. L\u2019IFPD applique des recherches rigoureuses pour concevoir des solutions sous forme de politiques et de programmes, pour concevoir et \u00e9valuer des organisations, pour \u00e9tablir des institutions et pour r\u00e9pondre \u00e0 diverses questions de recherche. Pour servir<\/p>\n","protected":false},"author":1,"featured_media":418,"parent":0,"menu_order":200,"comment_status":"closed","ping_status":"closed","template":"","meta":{"_acf_changed":true,"footnotes":""},"class_list":["post-3401","page","type-page","status-publish","has-post-thumbnail","hentry"],"acf":[],"_links":{"self":[{"href":"https:\/\/ifsd.ca\/fr\/wp-json\/wp\/v2\/pages\/3401","targetHints":{"allow":["GET"]}}],"collection":[{"href":"https:\/\/ifsd.ca\/fr\/wp-json\/wp\/v2\/pages"}],"about":[{"href":"https:\/\/ifsd.ca\/fr\/wp-json\/wp\/v2\/types\/page"}],"author":[{"embeddable":true,"href":"https:\/\/ifsd.ca\/fr\/wp-json\/wp\/v2\/users\/1"}],"replies":[{"embeddable":true,"href":"https:\/\/ifsd.ca\/fr\/wp-json\/wp\/v2\/comments?post=3401"}],"version-history":[{"count":0,"href":"https:\/\/ifsd.ca\/fr\/wp-json\/wp\/v2\/pages\/3401\/revisions"}],"wp:featuredmedia":[{"embeddable":true,"href":"https:\/\/ifsd.ca\/fr\/wp-json\/wp\/v2\/media\/418"}],"wp:attachment":[{"href":"https:\/\/ifsd.ca\/fr\/wp-json\/wp\/v2\/media?parent=3401"}],"curies":[{"name":"wp","href":"https:\/\/api.w.org\/{rel}","templated":true}]}}