{"id":3410,"date":"2024-06-29T04:43:50","date_gmt":"2024-06-29T04:43:50","guid":{"rendered":"https:\/\/ifsd.ca\/?page_id=3410"},"modified":"2024-09-20T00:26:17","modified_gmt":"2024-09-20T00:26:17","slug":"sefpn","status":"publish","type":"page","link":"https:\/\/ifsd.ca\/fr\/sefpn\/","title":{"rendered":"SEFPN"},"content":{"rendered":"\n<div class=\"wp-block-group alignfull has-bg-grey-background-color has-background has-global-padding is-layout-constrained wp-block-group-is-layout-constrained\">\n<div style=\"height:100px\" aria-hidden=\"true\" class=\"wp-block-spacer\"><\/div>\n\n\n\n<div class=\"wp-block-columns is-style-ifsd-reverse-mobile-stack is-layout-flex wp-container-core-columns-is-layout-28f84493 wp-block-columns-is-layout-flex\">\n<div class=\"wp-block-column is-layout-flow wp-block-column-is-layout-flow\" style=\"flex-basis:33.33%\">\n<div class=\"wp-block-buttons is-layout-flex wp-block-buttons-is-layout-flex\">\n<div class=\"wp-block-button is-style-ifsd-return-button\"><a class=\"wp-block-button__link wp-element-button\" href=\"https:\/\/ifsd.ca\/fr\/lactualite-de-lifpd\/#projets\">Retourner<\/a><\/div>\n<\/div>\n<\/div>\n\n\n\n<div class=\"wp-block-column is-layout-flow wp-block-column-is-layout-flow\" style=\"flex-basis:66.66%\">\n<h2 class=\"wp-block-heading is-style-ifsd-section-heading\"><strong>Services \u00e0 l\u2019enfance et \u00e0 la famille des Premi\u00e8res Nations (SEFPN)<\/strong><\/h2>\n<\/div>\n<\/div>\n\n\n\n<div style=\"height:100px\" aria-hidden=\"true\" class=\"wp-block-spacer\"><\/div>\n<\/div>\n\n\n\n<div class=\"wp-block-group alignfull has-global-padding is-layout-constrained wp-block-group-is-layout-constrained\">\n<div style=\"height:150px\" aria-hidden=\"true\" class=\"wp-block-spacer\"><\/div>\n\n\n\n<div class=\"wp-block-columns is-style-ifsd-hover-blocks is-layout-flex wp-container-core-columns-is-layout-28f84493 wp-block-columns-is-layout-flex\">\n<div class=\"wp-block-column is-layout-flow wp-block-column-is-layout-flow\">\n<div style=\"aspect-ratio:1;min-height:unset;\" class=\"wp-block-cover has-custom-content-position is-position-bottom-left has-aspect-ratio\"><a href=\"https:\/\/ifsd.ca\/fr\/sefpn\/agences\/\" target=\"_self\" rel=\"\" class=\"linked-block-link\"><span aria-hidden=\"true\" class=\"wp-block-cover__background has-black-background-color has-background-dim\"><\/span><img decoding=\"async\" class=\"wp-block-cover__image-background wp-image-3246\" alt=\"\" src=\"https:\/\/ifsd.ca\/wp-content\/uploads\/2024\/08\/aaron-oommen-AWuEbUpWcY0-unsplash.jpg\" data-object-fit=\"cover\"><div class=\"wp-block-cover__inner-container has-global-padding is-layout-constrained wp-block-cover-is-layout-constrained\">\n<h2 class=\"wp-block-heading has-text-align-left is-style-ifsd-cover-heading\">Agences de SEFPN<\/h2>\n<\/div><\/a><\/div>\n<\/div>\n\n\n\n<div class=\"wp-block-column is-layout-flow wp-block-column-is-layout-flow\">\n<div style=\"aspect-ratio:1;min-height:unset;\" class=\"wp-block-cover has-custom-content-position is-position-bottom-left has-aspect-ratio\"><a href=\"https:\/\/ifsd.ca\/fr\/sefpn\/competence\/\" target=\"_self\" rel=\"\" class=\"linked-block-link\"><span aria-hidden=\"true\" class=\"wp-block-cover__background has-black-background-color has-background-dim\"><\/span><img loading=\"lazy\" decoding=\"async\" width=\"2560\" height=\"1440\" class=\"wp-block-cover__image-background wp-image-3238\" alt=\"\" src=\"https:\/\/ifsd.ca\/wp-content\/uploads\/2024\/08\/scott-goodwill-Ye_eJGZz4eg-unsplash-scaled.jpg\" data-object-fit=\"cover\" srcset=\"https:\/\/ifsd.ca\/wp-content\/uploads\/2024\/08\/scott-goodwill-Ye_eJGZz4eg-unsplash-scaled.jpg 2560w, https:\/\/ifsd.ca\/wp-content\/uploads\/2024\/08\/scott-goodwill-Ye_eJGZz4eg-unsplash-300x169.jpg 300w, https:\/\/ifsd.ca\/wp-content\/uploads\/2024\/08\/scott-goodwill-Ye_eJGZz4eg-unsplash-1024x576.jpg 1024w, https:\/\/ifsd.ca\/wp-content\/uploads\/2024\/08\/scott-goodwill-Ye_eJGZz4eg-unsplash-768x432.jpg 768w, https:\/\/ifsd.ca\/wp-content\/uploads\/2024\/08\/scott-goodwill-Ye_eJGZz4eg-unsplash-1536x864.jpg 1536w, https:\/\/ifsd.ca\/wp-content\/uploads\/2024\/08\/scott-goodwill-Ye_eJGZz4eg-unsplash-2048x1152.jpg 2048w\" sizes=\"auto, (max-width: 2560px) 100vw, 2560px\" \/><div class=\"wp-block-cover__inner-container has-global-padding is-layout-constrained wp-block-cover-is-layout-constrained\">\n<h2 class=\"wp-block-heading has-text-align-left is-style-ifsd-cover-heading\">Premi\u00e8res Nations exer\u00e7ant leurs comp\u00e9tences<\/h2>\n<\/div><\/a><\/div>\n<\/div>\n\n\n\n<div class=\"wp-block-column is-layout-flow wp-block-column-is-layout-flow\">\n<div style=\"aspect-ratio:1;min-height:unset;\" class=\"wp-block-cover has-custom-content-position is-position-bottom-left has-aspect-ratio\"><a href=\"https:\/\/ifsd.ca\/fr\/sefpn\/non-affiliees\" target=\"_self\" rel=\"\" class=\"linked-block-link\"><span aria-hidden=\"true\" class=\"wp-block-cover__background has-black-background-color has-background-dim\"><\/span><img loading=\"lazy\" decoding=\"async\" width=\"2560\" height=\"1700\" class=\"wp-block-cover__image-background wp-image-3254\" alt=\"\" src=\"https:\/\/ifsd.ca\/wp-content\/uploads\/2024\/08\/jachan-devol-xY_6ZENqcfo-unsplash-scaled.jpg\" data-object-fit=\"cover\" srcset=\"https:\/\/ifsd.ca\/wp-content\/uploads\/2024\/08\/jachan-devol-xY_6ZENqcfo-unsplash-scaled.jpg 2560w, https:\/\/ifsd.ca\/wp-content\/uploads\/2024\/08\/jachan-devol-xY_6ZENqcfo-unsplash-300x199.jpg 300w, https:\/\/ifsd.ca\/wp-content\/uploads\/2024\/08\/jachan-devol-xY_6ZENqcfo-unsplash-1024x680.jpg 1024w, https:\/\/ifsd.ca\/wp-content\/uploads\/2024\/08\/jachan-devol-xY_6ZENqcfo-unsplash-768x510.jpg 768w, https:\/\/ifsd.ca\/wp-content\/uploads\/2024\/08\/jachan-devol-xY_6ZENqcfo-unsplash-1536x1020.jpg 1536w\" sizes=\"auto, (max-width: 2560px) 100vw, 2560px\" \/><div class=\"wp-block-cover__inner-container has-global-padding is-layout-constrained wp-block-cover-is-layout-constrained\">\n<h2 class=\"wp-block-heading has-text-align-left is-style-ifsd-cover-heading\">Premi\u00e8res Nations non affili\u00e9es \u00e0 une agence de SEFPN<\/h2>\n<\/div><\/a><\/div>\n<\/div>\n<\/div>\n\n\n\n<div style=\"height:150px\" aria-hidden=\"true\" class=\"wp-block-spacer\"><\/div>\n<\/div>\n\n\n\n<div class=\"wp-block-group alignfull has-bg-grey-background-color has-background has-global-padding is-layout-constrained wp-block-group-is-layout-constrained\">\n<div style=\"height:100px\" aria-hidden=\"true\" class=\"wp-block-spacer\"><\/div>\n\n\n\n<div class=\"wp-block-columns is-layout-flex wp-container-core-columns-is-layout-28f84493 wp-block-columns-is-layout-flex\">\n<div class=\"wp-block-column is-layout-flow wp-block-column-is-layout-flow\" style=\"flex-basis:33.33%\">\n<div class=\"wp-block-buttons is-layout-flex wp-block-buttons-is-layout-flex\">\n<div class=\"wp-block-button is-style-ifsd-return-button\"><a class=\"wp-block-button__link wp-element-button\" href=\"https:\/\/ifsd.ca\/fr\/lactualite-de-lifpd\/#projets\">Retourner<\/a><\/div>\n<\/div>\n<\/div>\n<\/div>\n\n\n\n<div style=\"height:100px\" aria-hidden=\"true\" class=\"wp-block-spacer\"><\/div>\n<\/div>\n","protected":false},"excerpt":{"rendered":"<p>Services \u00e0 l\u2019enfance et \u00e0 la famille des Premi\u00e8res Nations (SEFPN)<\/p>\n","protected":false},"author":1,"featured_media":0,"parent":0,"menu_order":360,"comment_status":"closed","ping_status":"closed","template":"","meta":{"_acf_changed":false,"footnotes":""},"class_list":["post-3410","page","type-page","status-publish","hentry"],"acf":[],"_links":{"self":[{"href":"https:\/\/ifsd.ca\/fr\/wp-json\/wp\/v2\/pages\/3410","targetHints":{"allow":["GET"]}}],"collection":[{"href":"https:\/\/ifsd.ca\/fr\/wp-json\/wp\/v2\/pages"}],"about":[{"href":"https:\/\/ifsd.ca\/fr\/wp-json\/wp\/v2\/types\/page"}],"author":[{"embeddable":true,"href":"https:\/\/ifsd.ca\/fr\/wp-json\/wp\/v2\/users\/1"}],"replies":[{"embeddable":true,"href":"https:\/\/ifsd.ca\/fr\/wp-json\/wp\/v2\/comments?post=3410"}],"version-history":[{"count":0,"href":"https:\/\/ifsd.ca\/fr\/wp-json\/wp\/v2\/pages\/3410\/revisions"}],"wp:attachment":[{"href":"https:\/\/ifsd.ca\/fr\/wp-json\/wp\/v2\/media?parent=3410"}],"curies":[{"name":"wp","href":"https:\/\/api.w.org\/{rel}","templated":true}]}}