{"id":3460,"date":"2024-07-12T19:42:35","date_gmt":"2024-07-12T19:42:35","guid":{"rendered":"https:\/\/ifsd.ca\/?page_id=3460"},"modified":"2024-09-24T21:05:15","modified_gmt":"2024-09-24T21:05:15","slug":"apercu-du-projet","status":"publish","type":"page","link":"https:\/\/ifsd.ca\/fr\/sefpn\/competence\/apercu-du-projet\/","title":{"rendered":"Aper\u00e7u du projet"},"content":{"rendered":"\n<div class=\"wp-block-group alignfull has-bg-grey-background-color has-background has-global-padding is-layout-constrained wp-block-group-is-layout-constrained\">\n<div style=\"height:50px\" aria-hidden=\"true\" class=\"wp-block-spacer\"><\/div>\n\n\n<div class=\"wp-block-heading-with-line\"><div class=\"the-line\"><\/div>\n<h2 class=\"wp-block-heading has-text-align-center is-style-ifsd-heading-with-line has-dark-gold-color has-text-color has-link-color has-xx-large-font-size wp-elements-b07708be4352c6d839b21ab2c238a6c8\" style=\"padding-right:0;padding-left:1em;font-style:normal;font-weight:400;letter-spacing:1em;text-transform:uppercase\">SEFPN<\/h2>\n<\/div>\n\n\n<p class=\"is-style-ifsd-bold-on-hover-links has-ifsd-blue-color has-text-color has-link-color wp-elements-11da217c7d2ce7f7dfac7dd041c193b9\"><a href=\"https:\/\/ifsd.ca\/fr\/sefpn\/competence\/\" data-type=\"page\" data-id=\"634\"><i class=\"fas fa-angle-left\"><\/i> Retourner<\/a><\/p>\n\n\n\n<div style=\"height:24px\" aria-hidden=\"true\" class=\"wp-block-spacer\"><\/div>\n\n\n\n<div class=\"wp-block-columns is-layout-flex wp-container-core-columns-is-layout-28f84493 wp-block-columns-is-layout-flex\">\n<div class=\"wp-block-column is-layout-flow wp-block-column-is-layout-flow\" style=\"flex-basis:66.66%\">\n<h2 class=\"wp-block-heading is-style-ifsd-section-heading has-mega-font-size\">Premi\u00e8res Nations qui Exercent leur Comp\u00e9tence<\/h2>\n\n\n\n<h3 class=\"wp-block-heading is-style-ifsd-section-heading has-dark-gold-color has-text-color has-link-color has-mega-font-size wp-elements-a9cc6a749d56d163173efdd704eb6994\" style=\"margin-top:0;margin-bottom:0\">Aper\u00e7u du projet<\/h3>\n<\/div>\n<\/div>\n\n\n\n<div style=\"height:50px\" aria-hidden=\"true\" class=\"wp-block-spacer\"><\/div>\n<\/div>\n\n\n\n<div class=\"wp-block-group has-global-padding is-layout-constrained wp-block-group-is-layout-constrained\">\n<div style=\"height:50px\" aria-hidden=\"true\" class=\"wp-block-spacer\"><\/div>\n\n\n\n<p class=\"has-larger-font-size\">L\u2019Assembl\u00e9e des Premi\u00e8res Nations (APN) et la Soci\u00e9t\u00e9 de soutien \u00e0 l\u2019enfance et \u00e0 la famille des Premi\u00e8res Nations ont demand\u00e9 \u00e0 l\u2019IFPD de produire une r\u00e9ponse aux ordonnances 408, 418 et 421 du Tribunal canadien des droits de la personne (TCDP) concernant le caract\u00e8re discriminatoire de l\u2019approche de financement appliqu\u00e9e par le Canada envers les agences de services \u00e0 l\u2019enfance et \u00e0 la famille des Premi\u00e8res Nations (SEFPN).<\/p>\n\n\n\n<p class=\"has-larger-font-size\">Dans son rapport de d\u00e9cembre 2018 sur la <strong>phase I<\/strong> du projet, intitul\u00e9&nbsp;<a href=\"https:\/\/ifsd.ca\/wp-content\/uploads\/2024\/08\/ifsd-permettre-aux-enfants-des-premieres-nations-de-sepanouir-fevrier-2019.pdf\" target=\"_blank\" rel=\"noreferrer noopener\"><em>Permettre aux enfants des Premi\u00e8res Nations de s\u2019\u00e9panouir<\/em><\/a>, l\u2019IFPD formulait huit recommandations relatives au financement du programme de SEFPN et aux modifications structurelles \u00e0 y apporter, et trois recommandations pr\u00f4nant l\u2019approfondissement des recherches. Le rapport avait d\u00e9j\u00e0 \u00e9t\u00e9 soumis en preuve au Tribunal canadien des droits de la personne par la Soci\u00e9t\u00e9 de soutien \u00e0 l\u2019enfance \u00e0 la famille des Premi\u00e8res Nations, en janvier 2019.<\/p>\n\n\n\n<p class=\"has-larger-font-size\">Comme suite \u00e0 l\u2019acceptation du rapport par le Comit\u00e9 consultatif national (CCN), l\u2019IFPD a \u00e9t\u00e9 pri\u00e9 de mener une \u00e9tude de suivi pour d\u00e9terminer les options et les plans qui permettraient de modifier la structure et les ressources des services \u00e0 l\u2019enfance et \u00e0 la famille des Premi\u00e8res Nations (SEFPN), pour que les agences de SEFPN puissent faire la transition vers une approche bas\u00e9e sur les r\u00e9sultats qui ciblerait le bien-\u00eatre et l\u2019\u00e9panouissement des enfants des Premi\u00e8res Nations.<\/p>\n\n\n\n<p class=\"has-larger-font-size\">En juillet 2020, le rapport de l\u2019IFSD sur la&nbsp;<strong>phase 2<\/strong>&nbsp;du projet, intitul\u00e9&nbsp;<a href=\"https:\/\/ifsd.ca\/wp-content\/uploads\/2024\/08\/2021-01-05_final-report_fr_le-financement-des-services-a-lenfance-et-a-la-famille-des-premieres-nations.pdf\" target=\"_blank\" rel=\"noreferrer noopener\"><em>Le financement des services \u00e0 l\u2019enfance et \u00e0 la famille des Premi\u00e8res Nations (SEFPN)&nbsp;: une approche budg\u00e9taire ax\u00e9e sur le rendement pour promouvoir le bien-\u00eatre<\/em>,<\/a>&nbsp;proposait la cr\u00e9ation d\u2019un nouveau m\u00e9canisme de financement pour les SEFPN et l\u2019application d\u2019un cadre actualis\u00e9 sur le bien-\u00eatre de l\u2019enfant, de la famille et de la communaut\u00e9,&nbsp;<em>Mesurer pour s\u2019\u00e9panouir<\/em>.<\/p>\n\n\n\n<p class=\"has-larger-font-size\">La <strong>phase 3<\/strong> du projet privil\u00e9giera la concr\u00e9tisation du bien-\u00eatre des Premi\u00e8res Nations, des familles et des enfants en prenant appui sur les phases pr\u00e9c\u00e9dentes (phases 1 et 2) et en les distillant en mod\u00e8les d\u2019ex\u00e9cution distincts centr\u00e9s sur les Premi\u00e8res Nations, qui auront un impact transformateur sur la strat\u00e9gie organisationnelle, les individus, les processus et les syst\u00e8mes.<\/p>\n\n\n\n<div style=\"height:50px\" aria-hidden=\"true\" class=\"wp-block-spacer\"><\/div>\n\n\n\n<div class=\"wp-block-group has-border-color has-dark-gold-border-color has-global-padding is-layout-constrained wp-container-core-group-is-layout-0ad7678d wp-block-group-is-layout-constrained\" style=\"border-width:1px;padding-top:var(--wp--preset--spacing--80-flex);padding-right:var(--wp--preset--spacing--80-flex);padding-bottom:var(--wp--preset--spacing--80-flex);padding-left:var(--wp--preset--spacing--80-flex)\">\n<h3 class=\"wp-block-heading has-text-align-center is-style-ifsd-block-heading has-x-large-font-size\"><strong>Volets du projet<\/strong><\/h3>\n\n\n\n<p class=\"has-larger-font-size\">Le projet recouvre cinq volets :<\/p>\n\n\n\n<ol class=\"wp-block-list has-larger-font-size\">\n<li>D\u00e9finir un \u00e9chantillon repr\u00e9sentatif d\u2019agences de SEFPN et de Premi\u00e8res Nations et \u00e9tablir des intrants de r\u00e9f\u00e9rence fond\u00e9s sur les donn\u00e9es, y compris une \u00e9valuation des besoins en capital.<\/li>\n\n\n\n<li>Mod\u00e9liser et tester le cadre Mesurer pour s\u2019\u00e9panouir et ses logiciels.<\/li>\n\n\n\n<li>Tester l\u2019approche de financement fond\u00e9e sur les besoins, dans le cas des agences de SEFPN et des Premi\u00e8res Nations qui exercent leurs comp\u00e9tences en vertu de la Loi.<\/li>\n\n\n\n<li><em>\u00c9laborer des options organisationnelles et op\u00e9rationnelles pour la mise en place d\u2019un secr\u00e9tariat dirig\u00e9 par les Premi\u00e8res Nations (qui servirait d\u2019organisme de soutien dirig\u00e9 par les Premi\u00e8res Nations).<\/em><\/li>\n\n\n\n<li>\u00c0 la lumi\u00e8re des constats tir\u00e9s des volets 1 \u00e0 4, \u00e9laborer et appliquer des outils, des ressources et des mesures de renforcement des capacit\u00e9s.<\/li>\n<\/ol>\n\n\n\n<p class=\"has-larger-font-size\"><em>Ce que l\u2019IFPD demande aux agences de SEFPN et aux Premi\u00e8res Nations<\/em><\/p>\n\n\n\n<p class=\"has-larger-font-size\">L\u2019IFPD est \u00e0 la recherche d\u2019environ dix agences de SEFPN et dix Premi\u00e8res Nations qui accepteraient de faire l\u2019objet d\u2019\u00e9tudes de cas repr\u00e9sentatives pour la phase 3.&nbsp;<\/p>\n\n\n\n<p class=\"has-larger-font-size\">Pendant la dur\u00e9e du projet (un an et demi), les agences et les PN participantes seront pri\u00e9es de communiquer p\u00e9riodiquement des informations (p.&nbsp;ex. sur les finances et les op\u00e9rations), d\u2019examiner du mat\u00e9riel (p. ex. des outils logiciels) et de faire part de leurs connaissances \u00e0 l\u2019IFPD dans des r\u00e9unions en personne (tout en tenant compte des consignes de sant\u00e9 publique). L\u2019IFPD leur propose de d\u00e9signer un charg\u00e9 de liaison pour ce projet, afin de faciliter la communication. &nbsp;<\/p>\n<\/div>\n\n\n\n<div style=\"height:50px\" aria-hidden=\"true\" class=\"wp-block-spacer\"><\/div>\n\n\n\n<div class=\"wp-block-group has-global-padding is-layout-constrained wp-container-core-group-is-layout-5a8ca82a wp-block-group-is-layout-constrained\" style=\"padding-right:var(--wp--preset--spacing--80-flex);padding-left:var(--wp--preset--spacing--80-flex)\">\n<h3 class=\"wp-block-heading has-text-align-center is-style-ifsd-block-heading has-x-large-font-size\"><strong>\u00c9ch\u00e9ancier<\/strong><\/h3>\n\n\n\n<p class=\"has-larger-font-size\"><a href=\"https:\/\/ifsd.ca\/wp-content\/uploads\/2024\/07\/fncfs-project-overview-2022-02-03_phase-3-timeline-fr.pdf\" target=\"_blank\" rel=\"noreferrer noopener\">Version PDF de la chronologie<\/a><br><br>L\u2019\u00e9ch\u00e9ancier pr\u00e9vu par l&rsquo;IFPD est indicatif et assujetti aux consignes de sant\u00e9 publique (COVID-19) ainsi qu\u2019\u00e0 la disponibilit\u00e9 des collaborateurs de recherche et des donn\u00e9es provenant de diverses sources.<\/p>\n\n\n\n<div style=\"height:50px\" aria-hidden=\"true\" class=\"wp-block-spacer\"><\/div>\n\n\n\n<h4 class=\"wp-block-heading is-style-ifsd-block-heading has-dark-gold-color has-text-color has-link-color wp-elements-d0a825236685ee37a5a57372b431f997\" style=\"font-style:normal;font-weight:600\">2022<\/h4>\n\n\n\n<figure class=\"wp-block-table is-style-ifsd-small-first-cell\"><table><thead><tr><th><strong>Mois<\/strong><\/th><th><strong>Activit\u00e9s cibles<\/strong><\/th><\/tr><\/thead><tbody><tr><td>janvier<\/td><td>Pr\u00e9parer les documents d\u2019approche et les outils de recherche pour le lancement du projet<br><br>Briefing et mobilisation des intervenants<\/td><\/tr><tr><td>f\u00e9vrier<\/td><td>Approche des agences et des Premi\u00e8res Nations<br><br>Examen des possibilit\u00e9s de participation et de collaboration, p. ex. questionnaire et collaborateurs de recherche<\/td><\/tr><tr><td>mars<\/td><td>Confirmer les collaborateurs de recherche<br><br>Planifier des ateliers virtuels pour le questionnaire ou des s\u00e9ances individuelles<\/td><\/tr><tr><td>avril<\/td><td>Participation des SEFPN et aide \u00e0 l\u2018ex\u00e9cution<br><br>Communication des consid\u00e9rations initiales concernant la cr\u00e9ation d\u2019un secr\u00e9tariat dirig\u00e9 par les Premi\u00e8res Nations<br><br>Communication continue avec les collaborateurs de recherche<\/td><\/tr><tr><td>mai<\/td><td>Diffuser l\u2019analyse comparative des lois provinciales et territoriales sur les SEF<br><br>Fin de la participation au questionnaire sur les SEFPN<br><br>Communication continue avec les collaborateurs de recherche<\/td><\/tr><tr><td>juin<\/td><td>D\u00e9but de l&rsquo;analyse des donn\u00e9es du questionnaire<br><br>Mise \u00e0 jour sur les mod\u00e8les \u00e0 consid\u00e9rer pour le secr\u00e9tariat dirig\u00e9 par les Premi\u00e8res Nations<br><br>Communication continue avec les collaborateurs de recherche<\/td><\/tr><tr><td>juillet<\/td><td>Poursuite de l\u2019analyse des donn\u00e9es du questionnaire<br><br>Communication continue avec les collaborateurs de recherche<\/td><\/tr><tr><td>ao\u00fbt<\/td><td>Poursuite de l\u2019analyse des donn\u00e9es du questionnaire<br><br>Communication continue avec les collaborateurs de recherche<br><br>Examen initial du cadre Mesurer pour s\u2019\u00e9panouir et des outils qui s\u2019y rattachent<\/td><\/tr><tr><td>septembre<\/td><td>Communication des r\u00e9sultats provisoires du questionnaire<\/td><\/tr><tr><td>octobre<\/td><td>Diffusion des r\u00e9sultats provisoires de l&rsquo;\u00e9valuation des besoins en capital<br><br>Communication des am\u00e9liorations apport\u00e9es au cadre<br><br>Mesurer pour s\u2019\u00e9panouir et \u00e0 la m\u00e9thode de collecte des donn\u00e9es<\/td><\/tr><tr><td>novembre<\/td><td>Communication des r\u00e9sultats provisoires provenant des collaborateurs de recherche<\/td><\/tr><tr><td>d\u00e9cembre<\/td><td>Communication des \u00e9l\u00e9ments r\u00e9vis\u00e9s du mod\u00e8le de financement, avec leurs am\u00e9liorations, ainsi que des le\u00e7ons tir\u00e9es des collaborateurs de recherche et des questionnaires<\/td><\/tr><\/tbody><\/table><\/figure>\n\n\n\n<div style=\"height:50px\" aria-hidden=\"true\" class=\"wp-block-spacer\"><\/div>\n\n\n\n<h4 class=\"wp-block-heading is-style-ifsd-block-heading has-dark-gold-color has-text-color has-link-color wp-elements-6f18128d43e57220652922c6c662710e\" style=\"font-style:normal;font-weight:600\">2023<\/h4>\n\n\n\n<figure class=\"wp-block-table is-style-ifsd-small-first-cell\"><table><thead><tr><th><strong>Mois<\/strong><\/th><th><strong>Activit\u00e9s cibles<\/strong><\/th><\/tr><\/thead><tbody><tr><td>janvier<\/td><td>Mise \u00e0 l\u2019essai du mod\u00e8le de financement r\u00e9vis\u00e9 et estimation des co\u00fbts du syst\u00e8me au moyen du mod\u00e8le actualis\u00e9<\/td><\/tr><tr><td><\/td><td>Mod\u00e9lisation du mod\u00e8le de financement r\u00e9vis\u00e9 et int\u00e9gration au concept organisationnel des le\u00e7ons tir\u00e9es des questionnaires et des collaborateurs de recherche<\/td><\/tr><\/tbody><\/table><\/figure>\n\n\n\n<div style=\"height:50px\" aria-hidden=\"true\" class=\"wp-block-spacer\"><\/div>\n\n\n\n<h4 class=\"wp-block-heading is-style-ifsd-block-heading has-dark-gold-color has-text-color has-link-color wp-elements-ac68ec94e07dfb79805e19108799d030\" style=\"font-style:normal;font-weight:600\">2024 to 2025<\/h4>\n\n\n\n<figure class=\"wp-block-table is-style-ifsd-small-first-cell\"><table><thead><tr><th><strong>Mois<\/strong><\/th><th><strong>Activit\u00e9s cibles<\/strong><\/th><\/tr><\/thead><tbody><tr><td>mars&nbsp;2024\u2013janvier&nbsp;2025&nbsp;<\/td><td>Fin du projet<br><br>Collecte et analyse des donn\u00e9es achev\u00e9es ; pr\u00e9paration du rapport final<\/td><\/tr><\/tbody><\/table><\/figure>\n<\/div>\n\n\n\n<div style=\"height:100px\" aria-hidden=\"true\" class=\"wp-block-spacer\"><\/div>\n<\/div>\n\n\n\n<div class=\"wp-block-group alignfull has-bg-grey-background-color has-background has-global-padding is-layout-constrained wp-block-group-is-layout-constrained\">\n<div style=\"height:100px\" aria-hidden=\"true\" class=\"wp-block-spacer\"><\/div>\n\n\n\n<div class=\"wp-block-columns is-layout-flex wp-container-core-columns-is-layout-28f84493 wp-block-columns-is-layout-flex\">\n<div class=\"wp-block-column is-layout-flow wp-block-column-is-layout-flow\" style=\"flex-basis:33.33%\">\n<div class=\"wp-block-buttons is-layout-flex wp-block-buttons-is-layout-flex\">\n<div class=\"wp-block-button is-style-ifsd-return-button\"><a class=\"wp-block-button__link wp-element-button\" href=\"https:\/\/ifsd.ca\/fr\/sefpn\/competence\/\">Retourner<\/a><\/div>\n<\/div>\n<\/div>\n<\/div>\n\n\n\n<div style=\"height:100px\" aria-hidden=\"true\" class=\"wp-block-spacer\"><\/div>\n<\/div>\n","protected":false},"excerpt":{"rendered":"<p>SEFPN Retourner Premi\u00e8res Nations qui Exercent leur Comp\u00e9tence Aper\u00e7u du projet L\u2019Assembl\u00e9e des Premi\u00e8res Nations (APN) et la Soci\u00e9t\u00e9 de soutien \u00e0 l\u2019enfance et \u00e0 la famille des Premi\u00e8res Nations ont demand\u00e9 \u00e0 l\u2019IFPD de produire une r\u00e9ponse aux ordonnances 408, 418 et 421 du Tribunal canadien des droits de la personne (TCDP) concernant le<\/p>\n","protected":false},"author":1,"featured_media":0,"parent":3459,"menu_order":100,"comment_status":"closed","ping_status":"closed","template":"","meta":{"_acf_changed":false,"footnotes":""},"class_list":["post-3460","page","type-page","status-publish","hentry"],"acf":[],"_links":{"self":[{"href":"https:\/\/ifsd.ca\/fr\/wp-json\/wp\/v2\/pages\/3460","targetHints":{"allow":["GET"]}}],"collection":[{"href":"https:\/\/ifsd.ca\/fr\/wp-json\/wp\/v2\/pages"}],"about":[{"href":"https:\/\/ifsd.ca\/fr\/wp-json\/wp\/v2\/types\/page"}],"author":[{"embeddable":true,"href":"https:\/\/ifsd.ca\/fr\/wp-json\/wp\/v2\/users\/1"}],"replies":[{"embeddable":true,"href":"https:\/\/ifsd.ca\/fr\/wp-json\/wp\/v2\/comments?post=3460"}],"version-history":[{"count":0,"href":"https:\/\/ifsd.ca\/fr\/wp-json\/wp\/v2\/pages\/3460\/revisions"}],"up":[{"embeddable":true,"href":"https:\/\/ifsd.ca\/fr\/wp-json\/wp\/v2\/pages\/3459"}],"wp:attachment":[{"href":"https:\/\/ifsd.ca\/fr\/wp-json\/wp\/v2\/media?parent=3460"}],"curies":[{"name":"wp","href":"https:\/\/api.w.org\/{rel}","templated":true}]}}