{"id":3462,"date":"2024-07-12T20:48:19","date_gmt":"2024-07-12T20:48:19","guid":{"rendered":"https:\/\/ifsd.ca\/?page_id=3462"},"modified":"2024-09-19T19:35:40","modified_gmt":"2024-09-19T19:35:40","slug":"ethique-de-recherche","status":"publish","type":"page","link":"https:\/\/ifsd.ca\/fr\/sefpn\/competence\/ethique-de-recherche\/","title":{"rendered":"\u00c9thique de recherche"},"content":{"rendered":"\n<div class=\"wp-block-group alignfull has-bg-grey-background-color has-background has-global-padding is-layout-constrained wp-block-group-is-layout-constrained\">\n<div style=\"height:50px\" aria-hidden=\"true\" class=\"wp-block-spacer\"><\/div>\n\n\n<div class=\"wp-block-heading-with-line\"><div class=\"the-line\"><\/div>\n<h2 class=\"wp-block-heading has-text-align-center is-style-ifsd-heading-with-line has-dark-gold-color has-text-color has-link-color has-xx-large-font-size wp-elements-b07708be4352c6d839b21ab2c238a6c8\" style=\"padding-right:0;padding-left:1em;font-style:normal;font-weight:400;letter-spacing:1em;text-transform:uppercase\">SEFPN<\/h2>\n<\/div>\n\n\n<p class=\"is-style-ifsd-bold-on-hover-links has-ifsd-blue-color has-text-color has-link-color wp-elements-11da217c7d2ce7f7dfac7dd041c193b9\"><a href=\"https:\/\/ifsd.ca\/fr\/sefpn\/competence\/\" data-type=\"page\" data-id=\"634\"><i class=\"fas fa-angle-left\"><\/i> Retourner<\/a><\/p>\n\n\n\n<div style=\"height:24px\" aria-hidden=\"true\" class=\"wp-block-spacer\"><\/div>\n\n\n\n<div class=\"wp-block-columns is-layout-flex wp-container-core-columns-is-layout-28f84493 wp-block-columns-is-layout-flex\">\n<div class=\"wp-block-column is-layout-flow wp-block-column-is-layout-flow\" style=\"flex-basis:66.66%\">\n<h2 class=\"wp-block-heading is-style-ifsd-section-heading has-mega-font-size\">Premi\u00e8res Nations qui Exercent leur Comp\u00e9tence<\/h2>\n\n\n\n<h3 class=\"wp-block-heading is-style-ifsd-section-heading has-dark-gold-color has-text-color has-link-color has-mega-font-size wp-elements-0d41a334812e1b58e671d600d9e77e53\" style=\"margin-top:0;margin-bottom:0\">\u00c9thique de recherche<\/h3>\n<\/div>\n\n\n\n<div class=\"wp-block-column is-vertically-aligned-bottom is-layout-flow wp-block-column-is-layout-flow\" style=\"flex-basis:33.33%\"><\/div>\n<\/div>\n\n\n\n<div style=\"height:50px\" aria-hidden=\"true\" class=\"wp-block-spacer\"><\/div>\n<\/div>\n\n\n\n<div class=\"wp-block-group has-global-padding is-layout-constrained wp-container-core-group-is-layout-bcd9655c wp-block-group-is-layout-constrained\" style=\"padding-right:var(--wp--preset--spacing--160-flex);padding-left:var(--wp--preset--spacing--160-flex)\">\n<div style=\"height:100px\" aria-hidden=\"true\" class=\"wp-block-spacer\"><\/div>\n\n\n\n<p class=\"has-larger-font-size\">L\u2019IFPD a adopt\u00e9 pour ce projet une approche collaborative reposant sur les&nbsp;<a href=\"http:\/\/fnigc.ca\/ocap.html\">principes de PCAP\u00ae<\/a>&nbsp;(propri\u00e9t\u00e9, contr\u00f4le, acc\u00e8s et possession).<\/p>\n\n\n\n<p class=\"has-larger-font-size\">Toutes les informations&nbsp;communiqu\u00e9es au cours de ce projet&nbsp;avec le consentement et la&nbsp;participation des agences&nbsp;de SEFPN et des Premi\u00e8res Nations seront anonymis\u00e9es et retourn\u00e9es, pour prot\u00e9ger la vie priv\u00e9e des individus et des communaut\u00e9s qu\u2019elles desservent.<\/p>\n\n\n\n<p class=\"has-larger-font-size\">L\u2019IFPD utilisera les services de stockage de fichiers Microsoft Azure situ\u00e9s exclusivement dans la zone g\u00e9ographique du centre du Canada (centre de donn\u00e9es de Toronto). Toutes les donn\u00e9es vers\u00e9es dans le centre de donn\u00e9es y sont stock\u00e9es sous une forme crypt\u00e9e. Toutes les donn\u00e9es en transit sont \u00e9galement crypt\u00e9es, et le service n\u2019accepte aucune connexion non crypt\u00e9e.<\/p>\n\n\n\n<p class=\"has-larger-font-size\">Pour toute question, pri\u00e8re de contacter Helaina Gaspard, Ph.D. (<a href=\"javascript:void(location.href='mailto:'+String.fromCharCode(104,101,108,97,105,110,97,46,103,97,115,112,97,114,100,64,105,102,115,100,46,99,97))\">helaina.gaspard@ifsd.ca<\/a>).<\/p>\n<\/div>\n\n\n\n<div style=\"height:150px\" aria-hidden=\"true\" class=\"wp-block-spacer\"><\/div>\n\n\n\n<div class=\"wp-block-group alignfull has-bg-grey-background-color has-background has-global-padding is-layout-constrained wp-block-group-is-layout-constrained\">\n<div style=\"height:100px\" aria-hidden=\"true\" class=\"wp-block-spacer\"><\/div>\n\n\n\n<div class=\"wp-block-columns is-layout-flex wp-container-core-columns-is-layout-28f84493 wp-block-columns-is-layout-flex\">\n<div class=\"wp-block-column is-layout-flow wp-block-column-is-layout-flow\" style=\"flex-basis:33.33%\">\n<div class=\"wp-block-buttons is-layout-flex wp-block-buttons-is-layout-flex\">\n<div class=\"wp-block-button is-style-ifsd-return-button\"><a class=\"wp-block-button__link wp-element-button\" href=\"https:\/\/ifsd.ca\/fr\/sefpn\/competence\/\">Retourner<\/a><\/div>\n<\/div>\n<\/div>\n<\/div>\n\n\n\n<div style=\"height:100px\" aria-hidden=\"true\" class=\"wp-block-spacer\"><\/div>\n<\/div>\n","protected":false},"excerpt":{"rendered":"<p>SEFPN Retourner Premi\u00e8res Nations qui Exercent leur Comp\u00e9tence \u00c9thique de recherche L\u2019IFPD a adopt\u00e9 pour ce projet une approche collaborative reposant sur les&nbsp;principes de PCAP\u00ae&nbsp;(propri\u00e9t\u00e9, contr\u00f4le, acc\u00e8s et possession). Toutes les informations&nbsp;communiqu\u00e9es au cours de ce projet&nbsp;avec le consentement et la&nbsp;participation des agences&nbsp;de SEFPN et des Premi\u00e8res Nations seront anonymis\u00e9es et retourn\u00e9es, pour prot\u00e9ger la<\/p>\n","protected":false},"author":1,"featured_media":0,"parent":3459,"menu_order":300,"comment_status":"closed","ping_status":"closed","template":"","meta":{"_acf_changed":false,"footnotes":""},"class_list":["post-3462","page","type-page","status-publish","hentry"],"acf":[],"_links":{"self":[{"href":"https:\/\/ifsd.ca\/fr\/wp-json\/wp\/v2\/pages\/3462","targetHints":{"allow":["GET"]}}],"collection":[{"href":"https:\/\/ifsd.ca\/fr\/wp-json\/wp\/v2\/pages"}],"about":[{"href":"https:\/\/ifsd.ca\/fr\/wp-json\/wp\/v2\/types\/page"}],"author":[{"embeddable":true,"href":"https:\/\/ifsd.ca\/fr\/wp-json\/wp\/v2\/users\/1"}],"replies":[{"embeddable":true,"href":"https:\/\/ifsd.ca\/fr\/wp-json\/wp\/v2\/comments?post=3462"}],"version-history":[{"count":0,"href":"https:\/\/ifsd.ca\/fr\/wp-json\/wp\/v2\/pages\/3462\/revisions"}],"up":[{"embeddable":true,"href":"https:\/\/ifsd.ca\/fr\/wp-json\/wp\/v2\/pages\/3459"}],"wp:attachment":[{"href":"https:\/\/ifsd.ca\/fr\/wp-json\/wp\/v2\/media?parent=3462"}],"curies":[{"name":"wp","href":"https:\/\/api.w.org\/{rel}","templated":true}]}}