{"id":3465,"date":"2024-07-11T17:24:04","date_gmt":"2024-07-11T17:24:04","guid":{"rendered":"https:\/\/ifsd.ca\/?page_id=3465"},"modified":"2024-09-19T21:52:16","modified_gmt":"2024-09-19T21:52:16","slug":"principe-de-jordan","status":"publish","type":"page","link":"https:\/\/ifsd.ca\/fr\/principe-de-jordan\/","title":{"rendered":"Principe de Jordan"},"content":{"rendered":"\n<div class=\"wp-block-group alignfull has-bg-grey-background-color has-background has-global-padding is-layout-constrained wp-block-group-is-layout-constrained\">\n<div style=\"height:100px\" aria-hidden=\"true\" class=\"wp-block-spacer\"><\/div>\n\n\n\n<div class=\"wp-block-columns is-style-ifsd-reverse-mobile-stack is-layout-flex wp-container-core-columns-is-layout-28f84493 wp-block-columns-is-layout-flex\">\n<div class=\"wp-block-column is-layout-flow wp-block-column-is-layout-flow\" style=\"flex-basis:33.33%\">\n<div class=\"wp-block-buttons is-layout-flex wp-block-buttons-is-layout-flex\">\n<div class=\"wp-block-button is-style-ifsd-return-button\"><a class=\"wp-block-button__link wp-element-button\" href=\"https:\/\/ifsd.ca\/fr\/lactualite-de-lifpd\/#projets\">Retourner<\/a><\/div>\n<\/div>\n<\/div>\n\n\n\n<div class=\"wp-block-column is-layout-flow wp-block-column-is-layout-flow\" style=\"flex-basis:66%\">\n<h2 class=\"wp-block-heading is-style-ifsd-section-heading\">Principe de Jordan<\/h2>\n<\/div>\n<\/div>\n\n\n\n<div style=\"height:100px\" aria-hidden=\"true\" class=\"wp-block-spacer\"><\/div>\n<\/div>\n\n\n\n<div class=\"wp-block-group alignfull has-global-padding is-layout-constrained wp-block-group-is-layout-constrained\">\n<div style=\"height:50px\" aria-hidden=\"true\" class=\"wp-block-spacer\"><\/div>\n\n\n\n<div class=\"wp-block-columns is-style-ifsd-hover-blocks is-layout-flex wp-container-core-columns-is-layout-28f84493 wp-block-columns-is-layout-flex\">\n<div class=\"wp-block-column is-layout-flow wp-block-column-is-layout-flow\" style=\"flex-basis:25%\">\n<div class=\"wp-block-cover has-custom-content-position is-position-bottom-left\"><a href=\"https:\/\/ifsd.ca\/fr\/principe-de-jordan\/apercu-du-projet\/\" target=\"_self\" rel=\"\" class=\"linked-block-link\"><span aria-hidden=\"true\" class=\"wp-block-cover__background has-black-background-color has-background-dim\"><\/span><img loading=\"lazy\" decoding=\"async\" width=\"2061\" height=\"2560\" class=\"wp-block-cover__image-background wp-image-3163\" alt=\"\" src=\"https:\/\/ifsd.ca\/wp-content\/uploads\/2024\/08\/8777_Project-Overview-scaled.jpg\" data-object-fit=\"cover\" srcset=\"https:\/\/ifsd.ca\/wp-content\/uploads\/2024\/08\/8777_Project-Overview-scaled.jpg 2061w, https:\/\/ifsd.ca\/wp-content\/uploads\/2024\/08\/8777_Project-Overview-242x300.jpg 242w, https:\/\/ifsd.ca\/wp-content\/uploads\/2024\/08\/8777_Project-Overview-824x1024.jpg 824w, https:\/\/ifsd.ca\/wp-content\/uploads\/2024\/08\/8777_Project-Overview-768x954.jpg 768w, https:\/\/ifsd.ca\/wp-content\/uploads\/2024\/08\/8777_Project-Overview-1237x1536.jpg 1237w, https:\/\/ifsd.ca\/wp-content\/uploads\/2024\/08\/8777_Project-Overview-1649x2048.jpg 1649w\" sizes=\"auto, (max-width: 2061px) 100vw, 2061px\" \/><div class=\"wp-block-cover__inner-container has-global-padding is-layout-constrained wp-block-cover-is-layout-constrained\">\n<h2 class=\"wp-block-heading has-text-align-left is-style-ifsd-cover-heading\">Aper\u00e7u du projet<\/h2>\n<\/div><\/a><\/div>\n<\/div>\n\n\n\n<div class=\"wp-block-column is-layout-flow wp-block-column-is-layout-flow\" style=\"flex-basis:25%\">\n<div class=\"wp-block-cover has-custom-content-position is-position-bottom-left\"><a href=\"https:\/\/ifsd.ca\/fr\/principe-de-jordan\/gestion-des-donnees\/\" target=\"_self\" rel=\"\" class=\"linked-block-link\"><span aria-hidden=\"true\" class=\"wp-block-cover__background has-black-background-color has-background-dim\"><\/span><img loading=\"lazy\" decoding=\"async\" width=\"2560\" height=\"1920\" class=\"wp-block-cover__image-background wp-image-3201\" alt=\"\" src=\"https:\/\/ifsd.ca\/wp-content\/uploads\/2024\/08\/8777_jordans-principle-data-managment-scaled.jpg\" data-object-fit=\"cover\" srcset=\"https:\/\/ifsd.ca\/wp-content\/uploads\/2024\/08\/8777_jordans-principle-data-managment-scaled.jpg 2560w, https:\/\/ifsd.ca\/wp-content\/uploads\/2024\/08\/8777_jordans-principle-data-managment-300x225.jpg 300w, https:\/\/ifsd.ca\/wp-content\/uploads\/2024\/08\/8777_jordans-principle-data-managment-1024x768.jpg 1024w, https:\/\/ifsd.ca\/wp-content\/uploads\/2024\/08\/8777_jordans-principle-data-managment-768x576.jpg 768w, https:\/\/ifsd.ca\/wp-content\/uploads\/2024\/08\/8777_jordans-principle-data-managment-1536x1152.jpg 1536w, https:\/\/ifsd.ca\/wp-content\/uploads\/2024\/08\/8777_jordans-principle-data-managment-2048x1536.jpg 2048w\" sizes=\"auto, (max-width: 2560px) 100vw, 2560px\" \/><div class=\"wp-block-cover__inner-container has-global-padding is-layout-constrained wp-block-cover-is-layout-constrained\">\n<h2 class=\"wp-block-heading has-text-align-left is-style-ifsd-cover-heading\">Gestion des donn\u00e9es<\/h2>\n<\/div><\/a><\/div>\n<\/div>\n\n\n\n<div class=\"wp-block-column is-layout-flow wp-block-column-is-layout-flow\" style=\"flex-basis:25%\">\n<div class=\"wp-block-cover has-custom-content-position is-position-bottom-left\"><a href=\"https:\/\/ifsd.ca\/fr\/principe-de-jordan\/mises-a-jour\/\" target=\"_self\" rel=\"\" class=\"linked-block-link\"><span aria-hidden=\"true\" class=\"wp-block-cover__background has-black-background-color has-background-dim\"><\/span><img loading=\"lazy\" decoding=\"async\" width=\"2048\" height=\"2560\" class=\"wp-block-cover__image-background wp-image-3161\" alt=\"\" src=\"https:\/\/ifsd.ca\/wp-content\/uploads\/2024\/08\/8777_Monthly-Update-scaled.jpg\" data-object-fit=\"cover\" srcset=\"https:\/\/ifsd.ca\/wp-content\/uploads\/2024\/08\/8777_Monthly-Update-scaled.jpg 2048w, https:\/\/ifsd.ca\/wp-content\/uploads\/2024\/08\/8777_Monthly-Update-240x300.jpg 240w, https:\/\/ifsd.ca\/wp-content\/uploads\/2024\/08\/8777_Monthly-Update-819x1024.jpg 819w, https:\/\/ifsd.ca\/wp-content\/uploads\/2024\/08\/8777_Monthly-Update-768x960.jpg 768w, https:\/\/ifsd.ca\/wp-content\/uploads\/2024\/08\/8777_Monthly-Update-1229x1536.jpg 1229w, https:\/\/ifsd.ca\/wp-content\/uploads\/2024\/08\/8777_Monthly-Update-1638x2048.jpg 1638w\" sizes=\"auto, (max-width: 2048px) 100vw, 2048px\" \/><div class=\"wp-block-cover__inner-container has-global-padding is-layout-constrained wp-block-cover-is-layout-constrained\">\n<h2 class=\"wp-block-heading has-text-align-left is-style-ifsd-cover-heading\">Mises <br>\u00e0 jour<\/h2>\n<\/div><\/a><\/div>\n<\/div>\n\n\n\n<div class=\"wp-block-column is-layout-flow wp-block-column-is-layout-flow\" style=\"flex-basis:25%\">\n<div class=\"wp-block-cover has-custom-content-position is-position-bottom-left\"><a href=\"https:\/\/ifsd.ca\/fr\/rapports-precedents\/\" target=\"_self\" rel=\"\" class=\"linked-block-link\"><span aria-hidden=\"true\" class=\"wp-block-cover__background has-black-background-color has-background-dim\"><\/span><img loading=\"lazy\" decoding=\"async\" width=\"2560\" height=\"1704\" class=\"wp-block-cover__image-background wp-image-3203\" alt=\"\" src=\"https:\/\/ifsd.ca\/wp-content\/uploads\/2024\/08\/8777_jordans-principle-report-scaled.jpg\" data-object-fit=\"cover\" srcset=\"https:\/\/ifsd.ca\/wp-content\/uploads\/2024\/08\/8777_jordans-principle-report-scaled.jpg 2560w, https:\/\/ifsd.ca\/wp-content\/uploads\/2024\/08\/8777_jordans-principle-report-300x200.jpg 300w, https:\/\/ifsd.ca\/wp-content\/uploads\/2024\/08\/8777_jordans-principle-report-1024x682.jpg 1024w, https:\/\/ifsd.ca\/wp-content\/uploads\/2024\/08\/8777_jordans-principle-report-768x511.jpg 768w, https:\/\/ifsd.ca\/wp-content\/uploads\/2024\/08\/8777_jordans-principle-report-1536x1022.jpg 1536w, https:\/\/ifsd.ca\/wp-content\/uploads\/2024\/08\/8777_jordans-principle-report-2048x1363.jpg 2048w\" sizes=\"auto, (max-width: 2560px) 100vw, 2560px\" \/><div class=\"wp-block-cover__inner-container has-global-padding is-layout-constrained wp-block-cover-is-layout-constrained\">\n<h2 class=\"wp-block-heading has-text-align-left is-style-ifsd-cover-heading\">Rapports pr\u00e9c\u00e9dents<\/h2>\n<\/div><\/a><\/div>\n<\/div>\n<\/div>\n\n\n\n<div style=\"height:50px\" aria-hidden=\"true\" class=\"wp-block-spacer\"><\/div>\n<\/div>\n\n\n\n<div class=\"wp-block-group alignfull has-global-padding is-layout-constrained wp-block-group-is-layout-constrained\">\n<div class=\"wp-block-columns is-style-default is-layout-flex wp-container-core-columns-is-layout-28f84493 wp-block-columns-is-layout-flex\">\n<div class=\"wp-block-column is-layout-flow wp-block-column-is-layout-flow\">\n<div class=\"wp-block-group alignfull has-global-padding is-layout-constrained wp-block-group-is-layout-constrained\">\n<p class=\"has-larger-font-size\">Le principe de Jordan rend hommage \u00e0 Jordan River Anderson, qui est d\u00e9c\u00e9d\u00e9 dans un h\u00f4pital de Winnipeg sans jamais avoir v\u00e9cu dans son foyer familial en raison d\u2019un litige de comp\u00e9tences entre le gouvernement f\u00e9d\u00e9ral et le gouvernement et provincial sur la question de savoir qui paierait pour les soins \u00e0 domicile.<\/p>\n\n\n\n<p class=\"has-larger-font-size\">En privil\u00e9giant \u00ab&nbsp;l\u2019enfant d\u2019abord&nbsp;\u00bb dans une optique d\u2019\u00e9galit\u00e9 r\u00e9elle, le principe de Jordan postule que c\u2019est au gouvernement contact\u00e9 en premier qu\u2019il incombe de prendre en consid\u00e9ration et d\u2019\u00e9valuer les besoins de chaque enfant, y compris les besoins d\u00e9coulant de son milieu culturel particulier, des d\u00e9savantages historiques auxquels il est confront\u00e9 et de l\u2019absence de services dans la r\u00e9serve ou \u00e0 proximit\u00e9. Le principe de Jordan est une r\u00e8gle juridique qui oblige le gouvernement f\u00e9d\u00e9ral \u00e0 combler les besoins des enfants des Premi\u00e8res Nations de mani\u00e8re telle \u00e0 leur garantir l\u2019acc\u00e8s aux services quand ils en ont besoin.<\/p>\n\n\n\n<div class=\"wp-block-group has-global-padding is-layout-constrained wp-container-core-group-is-layout-356f8e34 wp-block-group-is-layout-constrained\" style=\"padding-top:var(--wp--preset--spacing--48);padding-right:var(--wp--preset--spacing--192-flex);padding-bottom:var(--wp--preset--spacing--48);padding-left:var(--wp--preset--spacing--192-flex)\">\n<p><strong>Pour plus d\u2019information sur le principe de Jordan&nbsp;:<\/strong><\/p>\n\n\n\n<p><a href=\"https:\/\/fncaringsociety.com\/fr\/principe-de-jordan\" target=\"_blank\" rel=\"noreferrer noopener\">Soci\u00e9t\u00e9 de soutien \u00e0 l\u2019enfance<\/a><\/p>\n\n\n\n<p><a href=\"https:\/\/www.sac-isc.gc.ca\/fra\/1568396042341\/1568396159824\" target=\"_blank\" rel=\"noreferrer noopener\">Services aux autochtones Canada (SAC)<\/a><\/p>\n<\/div>\n\n\n\n<div style=\"height:50px\" aria-hidden=\"true\" class=\"wp-block-spacer\"><\/div>\n<\/div>\n<\/div>\n\n\n\n<div class=\"wp-block-column is-layout-flow wp-block-column-is-layout-flow\" style=\"flex-basis:25%\">\n<div class=\"wp-block-group has-global-padding is-layout-constrained wp-block-group-is-layout-constrained wp-container-1 is-position-sticky\">\n<figure class=\"wp-block-image size-large\"><img loading=\"lazy\" decoding=\"async\" width=\"717\" height=\"1024\" src=\"https:\/\/ifsd.ca\/wp-content\/uploads\/2024\/08\/jordans-principle-logo-teddy-only-717x1024.png\" alt=\"Jordan's Principle\" class=\"wp-image-3332\" srcset=\"https:\/\/ifsd.ca\/wp-content\/uploads\/2024\/08\/jordans-principle-logo-teddy-only-717x1024.png 717w, https:\/\/ifsd.ca\/wp-content\/uploads\/2024\/08\/jordans-principle-logo-teddy-only-210x300.png 210w, https:\/\/ifsd.ca\/wp-content\/uploads\/2024\/08\/jordans-principle-logo-teddy-only-768x1096.png 768w, https:\/\/ifsd.ca\/wp-content\/uploads\/2024\/08\/jordans-principle-logo-teddy-only.png 957w\" sizes=\"auto, (max-width: 717px) 100vw, 717px\" \/><\/figure>\n<\/div>\n<\/div>\n<\/div>\n<\/div>\n\n\n\n<div class=\"wp-block-group alignfull has-bg-grey-background-color has-background has-global-padding is-layout-constrained wp-block-group-is-layout-constrained\">\n<div style=\"height:100px\" aria-hidden=\"true\" class=\"wp-block-spacer\"><\/div>\n\n\n\n<div class=\"wp-block-columns is-layout-flex wp-container-core-columns-is-layout-28f84493 wp-block-columns-is-layout-flex\">\n<div class=\"wp-block-column is-layout-flow wp-block-column-is-layout-flow\" style=\"flex-basis:33.33%\">\n<div class=\"wp-block-buttons is-layout-flex wp-block-buttons-is-layout-flex\">\n<div class=\"wp-block-button is-style-ifsd-return-button\"><a class=\"wp-block-button__link wp-element-button\" href=\"https:\/\/ifsd.ca\/fr\/lactualite-de-lifpd\/#projets\">Retourner<\/a><\/div>\n<\/div>\n<\/div>\n<\/div>\n\n\n\n<div style=\"height:100px\" aria-hidden=\"true\" class=\"wp-block-spacer\"><\/div>\n<\/div>\n","protected":false},"excerpt":{"rendered":"<p>Principe de Jordan Le principe de Jordan rend hommage \u00e0 Jordan River Anderson, qui est d\u00e9c\u00e9d\u00e9 dans un h\u00f4pital de Winnipeg sans jamais avoir v\u00e9cu dans son foyer familial en raison d\u2019un litige de comp\u00e9tences entre le gouvernement f\u00e9d\u00e9ral et le gouvernement et provincial sur la question de savoir qui paierait pour les soins \u00e0<\/p>\n","protected":false},"author":1,"featured_media":0,"parent":0,"menu_order":370,"comment_status":"closed","ping_status":"closed","template":"","meta":{"_acf_changed":false,"footnotes":""},"class_list":["post-3465","page","type-page","status-publish","hentry"],"acf":[],"_links":{"self":[{"href":"https:\/\/ifsd.ca\/fr\/wp-json\/wp\/v2\/pages\/3465","targetHints":{"allow":["GET"]}}],"collection":[{"href":"https:\/\/ifsd.ca\/fr\/wp-json\/wp\/v2\/pages"}],"about":[{"href":"https:\/\/ifsd.ca\/fr\/wp-json\/wp\/v2\/types\/page"}],"author":[{"embeddable":true,"href":"https:\/\/ifsd.ca\/fr\/wp-json\/wp\/v2\/users\/1"}],"replies":[{"embeddable":true,"href":"https:\/\/ifsd.ca\/fr\/wp-json\/wp\/v2\/comments?post=3465"}],"version-history":[{"count":0,"href":"https:\/\/ifsd.ca\/fr\/wp-json\/wp\/v2\/pages\/3465\/revisions"}],"wp:attachment":[{"href":"https:\/\/ifsd.ca\/fr\/wp-json\/wp\/v2\/media?parent=3465"}],"curies":[{"name":"wp","href":"https:\/\/api.w.org\/{rel}","templated":true}]}}