{"id":3466,"date":"2024-09-19T20:37:41","date_gmt":"2024-09-19T20:37:41","guid":{"rendered":"https:\/\/ifsd.ca\/?page_id=3466"},"modified":"2024-09-19T21:12:36","modified_gmt":"2024-09-19T21:12:36","slug":"apercu-du-projet","status":"publish","type":"page","link":"https:\/\/ifsd.ca\/fr\/principe-de-jordan\/apercu-du-projet\/","title":{"rendered":"Aper\u00e7u du projet"},"content":{"rendered":"\n<div class=\"wp-block-group alignfull has-bg-grey-background-color has-background has-global-padding is-layout-constrained wp-block-group-is-layout-constrained\">\n<div style=\"height:50px\" aria-hidden=\"true\" class=\"wp-block-spacer\"><\/div>\n\n\n<div class=\"wp-block-heading-with-line\"><div class=\"the-line\"><\/div>\n<h2 class=\"wp-block-heading has-text-align-center is-style-ifsd-heading-with-line has-dark-gold-color has-text-color has-link-color has-xx-large-font-size wp-elements-8a091e53af1fa71672a976b111bfda1d\" style=\"padding-right:0;padding-left:1em;font-style:normal;font-weight:400;letter-spacing:1em;text-transform:uppercase\">Principe de Jordan<\/h2>\n<\/div>\n\n\n<p class=\"is-style-ifsd-bold-on-hover-links has-ifsd-blue-color has-text-color has-link-color wp-elements-45ea6f3c136568ef8f9d6d67c450b440\"><a href=\"https:\/\/ifsd.ca\/jordans-principle\/\" data-type=\"page\" data-id=\"634\"><i class=\"fas fa-angle-left\"><\/i> Retourner<\/a><\/p>\n\n\n\n<h3 class=\"wp-block-heading is-style-ifsd-section-heading has-mega-font-size\">Aper\u00e7u du projet<\/h3>\n\n\n\n<div style=\"height:50px\" aria-hidden=\"true\" class=\"wp-block-spacer\"><\/div>\n<\/div>\n\n\n\n<div class=\"wp-block-group is-style-ifsd-stretchable has-global-padding is-layout-constrained wp-block-group-is-layout-constrained\">\n<div style=\"height:50px\" aria-hidden=\"true\" class=\"wp-block-spacer\"><\/div>\n\n\n\n<p class=\"has-larger-font-size\">L\u2019Institut des finances publiques et de la d\u00e9mocratie (IFPD) a \u00e9t\u00e9 charg\u00e9 par la Soci\u00e9t\u00e9 de soutien \u00e0 l\u2019enfance des Premi\u00e8res Nations de mener des recherches suppl\u00e9mentaires sur le principe de Jordan, en application des ordonnances (2022 TCDP 8) du Tribunal canadien de droits de la personne (TCDP).<\/p>\n\n\n\n<p class=\"has-larger-font-size\">Le projet a pour but de pr\u00e9senter des recommandations sur la formulation et la mise en \u0153uvre de solutions structurelles visant \u00e0 obtenir une \u00e9galit\u00e9 r\u00e9elle pour les enfants, les jeunes et les familles des Premi\u00e8res Nations. Ces travaux s\u2019appuient sur les conclusions du rapport de l\u2019IFPD\u00a0<em><a href=\"https:\/\/ifsd.ca\/wp-content\/uploads\/2024\/07\/ifsd-report-2022-09-evaluation-des-donnees-et-elaboration-dune-analyse-de-legalite-reelle-par-lapplication-du-principe-de-jordan.pdf\" data-type=\"report\" data-id=\"3453\" target=\"_blank\" rel=\"noreferrer noopener\">\u00c9valuation des donn\u00e9es et \u00e9laboration d\u2019une analyse de l\u2019\u00e9galit\u00e9 r\u00e9elle par l\u2019application du principe de Jordan<\/a><\/em>, publi\u00e9 en septembre 2022.<\/p>\n\n\n\n<p class=\"has-larger-font-size\">Dans ce projet, l\u2019IFPD adoptera une approche&nbsp;<em>ascendante<\/em>&nbsp;ax\u00e9e sur la participation des personnes oeuvrant \u00e0 l\u2019application du principe de Jordan. Nous recourrons \u00e9galement \u00e0 d\u2019autres sources de donn\u00e9es primaires et secondaires.<\/p>\n\n\n\n<p class=\"has-larger-font-size\">Un groupe de travail repr\u00e9sentatif des diverses r\u00e9gions a \u00e9t\u00e9 mis sur pied pour apporter l\u2019\u00e9clairage des praticiens sur les r\u00e9alit\u00e9s op\u00e9rationnelles, les r\u00e9ussites\/d\u00e9fis et les consid\u00e9rations entourant le raffinement et l\u2019am\u00e9lioration des enjeux associ\u00e9s au principe de Jordan.<\/p>\n\n\n\n<p class=\"has-larger-font-size\">Le rapport final devrait \u00eatre achev\u00e9 pour d\u00e9cembre 2024.<\/p>\n\n\n\n<div style=\"height:50px\" aria-hidden=\"true\" class=\"wp-block-spacer\"><\/div>\n\n\n\n<h3 class=\"wp-block-heading has-text-align-left\"><strong>Mandat de l\u2019IFPD pour ce projet<\/strong><\/h3>\n\n\n\n<p class=\"has-larger-font-size\">L\u2019IFPD a pour mandat de donner suite (en partie) aux recommandations formul\u00e9es dans la Partie 1 et de proposer des options assurant la viabilit\u00e9 \u00e0 long terme du principe de Jordan par :<\/p>\n\n\n\n<ol style=\"padding-left:var(--wp--preset--spacing--128-flex)\" class=\"wp-block-list has-larger-font-size\">\n<li>La formulation d\u2019un cadre d\u2019orientation (p. ex. une approche visant \u00e0 mesurer\/suivre les r\u00e9sultats obtenus pour les enfants, \u00e0 \u00e9valuer le principe de Jordan, etc.).<\/li>\n\n\n\n<li>L\u2019examen des programmes et services existants.<\/li>\n\n\n\n<li>La d\u00e9finition d\u2019options et de consid\u00e9rations pour r\u00e9former la mise en \u0153uvre du principe de Jordan.<\/li>\n\n\n\n<li>L\u2019analyse financi\u00e8re et le chiffrage de la base de r\u00e9f\u00e9rence et de toutes r\u00e9formes propos\u00e9es.<\/li>\n<\/ol>\n\n\n\n<p class=\"has-text-align-left has-larger-font-size\"><strong>Pour plus de d\u00e9tails, <a href=\"https:\/\/ifsd.ca\/wp-content\/uploads\/2024\/07\/jordans-principle-2023-10-report-1-and-2-overview_fr.pdf\" target=\"_blank\" rel=\"noreferrer noopener\">voir cette pr\u00e9sentation<\/a>.<\/strong><\/p>\n\n\n\n<div style=\"height:50px\" aria-hidden=\"true\" class=\"wp-block-spacer\"><\/div>\n\n\n\n<h3 class=\"wp-block-heading has-text-align-left\"><strong>Comment puis-je contribuer ?<\/strong><\/h3>\n\n\n\n<p class=\"has-larger-font-size\">\u00a0C\u2019est avec plaisir que l\u2019IFPD prendra connaissance des suggestions que lui communiqueront les praticiens et autres experts souhaitant partager leurs exp\u00e9riences professionnelles concernant le principe de Jordan.<\/p>\n\n\n\n<p class=\"has-larger-font-size\">Vous pouvez nous faire part de ces exp\u00e9riences de diff\u00e9rentes fa\u00e7ons :<\/p>\n\n\n\n<ul style=\"padding-left:var(--wp--preset--spacing--128-flex)\" class=\"wp-block-list has-larger-font-size\">\n<li>Nous communiquer des rapports\/publications, des recherches, etc.<\/li>\n\n\n\n<li>Discussions individuelles avec l\u2019IFPD<\/li>\n\n\n\n<li>Discussions de groupe avec l\u2019IFPD<\/li>\n\n\n\n<li>Questions-r\u00e9ponses \u00e9crites<\/li>\n<\/ul>\n\n\n\n<div style=\"height:50px\" aria-hidden=\"true\" class=\"wp-block-spacer\"><\/div>\n\n\n\n<h3 class=\"wp-block-heading has-text-align-left\"><strong>Comment votre contribution sera utilis\u00e9e<\/strong><\/h3>\n\n\n\n<p class=\"has-larger-font-size\">L\u2019IFPD s\u2019appuiera sur les exp\u00e9riences des personnes qui oeuvrent \u00e0 l\u2019application du principe de Jordan pour brosser un portrait de sa mise en \u0153uvre et de ses r\u00e9sultats. L\u2019IFPD examinera les informations qui lui seront communiqu\u00e9es par \u00e9crit ou au cours de discussions, pour s\u2019en servir dans une \u00e9tude de cas ou une note d\u2019information. Nous soumettrons \u00e0 l\u2019interlocuteur un document expliquant l\u2019utilisation pr\u00e9vue des informations communiqu\u00e9es.\u00a0<em>Dans ses r\u00e9unions d\u2019information internes ou externes, l\u2019IFPD n\u2019utilisera pas les r\u00e9ponses d\u2019un interlocuteur et ne fera r\u00e9f\u00e9rence \u00e0 aucun interlocuteur en particulier sans son consentement \u00e9crit explicite.\u00a0\u00a0Les participants peuvent se retirer du projet \u00e0 tout moment, auquel cas toutes les donn\u00e9es qu\u2019ils auront communiqu\u00e9es seront d\u00e9truites.<\/em><\/p>\n\n\n\n<div style=\"height:50px\" aria-hidden=\"true\" class=\"wp-block-spacer\"><\/div>\n\n\n\n<h3 class=\"wp-block-heading\"><strong>Questions directrices<\/strong><\/h3>\n\n\n\n<p class=\"has-larger-font-size\">L\u2019IFPD souhaite conna\u00eetre quelles ont \u00e9t\u00e9 vos exp\u00e9riences professionnelles dans votre interaction avec le principe de Jordan. Les questions ci-dessous ont pour but de guider vos r\u00e9ponses \u00e9crites ou vos discussions avec nous.<\/p>\n\n\n\n<ol style=\"padding-left:var(--wp--preset--spacing--128-flex)\" class=\"wp-block-list has-larger-font-size\">\n<li>Quelle a \u00e9t\u00e9 votre exp\u00e9rience professionnelle concernant le principe de Jordan? Pouvez-vous citer des r\u00e9ussites, des probl\u00e8mes ou des possibilit\u00e9s d\u2019am\u00e9lioration?<\/li>\n\n\n\n<li>Est-ce que vous recommanderiez \u00e0 des clients\/patients de se pr\u00e9valoir du principe de Jordan? Pourquoi?<\/li>\n\n\n\n<li>Quels autres aspects aimeriez-vous que l\u2019IFPD comprenne au sujet de vos interactions avec le principe de Jordan?<\/li>\n<\/ol>\n\n\n\n<p class=\"has-larger-font-size\">Pour toute question ou contribution, contactez-nous \u00e0 <a href=\"mailto:info@ifsd.ca\">info@ifsd.ca<\/a><\/p>\n\n\n\n<div style=\"height:100px\" aria-hidden=\"true\" class=\"wp-block-spacer\"><\/div>\n<\/div>\n\n\n\n<div class=\"wp-block-group alignfull has-bg-grey-background-color has-background has-global-padding is-layout-constrained wp-block-group-is-layout-constrained\">\n<div style=\"height:100px\" aria-hidden=\"true\" class=\"wp-block-spacer\"><\/div>\n\n\n\n<div class=\"wp-block-columns is-layout-flex wp-container-core-columns-is-layout-28f84493 wp-block-columns-is-layout-flex\">\n<div class=\"wp-block-column is-layout-flow wp-block-column-is-layout-flow\" style=\"flex-basis:33.33%\">\n<div class=\"wp-block-buttons is-layout-flex wp-block-buttons-is-layout-flex\">\n<div class=\"wp-block-button is-style-ifsd-return-button\"><a class=\"wp-block-button__link wp-element-button\" href=\"https:\/\/ifsd.ca\/fr\/principe-de-jordan\/\">Retourner<\/a><\/div>\n<\/div>\n<\/div>\n<\/div>\n\n\n\n<div style=\"height:100px\" aria-hidden=\"true\" class=\"wp-block-spacer\"><\/div>\n<\/div>\n","protected":false},"excerpt":{"rendered":"<p>Principe de Jordan Retourner Aper\u00e7u du projet L\u2019Institut des finances publiques et de la d\u00e9mocratie (IFPD) a \u00e9t\u00e9 charg\u00e9 par la Soci\u00e9t\u00e9 de soutien \u00e0 l\u2019enfance des Premi\u00e8res Nations de mener des recherches suppl\u00e9mentaires sur le principe de Jordan, en application des ordonnances (2022 TCDP 8) du Tribunal canadien de droits de la personne (TCDP).<\/p>\n","protected":false},"author":1,"featured_media":0,"parent":3465,"menu_order":100,"comment_status":"closed","ping_status":"closed","template":"","meta":{"_acf_changed":false,"footnotes":""},"class_list":["post-3466","page","type-page","status-publish","hentry"],"acf":[],"_links":{"self":[{"href":"https:\/\/ifsd.ca\/fr\/wp-json\/wp\/v2\/pages\/3466","targetHints":{"allow":["GET"]}}],"collection":[{"href":"https:\/\/ifsd.ca\/fr\/wp-json\/wp\/v2\/pages"}],"about":[{"href":"https:\/\/ifsd.ca\/fr\/wp-json\/wp\/v2\/types\/page"}],"author":[{"embeddable":true,"href":"https:\/\/ifsd.ca\/fr\/wp-json\/wp\/v2\/users\/1"}],"replies":[{"embeddable":true,"href":"https:\/\/ifsd.ca\/fr\/wp-json\/wp\/v2\/comments?post=3466"}],"version-history":[{"count":0,"href":"https:\/\/ifsd.ca\/fr\/wp-json\/wp\/v2\/pages\/3466\/revisions"}],"up":[{"embeddable":true,"href":"https:\/\/ifsd.ca\/fr\/wp-json\/wp\/v2\/pages\/3465"}],"wp:attachment":[{"href":"https:\/\/ifsd.ca\/fr\/wp-json\/wp\/v2\/media?parent=3466"}],"curies":[{"name":"wp","href":"https:\/\/api.w.org\/{rel}","templated":true}]}}