{"id":3467,"date":"2024-09-19T20:37:41","date_gmt":"2024-09-19T20:37:41","guid":{"rendered":"https:\/\/ifsd.ca\/?page_id=3467"},"modified":"2024-09-19T21:16:59","modified_gmt":"2024-09-19T21:16:59","slug":"gestion-des-donnees","status":"publish","type":"page","link":"https:\/\/ifsd.ca\/fr\/principe-de-jordan\/gestion-des-donnees\/","title":{"rendered":"Gestion des donn\u00e9es"},"content":{"rendered":"\n<div class=\"wp-block-group alignfull has-bg-grey-background-color has-background has-global-padding is-layout-constrained wp-block-group-is-layout-constrained\">\n<div style=\"height:50px\" aria-hidden=\"true\" class=\"wp-block-spacer\"><\/div>\n\n\n<div class=\"wp-block-heading-with-line\"><div class=\"the-line\"><\/div>\n<h2 class=\"wp-block-heading has-text-align-center is-style-ifsd-heading-with-line has-dark-gold-color has-text-color has-link-color has-xx-large-font-size wp-elements-8a091e53af1fa71672a976b111bfda1d\" style=\"padding-right:0;padding-left:1em;font-style:normal;font-weight:400;letter-spacing:1em;text-transform:uppercase\">Principe de Jordan<\/h2>\n<\/div>\n\n\n<p class=\"is-style-ifsd-bold-on-hover-links has-ifsd-blue-color has-text-color has-link-color wp-elements-45ea6f3c136568ef8f9d6d67c450b440\"><a href=\"https:\/\/ifsd.ca\/jordans-principle\/\" data-type=\"page\" data-id=\"634\"><i class=\"fas fa-angle-left\"><\/i> Retourner<\/a><\/p>\n\n\n\n<h2 class=\"wp-block-heading is-style-ifsd-section-heading has-mega-font-size\">Gestion des donn\u00e9es<\/h2>\n\n\n\n<div style=\"height:50px\" aria-hidden=\"true\" class=\"wp-block-spacer\"><\/div>\n<\/div>\n\n\n\n<div class=\"wp-block-group alignfull is-style-ifsd-stretchable has-global-padding is-layout-constrained wp-block-group-is-layout-constrained\">\n<div style=\"height:50px\" aria-hidden=\"true\" class=\"wp-block-spacer\"><\/div>\n\n\n\n<h3 class=\"wp-block-heading is-style-ifsd-block-heading\"><strong>Gestion des donn\u00e9es et principes de PCAP\u00ae<\/strong><\/h3>\n\n\n\n<p class=\"has-larger-font-size\">Toutes les donn\u00e9es primaires seront conserv\u00e9es dans le syst\u00e8me de stockage infonuagique Microsoft et ne seront accessibles qu\u2019avec des mots de passe individuels. L\u2019IFPD utilisera les services de stockage de fichiers Microsoft Azure, situ\u00e9s exclusivement dans la zone g\u00e9ographique du centre du Canada d\u2019Azure (centre de donn\u00e9es de Toronto). Toutes les donn\u00e9es vers\u00e9es dans le centre de donn\u00e9es sont stock\u00e9es sous forme crypt\u00e9e. De plus, toutes les donn\u00e9es en transit sont \u00e9galement crypt\u00e9es, et le service n\u2019accepte aucune connexion non crypt\u00e9e.<\/p>\n\n\n\n<p class=\"has-larger-font-size\">Toutes les copies papier des donn\u00e9es (ou les copies \u00e9lectroniques fournies \u00e0 l\u2019IFPD sur une cl\u00e9 USB crypt\u00e9e) seront stock\u00e9es dans les installations de l\u2019IFPD, dans un classeur verrouill\u00e9 situ\u00e9 dans un bureau verrouill\u00e9. L\u2019espace \u00e0 bureau de l\u2019IFPD (abritant les bureaux individuels verrouill\u00e9s du personnel sup\u00e9rieur) n\u2019est lui-m\u00eame accessible qu\u2019avec une cl\u00e9.<\/p>\n\n\n\n<p class=\"has-larger-font-size\">L\u2019IFPD est conscient de son obligation de respecter les principes de PCAP\u00ae (propri\u00e9t\u00e9, contr\u00f4le, acc\u00e8s et possession). Consid\u00e9rant la nature de ce travail et des donn\u00e9es attendues (p. ex. professionnelles et non personnelles), l\u2019IFPD s\u2019efforcera de suivre les principes de PCAP\u00ae, en vertu desquels les Premi\u00e8res Nations qui collaborent avec l\u2019IFPD conservent la propri\u00e9t\u00e9, le contr\u00f4le, l\u2019acc\u00e8s et la possession de leurs donn\u00e9es lorsqu\u2019il y a lieu.<\/p>\n\n\n\n<p class=\"has-larger-font-size\"><strong>Les participants peuvent se retirer du projet \u00e0 tout moment, auquel cas toutes les donn\u00e9es qu\u2019ils auront communiqu\u00e9es \u00e0 l\u2019IFPD seront d\u00e9truites.<\/strong><\/p>\n\n\n\n<div style=\"height:100px\" aria-hidden=\"true\" class=\"wp-block-spacer\"><\/div>\n<\/div>\n\n\n\n<div class=\"wp-block-group alignfull has-bg-grey-background-color has-background has-global-padding is-layout-constrained wp-block-group-is-layout-constrained\">\n<div style=\"height:100px\" aria-hidden=\"true\" class=\"wp-block-spacer\"><\/div>\n\n\n\n<div class=\"wp-block-columns is-layout-flex wp-container-core-columns-is-layout-28f84493 wp-block-columns-is-layout-flex\">\n<div class=\"wp-block-column is-layout-flow wp-block-column-is-layout-flow\" style=\"flex-basis:33.33%\">\n<div class=\"wp-block-buttons is-layout-flex wp-block-buttons-is-layout-flex\">\n<div class=\"wp-block-button is-style-ifsd-return-button\"><a class=\"wp-block-button__link wp-element-button\" href=\"https:\/\/ifsd.ca\/fr\/principe-de-jordan\/\">Retourner<\/a><\/div>\n<\/div>\n<\/div>\n<\/div>\n\n\n\n<div style=\"height:100px\" aria-hidden=\"true\" class=\"wp-block-spacer\"><\/div>\n<\/div>\n","protected":false},"excerpt":{"rendered":"<p>Principe de Jordan Retourner Gestion des donn\u00e9es Gestion des donn\u00e9es et principes de PCAP\u00ae Toutes les donn\u00e9es primaires seront conserv\u00e9es dans le syst\u00e8me de stockage infonuagique Microsoft et ne seront accessibles qu\u2019avec des mots de passe individuels. L\u2019IFPD utilisera les services de stockage de fichiers Microsoft Azure, situ\u00e9s exclusivement dans la zone g\u00e9ographique du centre<\/p>\n","protected":false},"author":1,"featured_media":0,"parent":3465,"menu_order":200,"comment_status":"closed","ping_status":"closed","template":"","meta":{"_acf_changed":false,"footnotes":""},"class_list":["post-3467","page","type-page","status-publish","hentry"],"acf":[],"_links":{"self":[{"href":"https:\/\/ifsd.ca\/fr\/wp-json\/wp\/v2\/pages\/3467","targetHints":{"allow":["GET"]}}],"collection":[{"href":"https:\/\/ifsd.ca\/fr\/wp-json\/wp\/v2\/pages"}],"about":[{"href":"https:\/\/ifsd.ca\/fr\/wp-json\/wp\/v2\/types\/page"}],"author":[{"embeddable":true,"href":"https:\/\/ifsd.ca\/fr\/wp-json\/wp\/v2\/users\/1"}],"replies":[{"embeddable":true,"href":"https:\/\/ifsd.ca\/fr\/wp-json\/wp\/v2\/comments?post=3467"}],"version-history":[{"count":0,"href":"https:\/\/ifsd.ca\/fr\/wp-json\/wp\/v2\/pages\/3467\/revisions"}],"up":[{"embeddable":true,"href":"https:\/\/ifsd.ca\/fr\/wp-json\/wp\/v2\/pages\/3465"}],"wp:attachment":[{"href":"https:\/\/ifsd.ca\/fr\/wp-json\/wp\/v2\/media?parent=3467"}],"curies":[{"name":"wp","href":"https:\/\/api.w.org\/{rel}","templated":true}]}}