{"id":3469,"date":"2024-09-19T20:37:41","date_gmt":"2024-09-19T20:37:41","guid":{"rendered":"https:\/\/ifsd.ca\/?page_id=3469"},"modified":"2024-09-24T20:59:48","modified_gmt":"2024-09-24T20:59:48","slug":"rapports-precedents","status":"publish","type":"page","link":"https:\/\/ifsd.ca\/fr\/principe-de-jordan\/rapports-precedents\/","title":{"rendered":"Rapports pr\u00e9c\u00e9dents"},"content":{"rendered":"\n<div class=\"wp-block-group alignfull has-bg-grey-background-color has-background has-global-padding is-layout-constrained wp-block-group-is-layout-constrained\">\n<div style=\"height:50px\" aria-hidden=\"true\" class=\"wp-block-spacer\"><\/div>\n\n\n<div class=\"wp-block-heading-with-line\"><div class=\"the-line\"><\/div>\n<h2 class=\"wp-block-heading has-text-align-center is-style-ifsd-heading-with-line has-dark-gold-color has-text-color has-link-color has-xx-large-font-size wp-elements-8a091e53af1fa71672a976b111bfda1d\" style=\"padding-right:0;padding-left:1em;font-style:normal;font-weight:400;letter-spacing:1em;text-transform:uppercase\">Principe de Jordan<\/h2>\n<\/div>\n\n\n<p class=\"is-style-ifsd-bold-on-hover-links has-ifsd-blue-color has-text-color has-link-color wp-elements-45ea6f3c136568ef8f9d6d67c450b440\"><a href=\"https:\/\/ifsd.ca\/jordans-principle\/\" data-type=\"page\" data-id=\"634\"><i class=\"fas fa-angle-left\"><\/i> Retourner<\/a><\/p>\n\n\n\n<h3 class=\"wp-block-heading is-style-ifsd-section-heading has-mega-font-size\">Rapports pr\u00e9c\u00e9dents<\/h3>\n\n\n\n<div style=\"height:50px\" aria-hidden=\"true\" class=\"wp-block-spacer\"><\/div>\n<\/div>\n\n\n\n<div class=\"wp-block-group is-layout-flow wp-block-group-is-layout-flow\">\n<div style=\"height:100px\" aria-hidden=\"true\" class=\"wp-block-spacer\"><\/div>\n\n\n\n<div class=\"wp-block-columns is-layout-flex wp-container-core-columns-is-layout-2402e25a wp-block-columns-is-layout-flex\">\n<div class=\"wp-block-column is-style-ifsd-center-mobile-stack is-layout-flow wp-block-column-is-layout-flow\" style=\"flex-basis:33%\">\n<figure class=\"wp-block-image alignright size-large is-style-ifsd-pdf-image-link\"><a href=\"https:\/\/ifsd.ca\/wp-content\/uploads\/2024\/07\/jordans-principle-8562_ifsd-report_fr_f2.pdf\" target=\"_blank\" rel=\"noreferrer noopener\"><img loading=\"lazy\" decoding=\"async\" width=\"797\" height=\"1024\" src=\"https:\/\/ifsd.ca\/wp-content\/uploads\/2024\/07\/ifsd-report-2022-09-evaluation-des-donnees-et-elaboration-dune-analyse-de-legalite-reelle-par-lapplication-du-principe-de-jordan-797x1024.png\" alt=\"\" class=\"wp-image-3456\" style=\"object-fit:cover\" srcset=\"https:\/\/ifsd.ca\/wp-content\/uploads\/2024\/07\/ifsd-report-2022-09-evaluation-des-donnees-et-elaboration-dune-analyse-de-legalite-reelle-par-lapplication-du-principe-de-jordan-797x1024.png 797w, https:\/\/ifsd.ca\/wp-content\/uploads\/2024\/07\/ifsd-report-2022-09-evaluation-des-donnees-et-elaboration-dune-analyse-de-legalite-reelle-par-lapplication-du-principe-de-jordan-233x300.png 233w, https:\/\/ifsd.ca\/wp-content\/uploads\/2024\/07\/ifsd-report-2022-09-evaluation-des-donnees-et-elaboration-dune-analyse-de-legalite-reelle-par-lapplication-du-principe-de-jordan-768x987.png 768w, https:\/\/ifsd.ca\/wp-content\/uploads\/2024\/07\/ifsd-report-2022-09-evaluation-des-donnees-et-elaboration-dune-analyse-de-legalite-reelle-par-lapplication-du-principe-de-jordan-1195x1536.png 1195w, https:\/\/ifsd.ca\/wp-content\/uploads\/2024\/07\/ifsd-report-2022-09-evaluation-des-donnees-et-elaboration-dune-analyse-de-legalite-reelle-par-lapplication-du-principe-de-jordan.png 1282w\" sizes=\"auto, (max-width: 797px) 100vw, 797px\" \/><\/a><\/figure>\n<\/div>\n\n\n\n<div class=\"wp-block-column is-layout-flow wp-block-column-is-layout-flow\">\n<h2 class=\"wp-block-heading is-style-ifsd-section-heading has-mega-font-size\">\u00c9valuation des donn\u00e9es et \u00e9laboration d\u2019une analyse de l\u2019\u00e9galit\u00e9 r\u00e9elle par l\u2019application du principe de Jordan<\/h2>\n\n\n\n<h2 class=\"wp-block-heading is-style-ifsd-block-heading has-large-font-size\">Auteure :<\/h2>\n\n\n\n<p class=\"has-ifsd-blue-color has-text-color has-link-color has-large-font-size wp-elements-1ca807ab7d1d1e9d8d7213b989e8c64b\">Dr. Helaina Gaspard, Directrice, <br>Gouvernance et institutions<\/p>\n\n\n\n<p class=\"has-ifsd-blue-color has-text-color has-link-color has-large-font-size wp-elements-a728690b0da84617732641a443cb5e0b\"><a href=\"mailto:helaina.gaspard@ifsd.ca\">helaina.gaspard@ifsd.ca<\/a><\/p>\n\n\n<div id=\"ifsd-learn-more-button-link-block_346a2e85c1818fdb73691a634b041359\" class=\"ifsd-learn-more-button\">\n\t<a class=\"ifsd-learn-more-button__link\" href=\"https:\/\/ifsd.ca\/wp-content\/uploads\/2024\/07\/jordans-principle-8562_ifsd-report_fr_f2.pdf\" target=\"_blank\" rel=\"noopener\">\n\t\t<span id=\"ifsd-learn-more-button-link-text-block_346a2e85c1818fdb73691a634b041359\" class=\"ifsd-learn-more-button-link-text\">\n\t\t\tLire la suite\t\t<\/span>\n\t\t<span id=\"ifsd-learn-more-button-link-marker-block_346a2e85c1818fdb73691a634b041359\" class=\"ifsd-learn-more-button-link-marker\">\n\t\t\t<svg class=\"ifsd-learn-more-button-link-marker-svg\" xmlns=\"http:\/\/www.w3.org\/2000\/svg\" xml:space=\"preserve\" viewBox=\"0 0 24 24\">\n\t\t\t\t<path class=\"ifsd-learn-more-button-link-marker-svg-bullet\" fill=\"currentColor\" d=\"M12 1a11 11 0 0 1 11 11 11 11 0 0 1-11 11A11 11 0 0 1 1 12 11 11 0 0 1 12 1zM9.7 18.7l6.7-6.7-6.7-6.7-1.4 1.4 5.3 5.3-5.3 5.3 1.4 1.4z\"\/>\n\t\t\t\t<path class=\"ifsd-learn-more-button-link-marker-svg-arrow\" stroke=\"none\" stroke-width=\"2\" d=\"m9 18 6-6-6-6\"\/>\n\t\t\t<\/svg>\n\t\t<\/span>\n\t<\/a>\n<\/div>\n<\/div>\n<\/div>\n\n\n\n<div style=\"height:100px\" aria-hidden=\"true\" class=\"wp-block-spacer\"><\/div>\n<\/div>\n\n\n\n<div class=\"wp-block-group alignfull has-bg-grey-background-color has-background has-global-padding is-layout-constrained wp-block-group-is-layout-constrained\">\n<div style=\"height:100px\" aria-hidden=\"true\" class=\"wp-block-spacer\"><\/div>\n\n\n\n<div class=\"wp-block-columns is-layout-flex wp-container-core-columns-is-layout-28f84493 wp-block-columns-is-layout-flex\">\n<div class=\"wp-block-column is-layout-flow wp-block-column-is-layout-flow\" style=\"flex-basis:33.33%\">\n<div class=\"wp-block-buttons is-layout-flex wp-block-buttons-is-layout-flex\">\n<div class=\"wp-block-button is-style-ifsd-return-button\"><a class=\"wp-block-button__link wp-element-button\" href=\"https:\/\/ifsd.ca\/fr\/principe-de-jordan\/\">Retourner<\/a><\/div>\n<\/div>\n<\/div>\n<\/div>\n\n\n\n<div style=\"height:100px\" aria-hidden=\"true\" class=\"wp-block-spacer\"><\/div>\n<\/div>\n","protected":false},"excerpt":{"rendered":"<p>Principe de Jordan Retourner Rapports pr\u00e9c\u00e9dents \u00c9valuation des donn\u00e9es et \u00e9laboration d\u2019une analyse de l\u2019\u00e9galit\u00e9 r\u00e9elle par l\u2019application du principe de Jordan Auteure : Dr. Helaina Gaspard, Directrice, Gouvernance et institutions helaina.gaspard@ifsd.ca<\/p>\n","protected":false},"author":1,"featured_media":0,"parent":3465,"menu_order":400,"comment_status":"closed","ping_status":"closed","template":"","meta":{"_acf_changed":false,"footnotes":""},"class_list":["post-3469","page","type-page","status-publish","hentry"],"acf":[],"_links":{"self":[{"href":"https:\/\/ifsd.ca\/fr\/wp-json\/wp\/v2\/pages\/3469","targetHints":{"allow":["GET"]}}],"collection":[{"href":"https:\/\/ifsd.ca\/fr\/wp-json\/wp\/v2\/pages"}],"about":[{"href":"https:\/\/ifsd.ca\/fr\/wp-json\/wp\/v2\/types\/page"}],"author":[{"embeddable":true,"href":"https:\/\/ifsd.ca\/fr\/wp-json\/wp\/v2\/users\/1"}],"replies":[{"embeddable":true,"href":"https:\/\/ifsd.ca\/fr\/wp-json\/wp\/v2\/comments?post=3469"}],"version-history":[{"count":0,"href":"https:\/\/ifsd.ca\/fr\/wp-json\/wp\/v2\/pages\/3469\/revisions"}],"up":[{"embeddable":true,"href":"https:\/\/ifsd.ca\/fr\/wp-json\/wp\/v2\/pages\/3465"}],"wp:attachment":[{"href":"https:\/\/ifsd.ca\/fr\/wp-json\/wp\/v2\/media?parent=3469"}],"curies":[{"name":"wp","href":"https:\/\/api.w.org\/{rel}","templated":true}]}}