{"id":3476,"date":"2024-06-25T08:13:51","date_gmt":"2024-06-25T08:13:51","guid":{"rendered":"https:\/\/ifsd.ca\/?page_id=3476"},"modified":"2024-09-19T21:58:16","modified_gmt":"2024-09-19T21:58:16","slug":"abonnement-merci","status":"publish","type":"page","link":"https:\/\/ifsd.ca\/fr\/abonnement-merci\/","title":{"rendered":"Abonnement Merci"},"content":{"rendered":"\n<div style=\"height:100px\" aria-hidden=\"true\" class=\"wp-block-spacer\"><\/div>\n\n\n\n<div class=\"wp-block-group has-global-padding is-layout-constrained wp-container-core-group-is-layout-73405a87 wp-block-group-is-layout-constrained\">\n<h2 class=\"wp-block-heading has-text-align-center is-style-ifsd-section-heading has-dark-gold-color has-text-color has-link-color wp-elements-0de2bbd02410cbd2e289a3d7e43d301d\">Presque termin\u00e9 !<\/h2>\n\n\n\n<div style=\"height:25px\" aria-hidden=\"true\" class=\"wp-block-spacer\"><\/div>\n\n\n\n<h2 class=\"wp-block-heading has-text-align-center is-style-ifsd-block-heading\">Pour finaliser votre abonnement, veuillez cliquer sur le lien de confirmation dans votre bo\u00eete de r\u00e9ception.<\/h2>\n\n\n\n<div style=\"height:25px\" aria-hidden=\"true\" class=\"wp-block-spacer\"><\/div>\n\n\n\n<p class=\"has-text-align-center has-x-large-font-size\">Nous sommes ravis de vous compter parmi nous.\u00a0 Votre inscription est presque termin\u00e9e. Veuillez confirmer votre adresse \u00e9lectronique pour commencer \u00e0 recevoir les derni\u00e8res mises \u00e0 jour de l&rsquo;IFSD.<\/p>\n\n\n\n<div style=\"height:100px\" aria-hidden=\"true\" class=\"wp-block-spacer\"><\/div>\n\n\n\n<figure class=\"wp-block-image aligncenter size-medium\"><img loading=\"lazy\" decoding=\"async\" width=\"300\" height=\"97\" src=\"https:\/\/ifsd.ca\/wp-content\/uploads\/2024\/07\/mailchimp-logo-300x97.png\" alt=\"\" class=\"wp-image-916\" srcset=\"https:\/\/ifsd.ca\/wp-content\/uploads\/2024\/07\/mailchimp-logo-300x97.png 300w, https:\/\/ifsd.ca\/wp-content\/uploads\/2024\/07\/mailchimp-logo-1024x332.png 1024w, https:\/\/ifsd.ca\/wp-content\/uploads\/2024\/07\/mailchimp-logo-768x249.png 768w, https:\/\/ifsd.ca\/wp-content\/uploads\/2024\/07\/mailchimp-logo-1536x498.png 1536w, https:\/\/ifsd.ca\/wp-content\/uploads\/2024\/07\/mailchimp-logo.png 1850w\" sizes=\"auto, (max-width: 300px) 100vw, 300px\" \/><\/figure>\n<\/div>\n\n\n\n<div style=\"height:100px\" aria-hidden=\"true\" class=\"wp-block-spacer\"><\/div>\n\n\n\n<div class=\"wp-block-group alignfull has-bg-grey-background-color has-background has-global-padding is-layout-constrained wp-block-group-is-layout-constrained\">\n<div style=\"height:100px\" aria-hidden=\"true\" class=\"wp-block-spacer\"><\/div>\n\n\n\n<div class=\"wp-block-columns is-layout-flex wp-container-core-columns-is-layout-28f84493 wp-block-columns-is-layout-flex\">\n<div class=\"wp-block-column is-layout-flow wp-block-column-is-layout-flow\" style=\"flex-basis:33.33%\">\n<div class=\"wp-block-buttons is-layout-flex wp-block-buttons-is-layout-flex\">\n<div class=\"wp-block-button is-style-ifsd-return-url-redirect\"><a class=\"wp-block-button__link wp-element-button\" href=\"https:\/\/ifsd.ca\">Return<\/a><\/div>\n<\/div>\n<\/div>\n<\/div>\n\n\n\n<div style=\"height:100px\" aria-hidden=\"true\" class=\"wp-block-spacer\"><\/div>\n<\/div>\n","protected":false},"excerpt":{"rendered":"<p>Presque termin\u00e9 ! Pour finaliser votre abonnement, veuillez cliquer sur le lien de confirmation dans votre bo\u00eete de r\u00e9ception. Nous sommes ravis de vous compter parmi nous.\u00a0 Votre inscription est presque termin\u00e9e. Veuillez confirmer votre adresse \u00e9lectronique pour commencer \u00e0 recevoir les derni\u00e8res mises \u00e0 jour de l&rsquo;IFSD.<\/p>\n","protected":false},"author":1,"featured_media":0,"parent":0,"menu_order":3000,"comment_status":"closed","ping_status":"closed","template":"","meta":{"_acf_changed":false,"footnotes":""},"class_list":["post-3476","page","type-page","status-publish","hentry"],"acf":[],"_links":{"self":[{"href":"https:\/\/ifsd.ca\/fr\/wp-json\/wp\/v2\/pages\/3476","targetHints":{"allow":["GET"]}}],"collection":[{"href":"https:\/\/ifsd.ca\/fr\/wp-json\/wp\/v2\/pages"}],"about":[{"href":"https:\/\/ifsd.ca\/fr\/wp-json\/wp\/v2\/types\/page"}],"author":[{"embeddable":true,"href":"https:\/\/ifsd.ca\/fr\/wp-json\/wp\/v2\/users\/1"}],"replies":[{"embeddable":true,"href":"https:\/\/ifsd.ca\/fr\/wp-json\/wp\/v2\/comments?post=3476"}],"version-history":[{"count":0,"href":"https:\/\/ifsd.ca\/fr\/wp-json\/wp\/v2\/pages\/3476\/revisions"}],"wp:attachment":[{"href":"https:\/\/ifsd.ca\/fr\/wp-json\/wp\/v2\/media?parent=3476"}],"curies":[{"name":"wp","href":"https:\/\/api.w.org\/{rel}","templated":true}]}}