{"id":4027,"date":"2025-06-16T17:56:08","date_gmt":"2025-06-16T17:56:08","guid":{"rendered":"https:\/\/ifsd.ca\/?page_id=4027"},"modified":"2025-08-22T21:48:11","modified_gmt":"2025-08-22T21:48:11","slug":"phase-3","status":"publish","type":"page","link":"https:\/\/ifsd.ca\/fr\/sefpn\/agences\/phase-3\/","title":{"rendered":"Phase 3"},"content":{"rendered":"\n<div class=\"wp-block-group alignfull has-bg-grey-background-color has-background has-global-padding is-layout-constrained wp-block-group-is-layout-constrained\">\n<div style=\"height:50px\" aria-hidden=\"true\" class=\"wp-block-spacer\"><\/div>\n\n\n<div class=\"wp-block-heading-with-line\"><div class=\"the-line\"><\/div>\n<h2 class=\"wp-block-heading has-text-align-center is-style-ifsd-heading-with-line has-dark-gold-color has-text-color has-link-color has-xx-large-font-size wp-elements-240ba785bf124d481d7c88a8047ab3e3\" style=\"padding-right:0;padding-left:1em;font-style:normal;font-weight:400;letter-spacing:1em\">SEFPN<\/h2>\n<\/div>\n\n\n<p class=\"is-style-ifsd-bold-on-hover-links has-ifsd-blue-color has-text-color has-link-color wp-elements-c256bef4ca577b3fb33dbb9b1f6e584d\"><a href=\"https:\/\/ifsd.ca\/fr\/sefpn\/agences\/\" data-type=\"page\" data-id=\"634\"><i class=\"fas fa-angle-left\"><\/i> Retourner<\/a><\/p>\n\n\n\n<h2 class=\"wp-block-heading is-style-ifsd-section-heading has-mega-font-size\"><strong>Agences de SEFPN<\/strong><\/h2>\n\n\n\n<h3 class=\"wp-block-heading is-style-ifsd-section-heading has-dark-gold-color has-text-color has-link-color has-mega-font-size wp-elements-1c8bec53511ac293ee86d0ca18ad4444\">Phase 3<\/h3>\n\n\n\n<div style=\"height:50px\" aria-hidden=\"true\" class=\"wp-block-spacer\"><\/div>\n<\/div>\n\n\n\n<div class=\"wp-block-group alignfull has-global-padding is-layout-constrained wp-block-group-is-layout-constrained\">\n<div style=\"height:100px\" aria-hidden=\"true\" class=\"wp-block-spacer\"><\/div>\n<\/div>\n\n\n\n<div class=\"wp-block-group alignfull has-global-padding is-layout-constrained wp-block-group-is-layout-constrained\">\n<div style=\"height:100px\" aria-hidden=\"true\" class=\"wp-block-spacer\"><\/div>\n\n\n\n<div class=\"wp-block-columns is-layout-flex wp-container-core-columns-is-layout-c2d6fa21 wp-block-columns-is-layout-flex\">\n<div class=\"wp-block-column is-style-ifsd-center-mobile-stack is-layout-flow wp-block-column-is-layout-flow\">\n<figure class=\"wp-block-image alignright size-large is-style-ifsd-pdf-image-link\"><img loading=\"lazy\" decoding=\"async\" width=\"791\" height=\"1024\" src=\"https:\/\/ifsd.ca\/wp-content\/uploads\/2025\/08\/8833_IFSD_FNCFS-Phase-3-Report_French_Final_v2_cp-791x1024.png\" alt=\"\" class=\"wp-image-4239\" style=\"object-fit:cover\" srcset=\"https:\/\/ifsd.ca\/wp-content\/uploads\/2025\/08\/8833_IFSD_FNCFS-Phase-3-Report_French_Final_v2_cp-791x1024.png 791w, https:\/\/ifsd.ca\/wp-content\/uploads\/2025\/08\/8833_IFSD_FNCFS-Phase-3-Report_French_Final_v2_cp-232x300.png 232w, https:\/\/ifsd.ca\/wp-content\/uploads\/2025\/08\/8833_IFSD_FNCFS-Phase-3-Report_French_Final_v2_cp-768x994.png 768w, https:\/\/ifsd.ca\/wp-content\/uploads\/2025\/08\/8833_IFSD_FNCFS-Phase-3-Report_French_Final_v2_cp.png 897w\" sizes=\"auto, (max-width: 791px) 100vw, 791px\" \/><\/figure>\n<\/div>\n\n\n\n<div class=\"wp-block-column is-layout-flow wp-block-column-is-layout-flow\">\n<h2 class=\"wp-block-heading is-style-ifsd-section-heading has-mega-font-size\">Le financement des services \u00e0 l\u2019enfance et \u00e0 la famille des Premi\u00e8res Nations (SEFPN) : Sch\u00e9ma directeur pour la r\u00e9forme du programme<\/h2>\n\n\n\n<h2 class=\"wp-block-heading is-style-ifsd-block-heading has-large-font-size\">Auteure:<\/h2>\n\n\n\n<p class=\"has-ifsd-blue-color has-text-color has-link-color has-large-font-size wp-elements-05d6f0cf1d113189d405377b79200e4a\">Dr. Helaina Gaspard, Directrice G\u00e9n\u00e9rale&nbsp;<\/p>\n\n\n\n<p class=\"has-ifsd-blue-color has-text-color has-link-color has-large-font-size wp-elements-a728690b0da84617732641a443cb5e0b\"><a href=\"mailto:helaina.gaspard@ifsd.ca\">helaina.gaspard@ifsd.ca<\/a><\/p>\n\n\n\n<p><a href=\"https:\/\/ifsd.ca\/wp-content\/uploads\/2025\/08\/8833_IFSD_FNCFS-Phase-3-Report_French_SOMMAIRE_Final_v2_cp.pdf\" target=\"_blank\" rel=\"noreferrer noopener\">Lire le r\u00e9sum\u00e9 ex\u00e9cutif<\/a><\/p>\n\n\n<div id=\"ifsd-learn-more-button-link-block_fbebdd45896a2c9b48dc31526d96c53c\" class=\"ifsd-learn-more-button\">\n\t<a class=\"ifsd-learn-more-button__link\" href=\"https:\/\/ifsd.ca\/wp-content\/uploads\/2025\/08\/8833_IFSD_FNCFS-Phase-3-Report_French_Final_v2_cp.pdf\" target=\"_blank\" rel=\"noopener\">\n\t\t<span id=\"ifsd-learn-more-button-link-text-block_fbebdd45896a2c9b48dc31526d96c53c\" class=\"ifsd-learn-more-button-link-text\">\n\t\t\tVoir le rapport\t\t<\/span>\n\t\t<span id=\"ifsd-learn-more-button-link-marker-block_fbebdd45896a2c9b48dc31526d96c53c\" class=\"ifsd-learn-more-button-link-marker\">\n\t\t\t<svg class=\"ifsd-learn-more-button-link-marker-svg\" xmlns=\"http:\/\/www.w3.org\/2000\/svg\" xml:space=\"preserve\" viewBox=\"0 0 24 24\">\n\t\t\t\t<path class=\"ifsd-learn-more-button-link-marker-svg-bullet\" fill=\"currentColor\" d=\"M12 1a11 11 0 0 1 11 11 11 11 0 0 1-11 11A11 11 0 0 1 1 12 11 11 0 0 1 12 1zM9.7 18.7l6.7-6.7-6.7-6.7-1.4 1.4 5.3 5.3-5.3 5.3 1.4 1.4z\"\/>\n\t\t\t\t<path class=\"ifsd-learn-more-button-link-marker-svg-arrow\" stroke=\"none\" stroke-width=\"2\" d=\"m9 18 6-6-6-6\"\/>\n\t\t\t<\/svg>\n\t\t<\/span>\n\t<\/a>\n<\/div>\n<\/div>\n<\/div>\n\n\n\n<div style=\"height:100px\" aria-hidden=\"true\" class=\"wp-block-spacer\"><\/div>\n<\/div>\n\n\n\n<div class=\"wp-block-group alignfull has-bg-grey-background-color has-background has-global-padding is-layout-constrained wp-block-group-is-layout-constrained\">\n<div style=\"height:100px\" aria-hidden=\"true\" class=\"wp-block-spacer\"><\/div>\n\n\n\n<div class=\"wp-block-columns is-layout-flex wp-container-core-columns-is-layout-28f84493 wp-block-columns-is-layout-flex\">\n<div class=\"wp-block-column is-layout-flow wp-block-column-is-layout-flow\" style=\"flex-basis:33.33%\">\n<div class=\"wp-block-buttons is-layout-flex wp-block-buttons-is-layout-flex\">\n<div class=\"wp-block-button is-style-ifsd-return-button\"><a class=\"wp-block-button__link wp-element-button\" href=\"https:\/\/ifsd.ca\/fr\/sefpn\/agences\/\">Retourner<\/a><\/div>\n<\/div>\n<\/div>\n<\/div>\n\n\n\n<div style=\"height:100px\" aria-hidden=\"true\" class=\"wp-block-spacer\"><\/div>\n<\/div>\n","protected":false},"excerpt":{"rendered":"<p>SEFPN Retourner Agences de SEFPN Phase 3 Le financement des services \u00e0 l\u2019enfance et \u00e0 la famille des Premi\u00e8res Nations (SEFPN) : Sch\u00e9ma directeur pour la r\u00e9forme du programme Auteure: Dr. Helaina Gaspard, Directrice G\u00e9n\u00e9rale&nbsp; helaina.gaspard@ifsd.ca Lire le r\u00e9sum\u00e9 ex\u00e9cutif<\/p>\n","protected":false},"author":6,"featured_media":0,"parent":3411,"menu_order":0,"comment_status":"closed","ping_status":"closed","template":"","meta":{"_acf_changed":false,"footnotes":""},"class_list":["post-4027","page","type-page","status-publish","hentry"],"acf":[],"_links":{"self":[{"href":"https:\/\/ifsd.ca\/fr\/wp-json\/wp\/v2\/pages\/4027","targetHints":{"allow":["GET"]}}],"collection":[{"href":"https:\/\/ifsd.ca\/fr\/wp-json\/wp\/v2\/pages"}],"about":[{"href":"https:\/\/ifsd.ca\/fr\/wp-json\/wp\/v2\/types\/page"}],"author":[{"embeddable":true,"href":"https:\/\/ifsd.ca\/fr\/wp-json\/wp\/v2\/users\/6"}],"replies":[{"embeddable":true,"href":"https:\/\/ifsd.ca\/fr\/wp-json\/wp\/v2\/comments?post=4027"}],"version-history":[{"count":6,"href":"https:\/\/ifsd.ca\/fr\/wp-json\/wp\/v2\/pages\/4027\/revisions"}],"predecessor-version":[{"id":4253,"href":"https:\/\/ifsd.ca\/fr\/wp-json\/wp\/v2\/pages\/4027\/revisions\/4253"}],"up":[{"embeddable":true,"href":"https:\/\/ifsd.ca\/fr\/wp-json\/wp\/v2\/pages\/3411"}],"wp:attachment":[{"href":"https:\/\/ifsd.ca\/fr\/wp-json\/wp\/v2\/media?parent=4027"}],"curies":[{"name":"wp","href":"https:\/\/api.w.org\/{rel}","templated":true}]}}