{"id":4065,"date":"2025-07-03T18:36:48","date_gmt":"2025-07-03T18:36:48","guid":{"rendered":"https:\/\/ifsd.ca\/?page_id=4065"},"modified":"2025-07-03T18:40:21","modified_gmt":"2025-07-03T18:40:21","slug":"apercu-du-projet","status":"publish","type":"page","link":"https:\/\/ifsd.ca\/fr\/aide-au-revenu\/apercu-du-projet\/","title":{"rendered":"Aper\u00e7u du projet"},"content":{"rendered":"\n<div class=\"wp-block-group alignfull has-bg-grey-background-color has-background has-global-padding is-layout-constrained wp-block-group-is-layout-constrained\">\n<div style=\"height:50px\" aria-hidden=\"true\" class=\"wp-block-spacer\"><\/div>\n\n\n<div class=\"wp-block-heading-with-line\"><div class=\"the-line\"><\/div>\n<h2 class=\"wp-block-heading has-text-align-center is-style-ifsd-heading-with-line has-dark-gold-color has-text-color has-link-color has-xx-large-font-size wp-elements-8d7d3d2f77519c9ccc753b77272cedcb\" style=\"padding-right:0;padding-left:1em;font-style:normal;font-weight:400;letter-spacing:1em;text-transform:uppercase\">Aide au revenu<\/h2>\n<\/div>\n\n\n<p class=\"is-style-ifsd-bold-on-hover-links has-ifsd-blue-color has-text-color has-link-color wp-elements-769693c59c987fb7d5b65d30a108d21a\"><a href=\"https:\/\/ifsd.ca\/fr\/aide-au-revenu\/\" data-type=\"page\" data-id=\"634\"><i class=\"fas fa-angle-left\"><\/i> Retourner<\/a><\/p>\n\n\n\n<h3 class=\"wp-block-heading is-style-ifsd-section-heading has-mega-font-size\">Aper\u00e7u du projet<\/h3>\n\n\n\n<div style=\"height:50px\" aria-hidden=\"true\" class=\"wp-block-spacer\"><\/div>\n<\/div>\n\n\n\n<div class=\"wp-block-group alignfull has-global-padding is-layout-constrained wp-block-group-is-layout-constrained\">\n<div style=\"height:100px\" aria-hidden=\"true\" class=\"wp-block-spacer\"><\/div>\n\n\n\n<div class=\"wp-block-columns is-style-ifsd-hover-blocks is-layout-flex wp-container-core-columns-is-layout-28f84493 wp-block-columns-is-layout-flex\">\n<div class=\"wp-block-column is-layout-flow wp-block-column-is-layout-flow\" style=\"flex-basis:25%\">\n<div class=\"wp-block-cover has-custom-content-position is-position-bottom-left\"><a href=\"https:\/\/ifsd.ca\/fr\/aide-au-revenu\/apercu-du-projet\/#contenu\" target=\"_self\" rel=\"\" class=\"linked-block-link\"><img loading=\"lazy\" decoding=\"async\" width=\"2061\" height=\"2560\" class=\"wp-block-cover__image-background wp-image-3163\" alt=\"\" src=\"https:\/\/ifsd.ca\/wp-content\/uploads\/2024\/08\/8777_Project-Overview-scaled.jpg\" data-object-fit=\"cover\" srcset=\"https:\/\/ifsd.ca\/wp-content\/uploads\/2024\/08\/8777_Project-Overview-scaled.jpg 2061w, https:\/\/ifsd.ca\/wp-content\/uploads\/2024\/08\/8777_Project-Overview-242x300.jpg 242w, https:\/\/ifsd.ca\/wp-content\/uploads\/2024\/08\/8777_Project-Overview-824x1024.jpg 824w, https:\/\/ifsd.ca\/wp-content\/uploads\/2024\/08\/8777_Project-Overview-768x954.jpg 768w, https:\/\/ifsd.ca\/wp-content\/uploads\/2024\/08\/8777_Project-Overview-1237x1536.jpg 1237w, https:\/\/ifsd.ca\/wp-content\/uploads\/2024\/08\/8777_Project-Overview-1649x2048.jpg 1649w\" sizes=\"auto, (max-width: 2061px) 100vw, 2061px\" \/><span aria-hidden=\"true\" class=\"wp-block-cover__background has-black-background-color has-background-dim\"><\/span><div class=\"wp-block-cover__inner-container has-global-padding is-layout-constrained wp-block-cover-is-layout-constrained\">\n<h2 class=\"wp-block-heading has-text-align-left is-style-ifsd-cover-heading\">Aper\u00e7u du projet<\/h2>\n<\/div><\/a><\/div>\n<\/div>\n\n\n\n<div class=\"wp-block-column is-layout-flow wp-block-column-is-layout-flow\" style=\"flex-basis:25%\">\n<div class=\"wp-block-cover has-custom-content-position is-position-bottom-left\"><a href=\"https:\/\/ifsd.ca\/fr\/aide-au-revenu\/ethique-de-recherche\/#contenu\" target=\"_self\" rel=\"\" class=\"linked-block-link\"><img loading=\"lazy\" decoding=\"async\" width=\"2560\" height=\"1707\" class=\"wp-block-cover__image-background wp-image-3165\" alt=\"\" src=\"https:\/\/ifsd.ca\/wp-content\/uploads\/2024\/08\/8777_Reserach-ethics-scaled.jpg\" data-object-fit=\"cover\" srcset=\"https:\/\/ifsd.ca\/wp-content\/uploads\/2024\/08\/8777_Reserach-ethics-scaled.jpg 2560w, https:\/\/ifsd.ca\/wp-content\/uploads\/2024\/08\/8777_Reserach-ethics-300x200.jpg 300w, https:\/\/ifsd.ca\/wp-content\/uploads\/2024\/08\/8777_Reserach-ethics-1024x683.jpg 1024w, https:\/\/ifsd.ca\/wp-content\/uploads\/2024\/08\/8777_Reserach-ethics-768x512.jpg 768w, https:\/\/ifsd.ca\/wp-content\/uploads\/2024\/08\/8777_Reserach-ethics-1536x1024.jpg 1536w, https:\/\/ifsd.ca\/wp-content\/uploads\/2024\/08\/8777_Reserach-ethics-2048x1365.jpg 2048w\" sizes=\"auto, (max-width: 2560px) 100vw, 2560px\" \/><span aria-hidden=\"true\" class=\"wp-block-cover__background has-black-background-color has-background-dim\"><\/span><div class=\"wp-block-cover__inner-container has-global-padding is-layout-constrained wp-block-cover-is-layout-constrained\">\n<h2 class=\"wp-block-heading has-text-align-left is-style-ifsd-cover-heading\">\u00c9thique de recherche<\/h2>\n<\/div><\/a><\/div>\n<\/div>\n\n\n\n<div class=\"wp-block-column is-layout-flow wp-block-column-is-layout-flow\" style=\"flex-basis:25%\">\n<div class=\"wp-block-cover has-custom-content-position is-position-bottom-left\"><a href=\"https:\/\/ifsd.ca\/fr\/aide-au-revenu\/mises-a-jour-mensuelles\/#contenu\" target=\"_self\" rel=\"\" class=\"linked-block-link\"><img loading=\"lazy\" decoding=\"async\" width=\"2048\" height=\"2560\" class=\"wp-block-cover__image-background wp-image-3161\" alt=\"\" src=\"https:\/\/ifsd.ca\/wp-content\/uploads\/2024\/08\/8777_Monthly-Update-scaled.jpg\" data-object-fit=\"cover\" srcset=\"https:\/\/ifsd.ca\/wp-content\/uploads\/2024\/08\/8777_Monthly-Update-scaled.jpg 2048w, https:\/\/ifsd.ca\/wp-content\/uploads\/2024\/08\/8777_Monthly-Update-240x300.jpg 240w, https:\/\/ifsd.ca\/wp-content\/uploads\/2024\/08\/8777_Monthly-Update-819x1024.jpg 819w, https:\/\/ifsd.ca\/wp-content\/uploads\/2024\/08\/8777_Monthly-Update-768x960.jpg 768w, https:\/\/ifsd.ca\/wp-content\/uploads\/2024\/08\/8777_Monthly-Update-1229x1536.jpg 1229w, https:\/\/ifsd.ca\/wp-content\/uploads\/2024\/08\/8777_Monthly-Update-1638x2048.jpg 1638w\" sizes=\"auto, (max-width: 2048px) 100vw, 2048px\" \/><span aria-hidden=\"true\" class=\"wp-block-cover__background has-black-background-color has-background-dim\"><\/span><div class=\"wp-block-cover__inner-container has-global-padding is-layout-constrained wp-block-cover-is-layout-constrained\">\n<h2 class=\"wp-block-heading has-text-align-left is-style-ifsd-cover-heading\">Mises \u00e0 jour mensuelles<\/h2>\n<\/div><\/a><\/div>\n<\/div>\n\n\n\n<div class=\"wp-block-column is-layout-flow wp-block-column-is-layout-flow\" style=\"flex-basis:25%\">\n<div class=\"wp-block-cover has-custom-content-position is-position-bottom-left\"><a href=\"https:\/\/ifsd.ca\/fr\/aide-au-revenu\/faq\/#contenu\" target=\"_self\" rel=\"\" class=\"linked-block-link\"><img loading=\"lazy\" decoding=\"async\" width=\"2560\" height=\"1709\" class=\"wp-block-cover__image-background wp-image-250\" alt=\"\" src=\"https:\/\/ifsd.ca\/wp-content\/uploads\/2024\/06\/shutterstock_690298567-scaled.jpg\" data-object-fit=\"cover\" srcset=\"https:\/\/ifsd.ca\/wp-content\/uploads\/2024\/06\/shutterstock_690298567-scaled.jpg 2560w, https:\/\/ifsd.ca\/wp-content\/uploads\/2024\/06\/shutterstock_690298567-300x200.jpg 300w, https:\/\/ifsd.ca\/wp-content\/uploads\/2024\/06\/shutterstock_690298567-1024x683.jpg 1024w, https:\/\/ifsd.ca\/wp-content\/uploads\/2024\/06\/shutterstock_690298567-768x513.jpg 768w, https:\/\/ifsd.ca\/wp-content\/uploads\/2024\/06\/shutterstock_690298567-1536x1025.jpg 1536w, https:\/\/ifsd.ca\/wp-content\/uploads\/2024\/06\/shutterstock_690298567-2048x1367.jpg 2048w\" sizes=\"auto, (max-width: 2560px) 100vw, 2560px\" \/><span aria-hidden=\"true\" class=\"wp-block-cover__background has-black-background-color has-background-dim\"><\/span><div class=\"wp-block-cover__inner-container has-global-padding is-layout-constrained wp-block-cover-is-layout-constrained\">\n<h2 class=\"wp-block-heading has-text-align-left is-style-ifsd-cover-heading\">FAQ<\/h2>\n<\/div><\/a><\/div>\n<\/div>\n\n\n\n<div class=\"wp-block-column is-layout-flow wp-block-column-is-layout-flow\" style=\"flex-basis:25%\">\n<div class=\"wp-block-cover has-custom-content-position is-position-bottom-left\"><a href=\"https:\/\/ifsd.ca\/fr\/aide-au-revenu\/participez\/#contenu\" target=\"_self\" rel=\"\" class=\"linked-block-link\"><img loading=\"lazy\" decoding=\"async\" width=\"1024\" height=\"970\" class=\"wp-block-cover__image-background wp-image-4059 size-large\" alt=\"\" src=\"https:\/\/ifsd.ca\/wp-content\/uploads\/2025\/07\/get-involved-1024x970.jpg\" data-object-fit=\"cover\" srcset=\"https:\/\/ifsd.ca\/wp-content\/uploads\/2025\/07\/get-involved-1024x970.jpg 1024w, https:\/\/ifsd.ca\/wp-content\/uploads\/2025\/07\/get-involved-300x284.jpg 300w, https:\/\/ifsd.ca\/wp-content\/uploads\/2025\/07\/get-involved-768x727.jpg 768w, https:\/\/ifsd.ca\/wp-content\/uploads\/2025\/07\/get-involved-1536x1454.jpg 1536w, https:\/\/ifsd.ca\/wp-content\/uploads\/2025\/07\/get-involved.jpg 2048w\" sizes=\"auto, (max-width: 1024px) 100vw, 1024px\" \/><span aria-hidden=\"true\" class=\"wp-block-cover__background has-black-background-color has-background-dim\"><\/span><div class=\"wp-block-cover__inner-container has-global-padding is-layout-constrained wp-block-cover-is-layout-constrained\">\n<h2 class=\"wp-block-heading has-text-align-left is-style-ifsd-cover-heading\">Participez<\/h2>\n<\/div><\/a><\/div>\n<\/div>\n<\/div>\n\n\n\n<div style=\"height:1px\" aria-hidden=\"true\" id=\"contenu\" class=\"wp-block-spacer\"><\/div>\n\n\n\n<div style=\"height:100px\" aria-hidden=\"true\" class=\"wp-block-spacer\"><\/div>\n<\/div>\n\n\n\n<div class=\"wp-block-group has-global-padding is-layout-constrained wp-block-group-is-layout-constrained\">\n<div class=\"wp-block-group has-border-color has-dark-gold-border-color has-global-padding is-layout-constrained wp-container-core-group-is-layout-0ad7678d wp-block-group-is-layout-constrained\" style=\"border-width:1px;padding-top:var(--wp--preset--spacing--80-flex);padding-right:var(--wp--preset--spacing--80-flex);padding-bottom:var(--wp--preset--spacing--80-flex);padding-left:var(--wp--preset--spacing--80-flex)\">\n<p class=\"has-large-font-size\">L\u2019Assembl\u00e9e des Premi\u00e8res Nations (APN) a confi\u00e9 \u00e0 IFSD Advisors Ltd. le mandat d\u2019\u00e9laborer un mod\u00e8le de financement propre aux Premi\u00e8res Nations pour le Programme d\u2019aide au revenu (AR), bas\u00e9 sur les recommandations des Premi\u00e8res Nations.<\/p>\n<\/div>\n\n\n\n<div style=\"height:20px\" aria-hidden=\"true\" class=\"wp-block-spacer\"><\/div>\n\n\n\n<p class=\"has-large-font-size\">Le projet vise \u00e0&nbsp;:<\/p>\n\n\n\n<ul class=\"wp-block-list\">\n<li class=\"has-large-font-size\">\u00c9valuer le Programme d&rsquo;AR<\/li>\n\n\n\n<li class=\"has-large-font-size\">D\u00e9finir les pratiques dirig\u00e9es par les Premi\u00e8res Nations, avec la contribution de ces derni\u00e8res<\/li>\n\n\n\n<li class=\"has-large-font-size\">Formuler une approche de collecte de donn\u00e9es et un cadre de rendement<\/li>\n\n\n\n<li class=\"has-large-font-size\">Estimer les co\u00fbts des r\u00e9formes \u00e9labor\u00e9es par les Premi\u00e8res Nations<\/li>\n<\/ul>\n\n\n\n<p class=\"has-large-font-size\">Pour conna\u00eetre la position de l\u2019IFPD concernant <em><a href=\"https:\/\/ifsd.ca\/fr\/sefpn\/competence\/ethique-de-recherche\/\">l\u2019\u00e9thique de recherche et l\u2019application des principles de PCAP\u00ae<\/a><\/em>.<\/p>\n\n\n\n<h2 class=\"wp-block-heading\"><em><em>Participez&nbsp;<\/em><\/em><em>:<\/em><\/h2>\n\n\n\n<div class=\"wp-block-group has-border-color has-dark-gold-border-color has-global-padding is-layout-constrained wp-container-core-group-is-layout-0ad7678d wp-block-group-is-layout-constrained\" style=\"border-width:1px;padding-top:var(--wp--preset--spacing--80-flex);padding-right:var(--wp--preset--spacing--80-flex);padding-bottom:var(--wp--preset--spacing--80-flex);padding-left:var(--wp--preset--spacing--80-flex)\">\n<p class=\"has-large-font-size\">L&rsquo;IFPD invite les Premi\u00e8res Nations \u00e0 contribuer \u00e0 ses travaux sur l&rsquo;AR de l&rsquo;une et\/ou l&rsquo;autre des fa\u00e7ons suivantes&nbsp;:<\/p>\n\n\n\n<ol class=\"wp-block-list\">\n<li class=\"has-large-font-size\">Remplir un <strong>questionnaire<\/strong> sur l&rsquo;AR dans votre Premi\u00e8re Nation.\n<ul class=\"wp-block-list\">\n<li>Les participants seront inscrits au <strong>tirage<\/strong> d&rsquo;une <strong>carte-cadeau de 500 $<\/strong> (dix cartes-cadeaux seront tir\u00e9es). <a href=\"https:\/\/questionnaire.simplesurvey.com\/f\/s\/IA-IFSD_AR-IFPD\" target=\"_blank\" rel=\"noreferrer noopener nofollow\">Acc\u00e9dez au questionnaire en ligne<\/a>.<\/li>\n<\/ul>\n<\/li>\n\n\n\n<li class=\"has-large-font-size\">Participer en tant que l&rsquo;une des <strong>20 Premi\u00e8res Nations collaboratrices<\/strong>.\n<ul class=\"wp-block-list\">\n<li>Le groupe de collaborateurs travaillera aux c\u00f4t\u00e9s de l&rsquo;IFPD pendant environ une ann\u00e9e.<\/li>\n\n\n\n<li>L&rsquo;IFPD s&rsquo;engage \u00e0 pr\u00e9parer un profil de l&rsquo;approche d\u2019AR de chaque Premi\u00e8re Nation collaboratrice.<\/li>\n\n\n\n<li>Si vous souhaitez collaborer avec l&rsquo;IFPD, veuillez envoyer un courriel \u00e0 Helaina Gaspard, Ph.D. (<a href=\"mailto:helaina.gaspard@ifsd.ca\">helaina.gaspard@ifsd.ca<\/a>).<\/li>\n<\/ul>\n<\/li>\n<\/ol>\n\n\n\n<details class=\"wp-block-details has-large-font-size is-layout-flow wp-block-details-is-layout-flow\"><summary><strong><strong>Pour en savoir davantage sur la collaboration approfondie.<\/strong><\/strong><span class=\"details-toggle-marker\">\n<svg class=\"ifsd-svg-chevron ifsd-chevron-down\" xmlns=\"http:\/\/www.w3.org\/2000\/svg\" viewbox=\"0 0 100 100\" preserveAspectRatio=\"xMidYMid\">\n\t<g class=\"ifsd-svg-chevron-group\" stroke-width=\"2\">\n\t\t<line vector-effect=\"non-scaling-stroke\" class=\"ifsd-svg-chevron-line1\" x1=\"10\" y1=\"50\" x2=\"50\" y2=\"50\" \/>\n\t\t<line vector-effect=\"non-scaling-stroke\" class=\"ifsd-svg-chevron-line2\" x1=\"90\" y1=\"50\" x2=\"50\" y2=\"50\" \/>\n\t<\/g>    \n<\/svg><\/span><\/summary><div class=\"details-content-wrapper\"><div class=\"details-content-inner\">\n<p>L\u2019IFPD m\u00e8nera les activit\u00e9s suivantes avec les Premi\u00e8res Nations proches collaboratrices.<\/p>\n\n\n\n<ol class=\"wp-block-list\">\n<li>Faire une visite sur place pour rencontrer les administrateurs de l\u2019AR afin de discuter du contexte de la communaut\u00e9, des pratiques d\u2019AR dans la Premi\u00e8re Nation, des syst\u00e8mes de saisie et de gestion des donn\u00e9es, etc.<\/li>\n\n\n\n<li>Organiser pour les collaborateurs une ou plusieurs s\u00e9ances de travail afin d\u2019y discuter des r\u00e9sultats souhait\u00e9s, des indicateurs de rendement, des priorit\u00e9s du programme, etc. (date et lieu \u00e0 d\u00e9terminer).&nbsp;<\/li>\n\n\n\n<li>Examiner l\u2019approche de la Premi\u00e8re Nation envers l\u2019AR (p. ex. formation, administration) et la collecte et la gestion des donn\u00e9es.<\/li>\n\n\n\n<li>D\u00e9terminer les priorit\u00e9s de la Premi\u00e8re Nation quant \u00e0 la r\u00e9forme du Programme d\u2019AR.<\/li>\n\n\n\n<li>Passer en revue toutes les donn\u00e9es quantitatives que la Premi\u00e8re Nation peut fournir pour d\u00e9terminer le revenu de subsistance, les appoints financiers pertinents et les r\u00e9alit\u00e9s op\u00e9rationnelles.<\/li>\n\n\n\n<li>Produire un profil de l\u2019approche d\u2019AR de la Premi\u00e8re Nation, en tenant compte de son point de d\u00e9part, de ses r\u00e9ussites et de ses d\u00e9fis distincts.<\/li>\n<\/ol>\n\n\n\n<p>Les collaborateurs pourraient \u00eatre invit\u00e9s \u00e0 rassembler la documentation pertinente relative \u00e0 leurs finances et \u00e0 leurs op\u00e9rations, pour aider \u00e0 chiffrer les r\u00e9formes du Programme d\u2019AR. Ces informations seront trait\u00e9es conform\u00e9ment aux pratiques de gestion des donn\u00e9es et de protection de la vie priv\u00e9e d\u00e9crites dans le pr\u00e9sent document. Les informations demand\u00e9es aideront l\u2019IFPD \u00e0 dresser un profil exhaustif des activit\u00e9s de la Premi\u00e8re Nation, de ses besoins en ressources et des consid\u00e9rations relatives aux donn\u00e9es, \u00e0 la lumi\u00e8re du contexte communautaire.<\/p>\n\n\n\n<p>Les collaborateurs seront invit\u00e9s \u00e0 examiner des documents (meilleures pratiques, analyses comparatives du revenu de subsistance, etc.) avant leur diffusion ou leur publication. L\u2019IFPD demandera aux collaborateurs s\u2019ils souhaitent \u00eatre nomm\u00e9s ou s\u2019ils pr\u00e9f\u00e8rent conserver l\u2019anonymat dans la diffusion des constats.<\/p>\n\n\n\n<p>L&rsquo;IFPD communiquera aux collaborateurs un accord de recherche collaborative, qu\u2019ils seront pri\u00e9s de passer en revue et de signer.<\/p>\n<\/div><\/div><\/details>\n<\/div>\n\n\n\n<div style=\"height:50px\" aria-hidden=\"true\" class=\"wp-block-spacer\"><\/div>\n\n\n\n<h2 class=\"wp-block-heading has-text-align-center is-style-ifsd-block-heading has-x-large-font-size\"><strong><strong>\u00c9ch\u00e9ancier<\/strong><\/strong><\/h2>\n\n\n\n<p class=\"has-large-font-size\">Les \u00e9ch\u00e9anciers de l\u2019IFPD sont pr\u00e9sent\u00e9s \u00e0 titre indicatif et sous r\u00e9serve de la disponibilit\u00e9 des collaborateurs et des donn\u00e9es provenant de diverses sources.<\/p>\n\n\n\n<figure class=\"wp-block-table\"><table><thead><tr><th><strong>Mois<\/strong><\/th><th><strong>Activit\u00e9s cibles<\/strong><\/th><\/tr><\/thead><tbody><tr><td>Septembre 2025 \u00e0 d\u00e9cembre 2025<\/td><td>Collecte de donn\u00e9es aupr\u00e8s des Premi\u00e8res Nations (questionnaire et \u00e9tudes de cas)<\/td><\/tr><tr><td>Janvier 2026 \u00e0 mars 2026<\/td><td>Analyse des donn\u00e9es puis communication des r\u00e9sultats<\/td><\/tr><tr><td>Avril 2026 \u00e0 ao\u00fbt 2026<\/td><td>Pr\u00e9paration d&rsquo;options et d&rsquo;analyses sur les modes de financement de l\u2019AR.<\/td><\/tr><\/tbody><\/table><\/figure>\n\n\n\n<div style=\"height:100px\" aria-hidden=\"true\" class=\"wp-block-spacer\"><\/div>\n<\/div>\n\n\n\n<div class=\"wp-block-group alignfull has-bg-grey-background-color has-background has-global-padding is-layout-constrained wp-block-group-is-layout-constrained\">\n<div style=\"height:100px\" aria-hidden=\"true\" class=\"wp-block-spacer\"><\/div>\n\n\n\n<div class=\"wp-block-columns is-layout-flex wp-container-core-columns-is-layout-28f84493 wp-block-columns-is-layout-flex\">\n<div class=\"wp-block-column is-layout-flow wp-block-column-is-layout-flow\" style=\"flex-basis:33.33%\">\n<div class=\"wp-block-buttons is-layout-flex wp-block-buttons-is-layout-flex\">\n<div class=\"wp-block-button is-style-ifsd-return-button\"><a class=\"wp-block-button__link wp-element-button\" href=\"https:\/\/ifsd.ca\/fr\/aide-au-revenu\/\">Retourner<\/a><\/div>\n<\/div>\n<\/div>\n<\/div>\n\n\n\n<div style=\"height:100px\" aria-hidden=\"true\" class=\"wp-block-spacer\"><\/div>\n<\/div>\n","protected":false},"excerpt":{"rendered":"<p>Aide au revenu Retourner Aper\u00e7u du projet L\u2019Assembl\u00e9e des Premi\u00e8res Nations (APN) a confi\u00e9 \u00e0 IFSD Advisors Ltd. le mandat d\u2019\u00e9laborer un mod\u00e8le de financement propre aux Premi\u00e8res Nations pour le Programme d\u2019aide au revenu (AR), bas\u00e9 sur les recommandations des Premi\u00e8res Nations. Le projet vise \u00e0&nbsp;: Pour conna\u00eetre la position de l\u2019IFPD concernant l\u2019\u00e9thique<\/p>\n","protected":false},"author":1,"featured_media":0,"parent":4061,"menu_order":100,"comment_status":"closed","ping_status":"closed","template":"","meta":{"_acf_changed":false,"footnotes":""},"class_list":["post-4065","page","type-page","status-publish","hentry"],"acf":[],"_links":{"self":[{"href":"https:\/\/ifsd.ca\/fr\/wp-json\/wp\/v2\/pages\/4065","targetHints":{"allow":["GET"]}}],"collection":[{"href":"https:\/\/ifsd.ca\/fr\/wp-json\/wp\/v2\/pages"}],"about":[{"href":"https:\/\/ifsd.ca\/fr\/wp-json\/wp\/v2\/types\/page"}],"author":[{"embeddable":true,"href":"https:\/\/ifsd.ca\/fr\/wp-json\/wp\/v2\/users\/1"}],"replies":[{"embeddable":true,"href":"https:\/\/ifsd.ca\/fr\/wp-json\/wp\/v2\/comments?post=4065"}],"version-history":[{"count":2,"href":"https:\/\/ifsd.ca\/fr\/wp-json\/wp\/v2\/pages\/4065\/revisions"}],"predecessor-version":[{"id":4067,"href":"https:\/\/ifsd.ca\/fr\/wp-json\/wp\/v2\/pages\/4065\/revisions\/4067"}],"up":[{"embeddable":true,"href":"https:\/\/ifsd.ca\/fr\/wp-json\/wp\/v2\/pages\/4061"}],"wp:attachment":[{"href":"https:\/\/ifsd.ca\/fr\/wp-json\/wp\/v2\/media?parent=4065"}],"curies":[{"name":"wp","href":"https:\/\/api.w.org\/{rel}","templated":true}]}}