{"id":4070,"date":"2025-07-03T18:46:00","date_gmt":"2025-07-03T18:46:00","guid":{"rendered":"https:\/\/ifsd.ca\/?page_id=4070"},"modified":"2025-07-03T19:42:39","modified_gmt":"2025-07-03T19:42:39","slug":"ethique-de-recherche","status":"publish","type":"page","link":"https:\/\/ifsd.ca\/fr\/aide-au-revenu\/ethique-de-recherche\/","title":{"rendered":"\u00c9thique de recherche"},"content":{"rendered":"\n<div class=\"wp-block-group alignfull has-bg-grey-background-color has-background has-global-padding is-layout-constrained wp-block-group-is-layout-constrained\">\n<div style=\"height:50px\" aria-hidden=\"true\" class=\"wp-block-spacer\"><\/div>\n\n\n<div class=\"wp-block-heading-with-line\"><div class=\"the-line\"><\/div>\n<h2 class=\"wp-block-heading has-text-align-center is-style-ifsd-heading-with-line has-dark-gold-color has-text-color has-link-color has-xx-large-font-size wp-elements-8d7d3d2f77519c9ccc753b77272cedcb\" style=\"padding-right:0;padding-left:1em;font-style:normal;font-weight:400;letter-spacing:1em;text-transform:uppercase\">Aide au revenu<\/h2>\n<\/div>\n\n\n<p class=\"is-style-ifsd-bold-on-hover-links has-ifsd-blue-color has-text-color has-link-color wp-elements-769693c59c987fb7d5b65d30a108d21a\"><a href=\"https:\/\/ifsd.ca\/fr\/aide-au-revenu\/\" data-type=\"page\" data-id=\"634\"><i class=\"fas fa-angle-left\"><\/i> Retourner<\/a><\/p>\n\n\n\n<h3 class=\"wp-block-heading is-style-ifsd-section-heading has-mega-font-size\">\u00c9thique de recherche<\/h3>\n\n\n\n<div style=\"height:50px\" aria-hidden=\"true\" class=\"wp-block-spacer\"><\/div>\n<\/div>\n\n\n\n<div class=\"wp-block-group alignfull has-global-padding is-layout-constrained wp-block-group-is-layout-constrained\">\n<div style=\"height:100px\" aria-hidden=\"true\" class=\"wp-block-spacer\"><\/div>\n\n\n\n<div class=\"wp-block-columns is-style-ifsd-hover-blocks is-layout-flex wp-container-core-columns-is-layout-28f84493 wp-block-columns-is-layout-flex\">\n<div class=\"wp-block-column is-layout-flow wp-block-column-is-layout-flow\" style=\"flex-basis:25%\">\n<div class=\"wp-block-cover has-custom-content-position is-position-bottom-left\"><a href=\"https:\/\/ifsd.ca\/fr\/aide-au-revenu\/apercu-du-projet\/#contenu\" target=\"_self\" rel=\"\" class=\"linked-block-link\"><img loading=\"lazy\" decoding=\"async\" width=\"2061\" height=\"2560\" class=\"wp-block-cover__image-background wp-image-3163\" alt=\"\" src=\"https:\/\/ifsd.ca\/wp-content\/uploads\/2024\/08\/8777_Project-Overview-scaled.jpg\" data-object-fit=\"cover\" srcset=\"https:\/\/ifsd.ca\/wp-content\/uploads\/2024\/08\/8777_Project-Overview-scaled.jpg 2061w, https:\/\/ifsd.ca\/wp-content\/uploads\/2024\/08\/8777_Project-Overview-242x300.jpg 242w, https:\/\/ifsd.ca\/wp-content\/uploads\/2024\/08\/8777_Project-Overview-824x1024.jpg 824w, https:\/\/ifsd.ca\/wp-content\/uploads\/2024\/08\/8777_Project-Overview-768x954.jpg 768w, https:\/\/ifsd.ca\/wp-content\/uploads\/2024\/08\/8777_Project-Overview-1237x1536.jpg 1237w, https:\/\/ifsd.ca\/wp-content\/uploads\/2024\/08\/8777_Project-Overview-1649x2048.jpg 1649w\" sizes=\"auto, (max-width: 2061px) 100vw, 2061px\" \/><span aria-hidden=\"true\" class=\"wp-block-cover__background has-black-background-color has-background-dim\"><\/span><div class=\"wp-block-cover__inner-container has-global-padding is-layout-constrained wp-block-cover-is-layout-constrained\">\n<h2 class=\"wp-block-heading has-text-align-left is-style-ifsd-cover-heading\">Aper\u00e7u du projet<\/h2>\n<\/div><\/a><\/div>\n<\/div>\n\n\n\n<div class=\"wp-block-column is-layout-flow wp-block-column-is-layout-flow\" style=\"flex-basis:25%\">\n<div class=\"wp-block-cover has-custom-content-position is-position-bottom-left\"><a href=\"https:\/\/ifsd.ca\/fr\/aide-au-revenu\/ethique-de-recherche\/#contenu\" target=\"_self\" rel=\"\" class=\"linked-block-link\"><img loading=\"lazy\" decoding=\"async\" width=\"2560\" height=\"1707\" class=\"wp-block-cover__image-background wp-image-3165\" alt=\"\" src=\"https:\/\/ifsd.ca\/wp-content\/uploads\/2024\/08\/8777_Reserach-ethics-scaled.jpg\" data-object-fit=\"cover\" srcset=\"https:\/\/ifsd.ca\/wp-content\/uploads\/2024\/08\/8777_Reserach-ethics-scaled.jpg 2560w, https:\/\/ifsd.ca\/wp-content\/uploads\/2024\/08\/8777_Reserach-ethics-300x200.jpg 300w, https:\/\/ifsd.ca\/wp-content\/uploads\/2024\/08\/8777_Reserach-ethics-1024x683.jpg 1024w, https:\/\/ifsd.ca\/wp-content\/uploads\/2024\/08\/8777_Reserach-ethics-768x512.jpg 768w, https:\/\/ifsd.ca\/wp-content\/uploads\/2024\/08\/8777_Reserach-ethics-1536x1024.jpg 1536w, https:\/\/ifsd.ca\/wp-content\/uploads\/2024\/08\/8777_Reserach-ethics-2048x1365.jpg 2048w\" sizes=\"auto, (max-width: 2560px) 100vw, 2560px\" \/><span aria-hidden=\"true\" class=\"wp-block-cover__background has-black-background-color has-background-dim\"><\/span><div class=\"wp-block-cover__inner-container has-global-padding is-layout-constrained wp-block-cover-is-layout-constrained\">\n<h2 class=\"wp-block-heading has-text-align-left is-style-ifsd-cover-heading\">\u00c9thique de recherche<\/h2>\n<\/div><\/a><\/div>\n<\/div>\n\n\n\n<div class=\"wp-block-column is-layout-flow wp-block-column-is-layout-flow\" style=\"flex-basis:25%\">\n<div class=\"wp-block-cover has-custom-content-position is-position-bottom-left\"><a href=\"https:\/\/ifsd.ca\/fr\/aide-au-revenu\/mises-a-jour-mensuelles\/#contenu\" target=\"_self\" rel=\"\" class=\"linked-block-link\"><img loading=\"lazy\" decoding=\"async\" width=\"2048\" height=\"2560\" class=\"wp-block-cover__image-background wp-image-3161\" alt=\"\" src=\"https:\/\/ifsd.ca\/wp-content\/uploads\/2024\/08\/8777_Monthly-Update-scaled.jpg\" data-object-fit=\"cover\" srcset=\"https:\/\/ifsd.ca\/wp-content\/uploads\/2024\/08\/8777_Monthly-Update-scaled.jpg 2048w, https:\/\/ifsd.ca\/wp-content\/uploads\/2024\/08\/8777_Monthly-Update-240x300.jpg 240w, https:\/\/ifsd.ca\/wp-content\/uploads\/2024\/08\/8777_Monthly-Update-819x1024.jpg 819w, https:\/\/ifsd.ca\/wp-content\/uploads\/2024\/08\/8777_Monthly-Update-768x960.jpg 768w, https:\/\/ifsd.ca\/wp-content\/uploads\/2024\/08\/8777_Monthly-Update-1229x1536.jpg 1229w, https:\/\/ifsd.ca\/wp-content\/uploads\/2024\/08\/8777_Monthly-Update-1638x2048.jpg 1638w\" sizes=\"auto, (max-width: 2048px) 100vw, 2048px\" \/><span aria-hidden=\"true\" class=\"wp-block-cover__background has-black-background-color has-background-dim\"><\/span><div class=\"wp-block-cover__inner-container has-global-padding is-layout-constrained wp-block-cover-is-layout-constrained\">\n<h2 class=\"wp-block-heading has-text-align-left is-style-ifsd-cover-heading\">Mises \u00e0 jour mensuelles<\/h2>\n<\/div><\/a><\/div>\n<\/div>\n\n\n\n<div class=\"wp-block-column is-layout-flow wp-block-column-is-layout-flow\" style=\"flex-basis:25%\">\n<div class=\"wp-block-cover has-custom-content-position is-position-bottom-left\"><a href=\"https:\/\/ifsd.ca\/fr\/aide-au-revenu\/faq\/#contenu\" target=\"_self\" rel=\"\" class=\"linked-block-link\"><img loading=\"lazy\" decoding=\"async\" width=\"2560\" height=\"1709\" class=\"wp-block-cover__image-background wp-image-250\" alt=\"\" src=\"https:\/\/ifsd.ca\/wp-content\/uploads\/2024\/06\/shutterstock_690298567-scaled.jpg\" data-object-fit=\"cover\" srcset=\"https:\/\/ifsd.ca\/wp-content\/uploads\/2024\/06\/shutterstock_690298567-scaled.jpg 2560w, https:\/\/ifsd.ca\/wp-content\/uploads\/2024\/06\/shutterstock_690298567-300x200.jpg 300w, https:\/\/ifsd.ca\/wp-content\/uploads\/2024\/06\/shutterstock_690298567-1024x683.jpg 1024w, https:\/\/ifsd.ca\/wp-content\/uploads\/2024\/06\/shutterstock_690298567-768x513.jpg 768w, https:\/\/ifsd.ca\/wp-content\/uploads\/2024\/06\/shutterstock_690298567-1536x1025.jpg 1536w, https:\/\/ifsd.ca\/wp-content\/uploads\/2024\/06\/shutterstock_690298567-2048x1367.jpg 2048w\" sizes=\"auto, (max-width: 2560px) 100vw, 2560px\" \/><span aria-hidden=\"true\" class=\"wp-block-cover__background has-black-background-color has-background-dim\"><\/span><div class=\"wp-block-cover__inner-container has-global-padding is-layout-constrained wp-block-cover-is-layout-constrained\">\n<h2 class=\"wp-block-heading has-text-align-left is-style-ifsd-cover-heading\">FAQ<\/h2>\n<\/div><\/a><\/div>\n<\/div>\n\n\n\n<div class=\"wp-block-column is-layout-flow wp-block-column-is-layout-flow\" style=\"flex-basis:25%\">\n<div class=\"wp-block-cover has-custom-content-position is-position-bottom-left\"><a href=\"https:\/\/ifsd.ca\/fr\/aide-au-revenu\/participez\/#contenu\" target=\"_self\" rel=\"\" class=\"linked-block-link\"><img loading=\"lazy\" decoding=\"async\" width=\"1024\" height=\"970\" class=\"wp-block-cover__image-background wp-image-4059 size-large\" alt=\"\" src=\"https:\/\/ifsd.ca\/wp-content\/uploads\/2025\/07\/get-involved-1024x970.jpg\" data-object-fit=\"cover\" srcset=\"https:\/\/ifsd.ca\/wp-content\/uploads\/2025\/07\/get-involved-1024x970.jpg 1024w, https:\/\/ifsd.ca\/wp-content\/uploads\/2025\/07\/get-involved-300x284.jpg 300w, https:\/\/ifsd.ca\/wp-content\/uploads\/2025\/07\/get-involved-768x727.jpg 768w, https:\/\/ifsd.ca\/wp-content\/uploads\/2025\/07\/get-involved-1536x1454.jpg 1536w, https:\/\/ifsd.ca\/wp-content\/uploads\/2025\/07\/get-involved.jpg 2048w\" sizes=\"auto, (max-width: 1024px) 100vw, 1024px\" \/><span aria-hidden=\"true\" class=\"wp-block-cover__background has-black-background-color has-background-dim\"><\/span><div class=\"wp-block-cover__inner-container has-global-padding is-layout-constrained wp-block-cover-is-layout-constrained\">\n<h2 class=\"wp-block-heading has-text-align-left is-style-ifsd-cover-heading\">Participez<\/h2>\n<\/div><\/a><\/div>\n<\/div>\n<\/div>\n\n\n\n<div style=\"height:1px\" aria-hidden=\"true\" id=\"contenu\" class=\"wp-block-spacer\"><\/div>\n\n\n\n<div style=\"height:100px\" aria-hidden=\"true\" class=\"wp-block-spacer\"><\/div>\n<\/div>\n\n\n\n<div class=\"wp-block-group has-global-padding is-layout-constrained wp-block-group-is-layout-constrained\">\n<p class=\"has-large-font-size\">L&rsquo;IFPD s\u2019engage dans ce projet selon une approche collaborative et fond\u00e9e sur les <a href=\"https:\/\/fnigc.ca\/fr\/les-principes-de-pcap-des-premieres-nations\/\">principes de PCAP\u00ae.<\/a> L&rsquo;\u00e9quipe dirigeante de l\u2019IFPD a suivi le cours <em>Fondamentaux des principes de PCAP\u00ae<\/em>.<\/p>\n\n\n\n<div style=\"height:20px\" aria-hidden=\"true\" class=\"wp-block-spacer\"><\/div>\n\n\n\n<div class=\"wp-block-group has-border-color has-dark-gold-border-color has-global-padding is-layout-constrained wp-container-core-group-is-layout-0ad7678d wp-block-group-is-layout-constrained\" style=\"border-width:1px;padding-top:var(--wp--preset--spacing--80-flex);padding-right:var(--wp--preset--spacing--80-flex);padding-bottom:var(--wp--preset--spacing--80-flex);padding-left:var(--wp--preset--spacing--80-flex)\">\n<p class=\"has-large-font-size\">Toutes les informations communiqu\u00e9es dans le cadre de ce projet avec le consentement et la participation des Premi\u00e8res Nations seront anonymis\u00e9es et retourn\u00e9es \u00e0 ces derni\u00e8res, pour en pr\u00e9server la confidentialit\u00e9.<\/p>\n\n\n\n<p class=\"has-large-font-size\">Toutes les donn\u00e9es primaires seront conserv\u00e9es dans le syst\u00e8me de stockage infonuagique Microsoft et ne seront accessibles qu\u2019avec des mots de passe individuels. L\u2019IFPD utilisera les services de stockage de fichiers Microsoft Azure, situ\u00e9s exclusivement dans la zone g\u00e9ographique du centre du Canada d\u2019Azure (centre de donn\u00e9es de Toronto). Toutes les donn\u00e9es vers\u00e9es dans le centre de donn\u00e9es sont stock\u00e9es sous forme crypt\u00e9e. De plus, toutes les donn\u00e9es en transit sont \u00e9galement crypt\u00e9es, et le service n\u2019accepte aucune connexion non crypt\u00e9e.<\/p>\n\n\n\n<p class=\"has-large-font-size\">Toute copie mat\u00e9rielle des donn\u00e9es (ou toute copie \u00e9lectronique fournie \u00e0 l\u2019IFPD sur une cl\u00e9 USB crypt\u00e9e) sera conserv\u00e9e dans les locaux de l\u2019IFPD, dans un classeur verrouill\u00e9 situ\u00e9 dans une pi\u00e8ce verrouill\u00e9e. Les locaux de l\u2019IFPD&nbsp; (qui abritent les bureaux verrouill\u00e9s de ses principaux responsables) ne sont eux-m\u00eames accessibles qu\u2019avec une cl\u00e9.<\/p>\n\n\n\n<p class=\"has-large-font-size\">L\u2019IFPD est conscient de son obligation de respecter les principes de PCAP\u00ae. Consid\u00e9rant la nature de ce travail et des donn\u00e9es attendues (p.&nbsp;ex.&nbsp;professionnelles et non personnelles), l\u2019IFPD s\u2019efforcera de suivre les principes de PCAP\u00ae, en vertu desquels les Premi\u00e8res Nations collaboratrices conservent la propri\u00e9t\u00e9, le contr\u00f4le, l\u2019acc\u00e8s et la possession de leurs donn\u00e9es lorsqu\u2019il y a lieu.<\/p>\n<\/div>\n\n\n\n<div style=\"height:20px\" aria-hidden=\"true\" class=\"wp-block-spacer\"><\/div>\n\n\n\n<details class=\"wp-block-details has-large-font-size is-layout-flow wp-block-details-is-layout-flow\"><summary>Pour en savoir davantage sur la position de l\u2019IFPD concernant l\u2019application des principles de PCAP\u00ae \u00e0 ce projet.<span class=\"details-toggle-marker\">\n<svg class=\"ifsd-svg-chevron ifsd-chevron-down\" xmlns=\"http:\/\/www.w3.org\/2000\/svg\" viewbox=\"0 0 100 100\" preserveAspectRatio=\"xMidYMid\">\n\t<g class=\"ifsd-svg-chevron-group\" stroke-width=\"2\">\n\t\t<line vector-effect=\"non-scaling-stroke\" class=\"ifsd-svg-chevron-line1\" x1=\"10\" y1=\"50\" x2=\"50\" y2=\"50\" \/>\n\t\t<line vector-effect=\"non-scaling-stroke\" class=\"ifsd-svg-chevron-line2\" x1=\"90\" y1=\"50\" x2=\"50\" y2=\"50\" \/>\n\t<\/g>    \n<\/svg><\/span><\/summary><div class=\"details-content-wrapper\"><div class=\"details-content-inner\">\n<p class=\"has-large-font-size\">Pour ce projet, l&rsquo;IFPD se conformera ainsi aux principes de PCAP\u00ae&nbsp;:<\/p>\n\n\n\n<p class=\"has-large-font-size\"><strong>Propri\u00e9t\u00e9<\/strong>&nbsp;: Les donn\u00e9es des Premi\u00e8res Nations seront anonymis\u00e9es et agr\u00e9g\u00e9es dans tout rapport.&nbsp; Les Premi\u00e8res Nations sont propri\u00e9taires de leurs informations. Aucune information communiqu\u00e9e par les Premi\u00e8res Nations ne sera l\u2019objet d\u2019un accord de licence.<\/p>\n\n\n\n<p class=\"has-large-font-size\"><strong>Contr\u00f4le<\/strong>&nbsp;: Les Premi\u00e8res Nations d\u00e9terminent quelles informations sont communiqu\u00e9es, ainsi que les modalit\u00e9s et le moment de cette communication. Toute Premi\u00e8re Nation qui communique des donn\u00e9es peut retirer sa participation \u00e0 tout moment, et toutes les donn\u00e9es communiqu\u00e9es seront alors d\u00e9truites. Au terme du projet, l\u2019IFPD conservera pendant une p\u00e9riode de cinq ans des copies des donn\u00e9es \u00e0 des fins de reddition de comptes (les donn\u00e9es ne peuvent \u00eatre utilis\u00e9es \u00e0 d\u2019autres fins), apr\u00e8s quoi elles seront d\u00e9truites.<\/p>\n\n\n\n<p class=\"has-large-font-size\"><strong>Acc\u00e8s<\/strong>&nbsp;: L\u2019IFPD s\u2019attend \u00e0 ce que l\u2019APN et le Groupe de travail technique sur le d\u00e9veloppement social lui donnent une r\u00e9troaction et passent en revue des documents tout au long du processus de recherche. L\u2019IFPD leur demandera d\u2019examiner et d\u2019approuver les \u00e9tudes de cas ou d\u2019autres documents pr\u00e9par\u00e9s \u00e0 la lumi\u00e8re des informations communiqu\u00e9es. Toute Premi\u00e8re Nation ayant communiqu\u00e9 des donn\u00e9es peut retirer sa participation \u00e0 tout moment, et toutes les donn\u00e9es communiqu\u00e9es seront alors d\u00e9truites. Au terme du projet, l\u2019IFPD conservera pendant une p\u00e9riode de cinq ans des copies des donn\u00e9es \u00e0 des fins de reddition de comptes (les donn\u00e9es ne peuvent \u00eatre utilis\u00e9es \u00e0 d\u2019autres fins), apr\u00e8s quoi elles seront d\u00e9truites. L\u2019IFPD stockera tous les documents associ\u00e9s au projet sur ses ordinateurs portables de recherche crypt\u00e9s et sur OneDrive (accessible par authentification multifacteur), dont tous les serveurs sont h\u00e9berg\u00e9s au Canada.<\/p>\n\n\n\n<p class=\"has-large-font-size\"><strong>Possession<\/strong>&nbsp;: Les Premi\u00e8res Nations conservent leurs propres donn\u00e9es. Dans les Premi\u00e8res Nations, l&rsquo;IFPD pr\u00e9voit n\u2019avoir affaire qu\u2019aux administrateurs du Programme d&rsquo;AR et\/ou \u00e0 leur personnel. Les renseignements personnels ne font pas partie du projet. Seules les informations au niveau de la Premi\u00e8re Nation, y compris les donn\u00e9es ax\u00e9es sur l&rsquo;administration et les portraits globaux des besoins des Premi\u00e8res Nations li\u00e9s au programme d&rsquo;AR (pr\u00e9-emploi, formation, soutien, etc.) sont vis\u00e9es par ce projet.<\/p>\n\n\n\n<hr class=\"wp-block-separator has-alpha-channel-opacity\"\/>\n<\/div><\/div><\/details>\n\n\n\n<p class=\"has-large-font-size\">Si vous avez des questions, n\u2019h\u00e9sitez pas \u00e0 contacter Helaina Gaspard, Ph.D. (<a href=\"mailto:helaina.gaspard@ifsd.ca\">helaina.gaspard@ifsd.ca<\/a>).<\/p>\n\n\n\n<p class=\"has-large-font-size\"><strong>Les participants peuvent se retirer du projet \u00e0 tout moment, auquel cas toutes les donn\u00e9es qu\u2019ils auront communiqu\u00e9es \u00e0 l\u2019FPD seront d\u00e9truites.<\/strong><\/p>\n\n\n\n<div style=\"height:50px\" aria-hidden=\"true\" class=\"wp-block-spacer\"><\/div>\n\n\n\n<div class=\"wp-block-columns is-layout-flex wp-container-core-columns-is-layout-28f84493 wp-block-columns-is-layout-flex\">\n<div class=\"wp-block-column is-layout-flow wp-block-column-is-layout-flow\">\n<div class=\"wp-block-buttons is-content-justification-center is-layout-flex wp-container-core-buttons-is-layout-a89b3969 wp-block-buttons-is-layout-flex\">\n<div class=\"wp-block-button is-style-outline is-style-outline--1\"><a class=\"wp-block-button__link has-larger-font-size has-custom-font-size wp-element-button\" href=\"https:\/\/questionnaire.simplesurvey.com\/f\/s\/IA-IFSD_AR-IFPD\" target=\"_blank\" rel=\"noreferrer noopener nofollow\">Remplir le questionnaire<\/a><\/div>\n<\/div>\n<\/div>\n\n\n\n<div class=\"wp-block-column is-layout-flow wp-block-column-is-layout-flow\">\n<div class=\"wp-block-buttons is-content-justification-center is-layout-flex wp-container-core-buttons-is-layout-a89b3969 wp-block-buttons-is-layout-flex\">\n<div class=\"wp-block-button is-style-outline is-style-outline--2\"><a class=\"wp-block-button__link has-larger-font-size has-custom-font-size wp-element-button\" href=\"mailto:helaina.gaspard@ifsd.ca\">\u00catre un collaborateur<\/a><\/div>\n<\/div>\n<\/div>\n<\/div>\n\n\n\n<div style=\"height:100px\" aria-hidden=\"true\" class=\"wp-block-spacer\"><\/div>\n<\/div>\n\n\n\n<div class=\"wp-block-group alignfull has-bg-grey-background-color has-background has-global-padding is-layout-constrained wp-block-group-is-layout-constrained\">\n<div style=\"height:100px\" aria-hidden=\"true\" class=\"wp-block-spacer\"><\/div>\n\n\n\n<div class=\"wp-block-columns is-layout-flex wp-container-core-columns-is-layout-28f84493 wp-block-columns-is-layout-flex\">\n<div class=\"wp-block-column is-layout-flow wp-block-column-is-layout-flow\" style=\"flex-basis:33.33%\">\n<div class=\"wp-block-buttons is-layout-flex wp-block-buttons-is-layout-flex\">\n<div class=\"wp-block-button is-style-ifsd-return-button\"><a class=\"wp-block-button__link wp-element-button\" href=\"https:\/\/ifsd.ca\/fr\/aide-au-revenu\/\">Retourner<\/a><\/div>\n<\/div>\n<\/div>\n<\/div>\n\n\n\n<div style=\"height:100px\" aria-hidden=\"true\" class=\"wp-block-spacer\"><\/div>\n<\/div>\n","protected":false},"excerpt":{"rendered":"<p>Aide au revenu Retourner \u00c9thique de recherche L&rsquo;IFPD s\u2019engage dans ce projet selon une approche collaborative et fond\u00e9e sur les principes de PCAP\u00ae. L&rsquo;\u00e9quipe dirigeante de l\u2019IFPD a suivi le cours Fondamentaux des principes de PCAP\u00ae. Toutes les informations communiqu\u00e9es dans le cadre de ce projet avec le consentement et la participation des Premi\u00e8res Nations<\/p>\n","protected":false},"author":1,"featured_media":0,"parent":4061,"menu_order":200,"comment_status":"closed","ping_status":"closed","template":"","meta":{"_acf_changed":false,"footnotes":""},"class_list":["post-4070","page","type-page","status-publish","hentry"],"acf":[],"_links":{"self":[{"href":"https:\/\/ifsd.ca\/fr\/wp-json\/wp\/v2\/pages\/4070","targetHints":{"allow":["GET"]}}],"collection":[{"href":"https:\/\/ifsd.ca\/fr\/wp-json\/wp\/v2\/pages"}],"about":[{"href":"https:\/\/ifsd.ca\/fr\/wp-json\/wp\/v2\/types\/page"}],"author":[{"embeddable":true,"href":"https:\/\/ifsd.ca\/fr\/wp-json\/wp\/v2\/users\/1"}],"replies":[{"embeddable":true,"href":"https:\/\/ifsd.ca\/fr\/wp-json\/wp\/v2\/comments?post=4070"}],"version-history":[{"count":2,"href":"https:\/\/ifsd.ca\/fr\/wp-json\/wp\/v2\/pages\/4070\/revisions"}],"predecessor-version":[{"id":4104,"href":"https:\/\/ifsd.ca\/fr\/wp-json\/wp\/v2\/pages\/4070\/revisions\/4104"}],"up":[{"embeddable":true,"href":"https:\/\/ifsd.ca\/fr\/wp-json\/wp\/v2\/pages\/4061"}],"wp:attachment":[{"href":"https:\/\/ifsd.ca\/fr\/wp-json\/wp\/v2\/media?parent=4070"}],"curies":[{"name":"wp","href":"https:\/\/api.w.org\/{rel}","templated":true}]}}