{"id":4347,"date":"2024-05-23T23:46:57","date_gmt":"2024-05-23T23:46:57","guid":{"rendered":"https:\/\/ifsd.ca\/?page_id=4347"},"modified":"2026-01-05T23:29:02","modified_gmt":"2026-01-05T23:29:02","slug":"politique-de-protection-de-la-vie-privee","status":"publish","type":"page","link":"https:\/\/ifsd.ca\/fr\/politique-de-protection-de-la-vie-privee\/","title":{"rendered":"Politique de protection de la vie priv\u00e9e"},"content":{"rendered":"\n<style>\n#politique-de-confidentialite {\n  max-width: 50em;\n}\n<\/style>\n\n\n\n<article id=\"politique-de-confidentialite\" class=\"wp-block-group has-global-padding is-layout-constrained wp-block-group-is-layout-constrained\">\n<div style=\"height:100px\" aria-hidden=\"true\" class=\"wp-block-spacer\"><\/div>\n\n\n\n<header class=\"wp-block-group has-global-padding is-layout-constrained wp-block-group-is-layout-constrained\">\n<h1 class=\"wp-block-heading is-style-ifsd-section-heading\">Politique de protection de la vie priv\u00e9e<\/h1>\n\n\n\n<div style=\"height:25px\" aria-hidden=\"true\" class=\"wp-block-spacer\"><\/div>\n\n\n\n<p>Date d\u2019entr\u00e9e en vigueur : 5 janvier 2026<\/p>\n\n\n\n<div style=\"height:50px\" aria-hidden=\"true\" class=\"wp-block-spacer\"><\/div>\n<\/header>\n\n\n\n<section class=\"wp-block-group has-global-padding is-layout-constrained wp-block-group-is-layout-constrained\">\n<h2 class=\"wp-block-heading\"><strong>1. Mandat de l\u2019IFPD et port\u00e9e de la politique<\/strong><\/h2>\n\n\n\n<p>L\u2019Institut des finances publiques et de la d\u00e9mocratie et IFSD Advisors Ltd. (collectivement \u00ab l\u2019IFPD \u00bb, \u00ab nous \u00bb, \u00ab notre \u00bb, \u00ab nos \u00bb) fournissent des services de recherche, de consultation et d\u2019analyse \u00e0 des organisations publiques, parapubliques, autochtones et priv\u00e9es au Canada et \u00e0 l\u2019\u00e9tranger.<br><br>La pr\u00e9sente politique de protection de la vie priv\u00e9e explique la fa\u00e7on dont nous recueillons, utilisons, divulguons, conservons et prot\u00e9geons les renseignements personnels associ\u00e9s \u00e0 nos activit\u00e9s commerciales, conform\u00e9ment \u00e0 la Loi sur la protection des renseignements personnels et les documents \u00e9lectroniques (LPRPDE) et aux directives applicables du Commissariat \u00e0 la protection de la vie priv\u00e9e du Canada (CPVP).<br><br>Dans toute la mesure du possible, l\u2019IFPD travaille avec des donn\u00e9es agr\u00e9g\u00e9es, d\u00e9personnalis\u00e9es ou anonymis\u00e9es. Nous ne traitons les renseignements personnels nominatifs que lorsque cela est n\u00e9cessaire, proportionn\u00e9 et clairement soutenu par des fondements juridiques et des engagements document\u00e9s (par exemple des contrats ou des accords de partage d\u2019informations).<\/p>\n\n\n\n<div style=\"height:50px\" aria-hidden=\"true\" class=\"wp-block-spacer\"><\/div>\n<\/section>\n\n\n\n<section class=\"wp-block-group has-global-padding is-layout-constrained wp-block-group-is-layout-constrained\">\n<h2 class=\"wp-block-heading\"><strong>2. Principales d\u00e9finitions<\/strong><\/h2>\n\n\n\n<p>Renseignements personnels (RP)&nbsp;: Renseignements concernant un individu identifiable, selon l\u2019interpr\u00e9tation figurant \u00e0 la <em>Loi sur la protection des renseignements personnels et les documents \u00e9lectroniques<\/em> (LPRPDE).<\/p>\n\n\n\n<p>Coordonn\u00e9es d\u2019affaires&nbsp;: Nom d\u2019un individu et tout renseignement (tel que son titre, l\u2019adresse ou le num\u00e9ro de t\u00e9l\u00e9phone de son lieu de travail ou son adresse \u00e9lectronique au travail) servant exclusivement \u00e0 des fins de communication professionnelle.<\/p>\n\n\n\n<p>Prestataire de services&nbsp;: Tierce partie retenue par l\u2019IFPD pour traiter des renseignements en notre nom en vertu d\u2019un contrat \u00e9crit et soumis \u00e0 des obligations de confidentialit\u00e9 et de s\u00e9curit\u00e9.<\/p>\n\n\n\n<p>Donn\u00e9es d\u00e9personnalis\u00e9es\/agr\u00e9g\u00e9es&nbsp;: Renseignements personnels modifi\u00e9s de mani\u00e8re \u00e0 emp\u00eacher l\u2019identification directe d\u2019individus, mais o\u00f9 il subsiste un risque de r\u00e9identification.<\/p>\n\n\n\n<p>Donn\u00e9es anonymis\u00e9es&nbsp;: Renseignements modifi\u00e9s de mani\u00e8re irr\u00e9versible \u00e0 l\u2019aide de mesures techniques et organisationnelles appropri\u00e9es, de mani\u00e8re qu\u2019aucun individu ne puisse \u00eatre identifi\u00e9 directement ou indirectement et qu\u2019une r\u00e9identification ne soit pas raisonnablement possible.<\/p>\n\n\n\n<p>Accord de partage d\u2019informations&nbsp;: Accord \u00e9crit d\u00e9finissant les r\u00f4les, les fins, les garanties et les r\u00e8gles de conservation qui s\u2019appliquent lorsque l\u2019IFPD re\u00e7oit des donn\u00e9es provenant de partenaires ou de clients ou y acc\u00e8de.<\/p>\n\n\n\n<p>Consultant\/personnel embauch\u00e9&nbsp;: Individus engag\u00e9s par l\u2019IFPD (employ\u00e9s ou sous-traitants) qui sont tenus de respecter les r\u00e8gles de confidentialit\u00e9 et la pr\u00e9sente politique.<\/p>\n\n\n\n<div style=\"height:50px\" aria-hidden=\"true\" class=\"wp-block-spacer\"><\/div>\n<\/section>\n\n\n\n<section class=\"wp-block-group has-global-padding is-layout-constrained wp-block-group-is-layout-constrained\">\n<h2 class=\"wp-block-heading\"><strong>3. Responsabilit\u00e9<\/strong><\/h2>\n\n\n\n<p>L\u2019IFPD est responsable des renseignements personnels dont il a la garde ou le contr\u00f4le, y compris lorsqu\u2019ils sont trait\u00e9s en notre nom par des prestataires de services.<\/p>\n\n\n\n<p>Dirigeant de la protection de la vie priv\u00e9e&nbsp;: Sahir Khan, vice-pr\u00e9sident ex\u00e9cutif<br>Courriel&nbsp;: <a href=\"mailto:sahir.khan@ifsd.ca\">sahir.khan@ifsd.ca<\/a><br>T\u00e9l\u00e9phone&nbsp;: 613-724-7503<\/p>\n\n\n\n<p>Nous appliquons un cadre de gestion de la protection de la vie priv\u00e9e qui comprend des politiques, des accords de partage d\u2019informations, des garanties contractuelles, des mesures de formation et une surveillance des prestataires de services. Nous demeurons responsables des renseignements personnels communiqu\u00e9s pour traitement \u00e0 des tiers.<\/p>\n\n\n\n<div style=\"height:50px\" aria-hidden=\"true\" class=\"wp-block-spacer\"><\/div>\n<\/section>\n\n\n\n<section class=\"wp-block-group has-global-padding is-layout-constrained wp-block-group-is-layout-constrained\">\n<h2 class=\"wp-block-heading\"><strong>4. D\u00e9termination des fins<\/strong><\/h2>\n\n\n\n<p>Nous d\u00e9terminons et documentons les fins au moment de la collecte ou de la r\u00e9ception des informations personnelles, ou avant. Voici quelques exemples de fins typiques&nbsp;:<\/p>\n\n\n\n<ul class=\"wp-block-list\">\n<li>Effectuer des recherches, des mod\u00e9lisations et des analyses.<\/li>\n\n\n\n<li>Fournir des services de conseil et de consultance.<\/li>\n\n\n\n<li>G\u00e9rer les relations avec les clients, les partenaires et les experts.<\/li>\n\n\n\n<li>Assurer la s\u00e9curit\u00e9 et l\u2019int\u00e9grit\u00e9 de nos syst\u00e8mes et de nos ensembles de donn\u00e9es (par exemple surveillance des connexions, des fraudes ou des abus).<\/li>\n\n\n\n<li>Respecter les obligations juridiques, r\u00e9glementaires, contractuelles et d\u2019audit, y compris celles pr\u00e9vues aux accords de partage d\u2019informations.<\/li>\n<\/ul>\n\n\n\n<div style=\"height:34px\" aria-hidden=\"true\" class=\"wp-block-spacer\"><\/div>\n<\/section>\n\n\n\n<section class=\"wp-block-group has-global-padding is-layout-constrained wp-block-group-is-layout-constrained\">\n<h2 class=\"wp-block-heading\"><strong>5. Consentement<\/strong><\/h2>\n\n\n\n<p>Lorsque l\u2019IFPD recueille des renseignements personnels directement aupr\u00e8s d\u2019individus, nous obtenons leur consentement \u00e9clair\u00e9 (explicite ou implicite, selon le contexte, le caract\u00e8re sensible des donn\u00e9es et les attentes). Les individus sont inform\u00e9s des renseignements que nous recueillons, des fins auxquelles ils sont utilis\u00e9s, des parties avec lesquelles ils peuvent \u00eatre partag\u00e9s et de tout risque significatif qui n\u2019est pas \u00e9vident.<\/p>\n\n\n\n<p>Les individus peuvent retirer leur consentement \u00e0 tout moment, sous r\u00e9serve des restrictions l\u00e9gales ou contractuelles applicables et d\u2019un pr\u00e9avis raisonnable. Nous expliquons toutes les cons\u00e9quences d\u2019un tel retrait, comme une limitation de notre capacit\u00e9 \u00e0 fournir certains services.<\/p>\n\n\n\n<p>Nous nous conformons \u00e0 la <em>Loi canadienne anti-pourriel<\/em> (LCAP). Nous envoyons des messages \u00e9lectroniques commerciaux uniquement lorsqu\u2019il y a consentement du destinataire, lorsqu\u2019il y a consentement tacite ou lorsqu\u2019une autre exception de la LCAP le permet. Chaque message nous identifie et comporte une option d\u2019exclusion facile et gratuite.<\/p>\n\n\n\n<div style=\"height:50px\" aria-hidden=\"true\" class=\"wp-block-spacer\"><\/div>\n<\/section>\n\n\n\n<section class=\"wp-block-group has-global-padding is-layout-constrained wp-block-group-is-layout-constrained\">\n<h2 class=\"wp-block-heading\"><strong>6. Limitation de la collecte<\/strong><\/h2>\n\n\n\n<p>L\u2019IFPD limite la collecte et l\u2019utilisation des renseignements personnels nominatifs \u00e0 ce qui est n\u00e9cessaire et proportionn\u00e9 aux fins d\u00e9termin\u00e9es.<\/p>\n\n\n\n<p>Notre approche par d\u00e9faut consiste \u00e0 demander des ensembles de donn\u00e9es agr\u00e9g\u00e9es, d\u00e9personnalis\u00e9es ou anonymis\u00e9es, et \u00e0 \u00e9viter les identifiants sensibles \u00e0 moins que cela ne soit clairement n\u00e9cessaire et justifi\u00e9 pour le mandat de recherche ou de consultance.<\/p>\n\n\n\n<p>Lorsque des organisations nous communiquent des donn\u00e9es en vertu d\u2019un accord de partage d\u2019informations, ces organisations ont la responsabilit\u00e9 d\u2019assurer un fondement juridique \u00e0 la divulgation (par exemple caviardage, fondement l\u00e9gislatif applicable ou consentement). Nous nous appuyons sur ce fondement et appliquons des mesures de contr\u00f4le conformes \u00e0 la LPRPDE et \u00e0 l\u2019accord pertinent.<\/p>\n\n\n\n<div style=\"height:50px\" aria-hidden=\"true\" class=\"wp-block-spacer\"><\/div>\n<\/section>\n\n\n\n<section class=\"wp-block-group has-global-padding is-layout-constrained wp-block-group-is-layout-constrained\">\n<h2 class=\"wp-block-heading\"><strong>7. Limitation de l\u2019utilisation, de la divulgation et de la conservation<\/strong><\/h2>\n\n\n\n<p>Nous n\u2019utilisons et divulguons les renseignements personnels qu\u2019aux fins d\u00e9termin\u00e9es lors de leur collecte, selon ce que la loi permet ou exige, ou comme indiqu\u00e9 dans les contrats ou les accords de partage d\u2019informations applicables.<\/p>\n\n\n\n<p>Nous alignons la conservation des renseignements sur les conditions de l\u2019accord de partage d\u2019informations ou les p\u00e9riodes d\u2019engagement applicables, et sur les fins pour lesquelles les donn\u00e9es ont \u00e9t\u00e9 fournies. \u00c0 d\u00e9faut de p\u00e9riode sp\u00e9cifique, nous conservons g\u00e9n\u00e9ralement les donn\u00e9es de recherche pendant une dur\u00e9e maximale de cinq (5) ans \u00e0 des fins de reddition de comptes et d\u2019assurance de la qualit\u00e9, sauf si une p\u00e9riode plus courte s\u2019impose. \u00c0 l\u2019issue de la p\u00e9riode de conservation ou \u00e0 la r\u00e9siliation d\u2019un accord, les renseignements personnels sont d\u00e9truits de mani\u00e8re s\u00e9curis\u00e9e et, le cas \u00e9ch\u00e9ant, nous conservons les registres ou les certificats de destruction.<\/p>\n\n\n\n<p>Nous ne r\u00e9utilisons pas les renseignements personnels \u00e0 des fins nouvelles et incompatibles sans justification l\u00e9gale et, le cas \u00e9ch\u00e9ant, sans mise \u00e0 jour du consentement ou des conditions contractuelles.<\/p>\n\n\n\n<div style=\"height:50px\" aria-hidden=\"true\" class=\"wp-block-spacer\"><\/div>\n<\/section>\n\n\n\n<section class=\"wp-block-group has-global-padding is-layout-constrained wp-block-group-is-layout-constrained\">\n<h2 class=\"wp-block-heading\"><strong>8. Exactitude<\/strong><\/h2>\n\n\n\n<p>Nous prenons des mesures raisonnables pour assurer l\u2019exactitude, l\u2019exhaustivit\u00e9 et l\u2019actualit\u00e9 des renseignements personnels que nous utilisons pour notre travail ou qui peuvent avoir un impact sur des individus. Dans le cas des ensembles de donn\u00e9es fournis par des clients ou des partenaires, nous consid\u00e9rons g\u00e9n\u00e9ralement qu\u2019ils repr\u00e9sentent le syst\u00e8me de r\u00e9f\u00e9rence et, si n\u00e9cessaire, nous signalons les inexactitudes importantes au fournisseur de donn\u00e9es.<\/p>\n\n\n\n<div style=\"height:50px\" aria-hidden=\"true\" class=\"wp-block-spacer\"><\/div>\n<\/section>\n\n\n\n<section class=\"wp-block-group has-global-padding is-layout-constrained wp-block-group-is-layout-constrained\">\n<h2 class=\"wp-block-heading\"><strong>9. Garanties<\/strong><\/h2>\n\n\n\n<p>Nous prot\u00e9geons les renseignements personnels \u00e0 l\u2019aide de garanties administratives, techniques et physiques adapt\u00e9es au caract\u00e8re sensible, au volume et au contexte des donn\u00e9es.<\/p>\n\n\n\n<p>Nos garanties administratives comprennent des engagements de confidentialit\u00e9, une d\u00e9finition claire des r\u00f4les et des responsabilit\u00e9s, une formation en protection de la vie priv\u00e9e et en s\u00e9curit\u00e9, des mesures de diligence raisonnable et des garanties contractuelles pour les prestataires de services, ainsi que de bonnes pratiques de gouvernance en vertu des accords de partage d\u2019informations.<\/p>\n\n\n\n<p>Nos garanties techniques comprennent un contr\u00f4le d\u2019acc\u00e8s bas\u00e9 sur les r\u00f4les et le principe du moindre privil\u00e8ge, une authentification forte (authentification multifactorielle), le chiffrement en transit et au repos, des configurations s\u00e9curis\u00e9es, des outils de connexion et de surveillance, la gestion des vuln\u00e9rabilit\u00e9s et la pr\u00e9vention des pertes de donn\u00e9es, quand il y a lieu.<\/p>\n\n\n\n<p>Nos garanties physiques comprennent un contr\u00f4le d\u2019acc\u00e8s aux bureaux, le stockage s\u00e9curis\u00e9, des pratiques de bureau propre et une \u00e9limination s\u00e9curis\u00e9e des supports.<\/p>\n\n\n\n<p>Nous appliquons des proc\u00e9dures d\u2019intervention en cas d\u2019incident et, quand la LPRPDE l\u2019exige, nous \u00e9valuons, enregistrons, signalons et d\u00e9clarons les violations des mesures de s\u00e9curit\u00e9 qui pr\u00e9sentent un risque r\u00e9el de pr\u00e9judice grave.<\/p>\n\n\n\n<div style=\"height:50px\" aria-hidden=\"true\" class=\"wp-block-spacer\"><\/div>\n<\/section>\n\n\n\n<section class=\"wp-block-group has-global-padding is-layout-constrained wp-block-group-is-layout-constrained\">\n<h2 class=\"wp-block-heading\"><strong>10. Transparence<\/strong><\/h2>\n\n\n\n<p>Nous nous engageons \u00e0 fournir des informations claires et accessibles sur nos pratiques de protection de la vie priv\u00e9e. La pr\u00e9sente politique de protection de la vie priv\u00e9e constitue notre principal \u00e9nonc\u00e9 de confidentialit\u00e9. Dans certains projets particuliers, elle peut \u00eatre augment\u00e9e d\u2019\u00e9nonc\u00e9s suppl\u00e9mentaires propres \u00e0 certaines fins ou des conditions d\u2019un accord de partage d\u2019informations. Sur demande, nous communiquerons plus de d\u00e9tails sur nos pratiques de gestion de la protection de la vie priv\u00e9e, sous r\u00e9serve des contraintes de s\u00e9curit\u00e9 et de confidentialit\u00e9.<\/p>\n\n\n\n<div style=\"height:50px\" aria-hidden=\"true\" class=\"wp-block-spacer\"><\/div>\n<\/section>\n\n\n\n<section class=\"wp-block-group has-global-padding is-layout-constrained wp-block-group-is-layout-constrained\">\n<h2 class=\"wp-block-heading\"><strong>11. Acc\u00e8s et correction<\/strong><\/h2>\n\n\n\n<p>Un individu a le droit de demander l\u2019acc\u00e8s aux renseignements personnels le concernant qui sont d\u00e9tenus par l\u2019IFPD et de demander des corrections lorsqu\u2019il estime que ces renseignements sont inexacts ou incomplets, sous r\u00e9serve des exceptions pr\u00e9vues \u00e0 la LPRPDE. Nous pourrions devoir v\u00e9rifier l\u2019identit\u00e9 du demandeur avant de r\u00e9pondre, et nous r\u00e9pondrons dans les d\u00e9lais pr\u00e9vus par la loi, en expliquant tout refus et les options de recours disponibles.<\/p>\n\n\n\n<div style=\"height:50px\" aria-hidden=\"true\" class=\"wp-block-spacer\"><\/div>\n<\/section>\n\n\n\n<section class=\"wp-block-group has-global-padding is-layout-constrained wp-block-group-is-layout-constrained\">\n<h2 class=\"wp-block-heading\"><strong>12. Contestation de la conformit\u00e9<\/strong><\/h2>\n\n\n\n<p>Les questions, pr\u00e9occupations ou plaintes relatives \u00e0 la pr\u00e9sente politique de protection de la vie priv\u00e9e ou \u00e0 nos pratiques peuvent \u00eatre adress\u00e9es \u00e0 notre dirigeant de la protection de la vie priv\u00e9e. Nous en accuserons r\u00e9ception, puis nous ferons enqu\u00eate et nous r\u00e9pondrons dans un d\u00e9lai raisonnable, et nous prendrons au besoin les correctifs qui s\u2019imposent. Si vous n\u2019\u00eates pas satisfait, vous pouvez communiquer avec le Commissariat \u00e0 la protection de la vie priv\u00e9e du Canada.<\/p>\n\n\n\n<div style=\"height:50px\" aria-hidden=\"true\" class=\"wp-block-spacer\"><\/div>\n<\/section>\n\n\n\n<section class=\"wp-block-group has-global-padding is-layout-constrained wp-block-group-is-layout-constrained\">\n<h2 class=\"wp-block-heading\"><strong>13. Transferts internationaux et transfrontaliers<\/strong><\/h2>\n\n\n\n<p>Les serveurs et les serveurs de sauvegarde de l\u2019IFPD sont situ\u00e9s au Canada. Advenant que l\u2019IFPD fasse appel \u00e0 des prestataires de services ou \u00e0 une infrastructure infonuagique situ\u00e9s \u00e0 l\u2019ext\u00e9rieur du Canada, elle demeure responsable de ces informations et applique les mesures contractuelles, techniques et organisationnelles n\u00e9cessaires pour les prot\u00e9ger, conform\u00e9ment au principe de responsabilit\u00e9 \u00e9nonc\u00e9 dans la LPRPDE.<\/p>\n\n\n\n<div style=\"height:50px\" aria-hidden=\"true\" class=\"wp-block-spacer\"><\/div>\n<\/section>\n\n\n\n<section class=\"wp-block-group has-global-padding is-layout-constrained wp-block-group-is-layout-constrained\">\n<h2 class=\"wp-block-heading\"><strong>14. T\u00e9moins, analytique et suivi en ligne<\/strong><\/h2>\n\n\n\n<p>Nos sites Web peuvent utiliser les cookies essentiels requis pour leur s\u00e9curit\u00e9 et leur fonctionnalit\u00e9 et, avec consentement lorsqu\u2019il y a lieu, peuvent utiliser des t\u00e9moins analytiques ou des technologies similaires pour comprendre l\u2019utilisation du site et am\u00e9liorer nos services. Les individus peuvent g\u00e9rer les param\u00e8tres des t\u00e9moins au moyen de leur navigateur et, quand c\u2019est possible, \u00e0 l\u2019aide de nos outils de pr\u00e9f\u00e9rences en mati\u00e8re de t\u00e9moins. Nous ne proc\u00e9dons \u00e0 aucun profilage invasif ni \u00e0 aucune publicit\u00e9 microcibl\u00e9e qui contreviendrait \u00e0 la LPRPDE.<\/p>\n\n\n\n<div style=\"height:50px\" aria-hidden=\"true\" class=\"wp-block-spacer\"><\/div>\n<\/section>\n\n\n\n<section class=\"wp-block-group has-global-padding is-layout-constrained wp-block-group-is-layout-constrained\">\n<h2 class=\"wp-block-heading\"><strong>15. Individus vuln\u00e9rables et communaut\u00e9s autochtones<\/strong><\/h2>\n\n\n\n<p>Nos services s\u2019adressent \u00e0 un public institutionnel et professionnel. Quand nous travaillons avec des ensembles de donn\u00e9es contenant des renseignements sensibles sur des communaut\u00e9s autochtones (Premi\u00e8res Nations, Inuits et M\u00e9tis), nous utilisons des mesures de protection renforc\u00e9es (p. ex. les principes de PCPS\u00ae), nous respectons les exigences \u00e9nonc\u00e9es dans les accords de partage d\u2019informations applicables, et nous appliquons nos proc\u00e9dures op\u00e9rationnelles habituelles.<\/p>\n\n\n\n<div style=\"height:50px\" aria-hidden=\"true\" class=\"wp-block-spacer\"><\/div>\n<\/section>\n\n\n\n<section class=\"wp-block-group has-global-padding is-layout-constrained wp-block-group-is-layout-constrained\">\n<h2 class=\"wp-block-heading\"><strong>16. Comment communiquer avec nous<\/strong><\/h2>\n\n\n\n<p>Pour toute question, demande d\u2019acc\u00e8s ou plainte, veuillez contacter&nbsp;:<\/p>\n\n\n\n<div class=\"wp-block-group has-global-padding is-layout-constrained wp-container-core-group-is-layout-f7c44d13 wp-block-group-is-layout-constrained\" style=\"padding-top:var(--wp--preset--spacing--16);padding-left:var(--wp--preset--spacing--48-flex)\">\n<p>Sahir Khan, vice-pr\u00e9sident ex\u00e9cutif<br>Institut des finances publiques et de la d\u00e9mocratie \/ IFPD Advisors Ltd.<br>115, S\u00e9raphin-Marion, bureau 202<br>Ottawa (Ontario) Canada K1N 6N5<br>Courriel&nbsp;: <a href=\"mailto:sahir.khan@ifsd.ca\">sahir.khan@ifsd.ca<\/a><br>T\u00e9l\u00e9phone&nbsp;: 613-724-7503<\/p>\n<\/div>\n\n\n\n<p>Sur demande, nous r\u00e9pondrons aux besoins d\u2019accessibilit\u00e9 associ\u00e9s aux demandes de renseignements ou aux plaintes concernant la protection de la vie priv\u00e9e.<\/p>\n\n\n\n<div style=\"height:50px\" aria-hidden=\"true\" class=\"wp-block-spacer\"><\/div>\n<\/section>\n\n\n\n<section class=\"wp-block-group has-global-padding is-layout-constrained wp-block-group-is-layout-constrained\">\n<h2 class=\"wp-block-heading\"><strong>17. Modifications \u00e0 cette politique<\/strong><\/h2>\n\n\n\n<p>Nous pouvons mettre \u00e0 jour occasionnellement la pr\u00e9sente politique de protection de la vie priv\u00e9e afin de refl\u00e9ter les changements apport\u00e9s \u00e0 nos pratiques ou aux exigences l\u00e9gales. La date d\u2019entr\u00e9e en vigueur figurant au haut de la page indique la version la plus r\u00e9cente. En cas de modifications importantes, nous vous en informerons de mani\u00e8re plus manifeste et, si n\u00e9cessaire, nous vous demanderons de renouveler votre consentement.<\/p>\n\n\n\n<div style=\"height:50px\" aria-hidden=\"true\" class=\"wp-block-spacer\"><\/div>\n<\/section>\n\n\n\n<div style=\"height:100px\" aria-hidden=\"true\" class=\"wp-block-spacer\"><\/div>\n<\/article>\n","protected":false},"excerpt":{"rendered":"<p>Politique de protection de la vie priv\u00e9e Date d\u2019entr\u00e9e en vigueur : 5 janvier 2026 1. Mandat de l\u2019IFPD et port\u00e9e de la politique L\u2019Institut des finances publiques et de la d\u00e9mocratie et IFSD Advisors Ltd. (collectivement \u00ab l\u2019IFPD \u00bb, \u00ab nous \u00bb, \u00ab notre \u00bb, \u00ab nos \u00bb) fournissent des services de recherche, de<\/p>\n","protected":false},"author":1,"featured_media":0,"parent":0,"menu_order":10000,"comment_status":"closed","ping_status":"open","template":"","meta":{"_acf_changed":false,"footnotes":""},"class_list":["post-4347","page","type-page","status-publish","hentry"],"acf":[],"_links":{"self":[{"href":"https:\/\/ifsd.ca\/fr\/wp-json\/wp\/v2\/pages\/4347","targetHints":{"allow":["GET"]}}],"collection":[{"href":"https:\/\/ifsd.ca\/fr\/wp-json\/wp\/v2\/pages"}],"about":[{"href":"https:\/\/ifsd.ca\/fr\/wp-json\/wp\/v2\/types\/page"}],"author":[{"embeddable":true,"href":"https:\/\/ifsd.ca\/fr\/wp-json\/wp\/v2\/users\/1"}],"replies":[{"embeddable":true,"href":"https:\/\/ifsd.ca\/fr\/wp-json\/wp\/v2\/comments?post=4347"}],"version-history":[{"count":5,"href":"https:\/\/ifsd.ca\/fr\/wp-json\/wp\/v2\/pages\/4347\/revisions"}],"predecessor-version":[{"id":4360,"href":"https:\/\/ifsd.ca\/fr\/wp-json\/wp\/v2\/pages\/4347\/revisions\/4360"}],"wp:attachment":[{"href":"https:\/\/ifsd.ca\/fr\/wp-json\/wp\/v2\/media?parent=4347"}],"curies":[{"name":"wp","href":"https:\/\/api.w.org\/{rel}","templated":true}]}}